{"id":9451,"date":"2025-08-20T12:15:31","date_gmt":"2025-08-20T10:15:31","guid":{"rendered":"https:\/\/itx.no\/?page_id=9451"},"modified":"2025-08-20T12:17:17","modified_gmt":"2025-08-20T10:17:17","slug":"id-messaging","status":"publish","type":"page","link":"https:\/\/itx.no\/en\/id-messaging\/","title":{"rendered":"ID-Messaging"},"content":{"rendered":"\t\t<div data-elementor-type=\"wp-page\" data-elementor-id=\"9451\" class=\"elementor elementor-9451\" data-elementor-post-type=\"page\">\n\t\t\t\t\t\t<section class=\"elementor-section elementor-top-section elementor-element elementor-element-370416d3 elementor-section-stretched elementor-hidden-phone elementor-section-boxed elementor-section-height-default elementor-section-height-default\" data-id=\"370416d3\" data-element_type=\"section\" data-e-type=\"section\" data-settings=\"{&quot;stretch_section&quot;:&quot;section-stretched&quot;,&quot;background_background&quot;:&quot;classic&quot;}\">\n\t\t\t\t\t\t<div class=\"elementor-container elementor-column-gap-default\">\n\t\t\t\t\t<div class=\"elementor-column elementor-col-33 elementor-top-column elementor-element elementor-element-74028f75\" data-id=\"74028f75\" data-element_type=\"column\" data-e-type=\"column\">\n\t\t\t<div class=\"elementor-widget-wrap\">\n\t\t\t\t\t\t\t<\/div>\n\t\t<\/div>\n\t\t\t\t<div class=\"elementor-column elementor-col-66 elementor-top-column elementor-element elementor-element-47d8bb53\" data-id=\"47d8bb53\" data-element_type=\"column\" data-e-type=\"column\">\n\t\t\t<div class=\"elementor-widget-wrap elementor-element-populated\">\n\t\t\t\t\t\t<div class=\"elementor-element elementor-element-5a56b109 elementor-hidden-phone elementor-widget__width-initial elementor-widget elementor-widget-heading\" data-id=\"5a56b109\" data-element_type=\"widget\" data-e-type=\"widget\" data-widget_type=\"heading.default\">\n\t\t\t\t<div class=\"elementor-widget-container\">\n\t\t\t\t\t<h1 class=\"elementor-heading-title elementor-size-xl\">ID-Messaging<\/h1>\t\t\t\t<\/div>\n\t\t\t\t<\/div>\n\t\t\t\t\t<\/div>\n\t\t<\/div>\n\t\t\t\t\t<\/div>\n\t\t<\/section>\n\t\t\t\t<section class=\"elementor-section elementor-top-section elementor-element elementor-element-63ddf9e6 elementor-section-stretched elementor-section-boxed elementor-section-height-default elementor-section-height-default\" data-id=\"63ddf9e6\" data-element_type=\"section\" data-e-type=\"section\" data-settings=\"{&quot;stretch_section&quot;:&quot;section-stretched&quot;,&quot;background_background&quot;:&quot;classic&quot;}\">\n\t\t\t\t\t\t<div class=\"elementor-container elementor-column-gap-default\">\n\t\t\t\t\t<div class=\"elementor-column elementor-col-33 elementor-top-column elementor-element elementor-element-2fbc2379\" data-id=\"2fbc2379\" data-element_type=\"column\" data-e-type=\"column\">\n\t\t\t<div class=\"elementor-widget-wrap elementor-element-populated\">\n\t\t\t\t\t\t<div class=\"elementor-element elementor-element-36dd8139 elementor-nav-menu--dropdown-mobile elementor-nav-menu__text-align-aside elementor-nav-menu--toggle elementor-nav-menu--burger elementor-widget elementor-widget-nav-menu\" data-id=\"36dd8139\" data-element_type=\"widget\" data-e-type=\"widget\" data-settings=\"{&quot;layout&quot;:&quot;vertical&quot;,&quot;submenu_icon&quot;:{&quot;value&quot;:&quot;&lt;i class=\\&quot;fas fa-caret-down\\&quot; aria-hidden=\\&quot;true\\&quot;&gt;&lt;\\\/i&gt;&quot;,&quot;library&quot;:&quot;fa-solid&quot;},&quot;toggle&quot;:&quot;burger&quot;}\" data-widget_type=\"nav-menu.default\">\n\t\t\t\t<div class=\"elementor-widget-container\">\n\t\t\t\t\t\t\t\t<nav aria-label=\"Meny\" class=\"elementor-nav-menu--main elementor-nav-menu__container elementor-nav-menu--layout-vertical e--pointer-background e--animation-fade\">\n\t\t\t\t<ul id=\"menu-1-36dd8139\" class=\"elementor-nav-menu sm-vertical\"><li class=\"menu-item menu-item-type-post_type menu-item-object-page menu-item-1889\"><a href=\"https:\/\/itx.no\/en\/integrations\/\" class=\"elementor-item\">Integrations<\/a><\/li>\n<li class=\"menu-item menu-item-type-post_type menu-item-object-page menu-item-920\"><a href=\"https:\/\/itx.no\/en\/ticketing\/\" class=\"elementor-item\">Ticketing<\/a><\/li>\n<li class=\"menu-item menu-item-type-post_type menu-item-object-page menu-item-925\"><a href=\"https:\/\/itx.no\/en\/dialer\/\" class=\"elementor-item\">Dialer<\/a><\/li>\n<li class=\"menu-item menu-item-type-post_type menu-item-object-page menu-item-921\"><a href=\"https:\/\/itx.no\/en\/screen-sharing\/\" class=\"elementor-item\">Screen sharing<\/a><\/li>\n<li class=\"menu-item menu-item-type-post_type menu-item-object-page menu-item-927\"><a href=\"https:\/\/itx.no\/en\/additional-modules\/\" class=\"elementor-item\">Additional modules<\/a><\/li>\n<li class=\"menu-item menu-item-type-post_type menu-item-object-page menu-item-923\"><a href=\"https:\/\/itx.no\/en\/integrations\/\" class=\"elementor-item\">Integrations<\/a><\/li>\n<\/ul>\t\t\t<\/nav>\n\t\t\t\t\t<div class=\"elementor-menu-toggle\" role=\"button\" tabindex=\"0\" aria-label=\"Menu Toggle\" aria-expanded=\"false\">\n\t\t\t<i aria-hidden=\"true\" role=\"presentation\" class=\"elementor-menu-toggle__icon--open eicon-menu-bar\"><\/i><i aria-hidden=\"true\" role=\"presentation\" class=\"elementor-menu-toggle__icon--close eicon-close\"><\/i>\t\t<\/div>\n\t\t\t\t\t<nav class=\"elementor-nav-menu--dropdown elementor-nav-menu__container\" aria-hidden=\"true\">\n\t\t\t\t<ul id=\"menu-2-36dd8139\" class=\"elementor-nav-menu sm-vertical\"><li class=\"menu-item menu-item-type-post_type menu-item-object-page menu-item-1889\"><a href=\"https:\/\/itx.no\/en\/integrations\/\" class=\"elementor-item\" tabindex=\"-1\">Integrations<\/a><\/li>\n<li class=\"menu-item menu-item-type-post_type menu-item-object-page menu-item-920\"><a href=\"https:\/\/itx.no\/en\/ticketing\/\" class=\"elementor-item\" tabindex=\"-1\">Ticketing<\/a><\/li>\n<li class=\"menu-item menu-item-type-post_type menu-item-object-page menu-item-925\"><a href=\"https:\/\/itx.no\/en\/dialer\/\" class=\"elementor-item\" tabindex=\"-1\">Dialer<\/a><\/li>\n<li class=\"menu-item menu-item-type-post_type menu-item-object-page menu-item-921\"><a href=\"https:\/\/itx.no\/en\/screen-sharing\/\" class=\"elementor-item\" tabindex=\"-1\">Screen sharing<\/a><\/li>\n<li class=\"menu-item menu-item-type-post_type menu-item-object-page menu-item-927\"><a href=\"https:\/\/itx.no\/en\/additional-modules\/\" class=\"elementor-item\" tabindex=\"-1\">Additional modules<\/a><\/li>\n<li class=\"menu-item menu-item-type-post_type menu-item-object-page menu-item-923\"><a href=\"https:\/\/itx.no\/en\/integrations\/\" class=\"elementor-item\" tabindex=\"-1\">Integrations<\/a><\/li>\n<\/ul>\t\t\t<\/nav>\n\t\t\t\t\t\t<\/div>\n\t\t\t\t<\/div>\n\t\t\t\t\t<\/div>\n\t\t<\/div>\n\t\t\t\t<div class=\"elementor-column elementor-col-66 elementor-top-column elementor-element elementor-element-1170f248\" data-id=\"1170f248\" data-element_type=\"column\" data-e-type=\"column\">\n\t\t\t<div class=\"elementor-widget-wrap elementor-element-populated\">\n\t\t\t\t\t\t<div class=\"elementor-element elementor-element-7f11953b elementor-hidden-desktop elementor-hidden-tablet elementor-widget elementor-widget-heading\" data-id=\"7f11953b\" data-element_type=\"widget\" data-e-type=\"widget\" data-widget_type=\"heading.default\">\n\t\t\t\t<div class=\"elementor-widget-container\">\n\t\t\t\t\t<h3 class=\"elementor-heading-title elementor-size-default\">ID-Messaging<\/h3>\t\t\t\t<\/div>\n\t\t\t\t<\/div>\n\t\t\t\t<div class=\"elementor-element elementor-element-19050239 elementor-widget elementor-widget-text-editor\" data-id=\"19050239\" data-element_type=\"widget\" data-e-type=\"widget\" data-widget_type=\"text-editor.default\">\n\t\t\t\t<div class=\"elementor-widget-container\">\n\t\t\t\t\t\t\t\t\t<p><span style=\"background-color: var( --e-global-color-nvsitebg ); color: var(--nv-text-color); font-family: Poppins, var(--nv-fallback-ff); letter-spacing: 0px;\">Med ID Messaging f\u00e5r du en meldingstjeneste og l\u00f8sning for saker bak innlogget <\/span><span style=\"background-color: var( --e-global-color-nvsitebg ); color: var(--nv-text-color); font-family: Poppins, var(--nv-fallback-ff); letter-spacing: 0px;\">kundeportal. Dette tilrettelegger for smidig selvbetjening for kunder, som enkelt kan se status i sine saker, skrive melding, eller chatte innlogget og identifisert.\u00a0<\/span><\/p><p>For den ansatte, betyr det at de kan h\u00e5ndtere sikre meldinger mot kundeportal i samme l\u00f8sning som de h\u00e5ndterer epost, chat, SMS, sosiale medeier og telefonsamtaler &#8211; alt p\u00e5 ett sted, enkelt og effektivt.<\/p><p>\u00a0<\/p>\t\t\t\t\t\t\t\t<\/div>\n\t\t\t\t<\/div>\n\t\t\t\t<div class=\"elementor-element elementor-element-a19b5b5 elementor-widget elementor-widget-heading\" data-id=\"a19b5b5\" data-element_type=\"widget\" data-e-type=\"widget\" data-widget_type=\"heading.default\">\n\t\t\t\t<div class=\"elementor-widget-container\">\n\t\t\t\t\t<h3 class=\"elementor-heading-title elementor-size-default\">Sikker dialog<\/h3>\t\t\t\t<\/div>\n\t\t\t\t<\/div>\n\t\t\t\t<div class=\"elementor-element elementor-element-60b097d elementor-widget elementor-widget-text-editor\" data-id=\"60b097d\" data-element_type=\"widget\" data-e-type=\"widget\" data-widget_type=\"text-editor.default\">\n\t\t\t\t<div class=\"elementor-widget-container\">\n\t\t\t\t\t\t\t\t\t<p>I tillegg til at l\u00f8sningen sikrer enkel selvbetjening for dine kunder, gj\u00f8r ogs\u00e5 l\u00f8sningen det sikrere \u00e5 kommunisere.\u00a0 L\u00f8sningen gj\u00f8r det enkelt \u00e5 sende sikre meldinger til kunde, ogs\u00e5 i tilfeller der du har f\u00e5tt en epost fra kunden, men har behov for \u00e5 sende en sikker melding tilbake som inneholder sensitiv informasjon.<\/p>\t\t\t\t\t\t\t\t<\/div>\n\t\t\t\t<\/div>\n\t\t\t\t<div class=\"elementor-element elementor-element-25368cb elementor-widget elementor-widget-image\" data-id=\"25368cb\" data-element_type=\"widget\" data-e-type=\"widget\" data-widget_type=\"image.default\">\n\t\t\t\t<div class=\"elementor-widget-container\">\n\t\t\t\t\t\t\t\t\t\t\t\t\t\t\t<img fetchpriority=\"high\" decoding=\"async\" width=\"950\" height=\"580\" src=\"https:\/\/itx.no\/wp-content\/uploads\/2024\/03\/Id-messaa.jpg\" class=\"attachment-large size-large wp-image-5930\" alt=\"\" srcset=\"https:\/\/itx.no\/wp-content\/uploads\/2024\/03\/Id-messaa.jpg 950w, https:\/\/itx.no\/wp-content\/uploads\/2024\/03\/Id-messaa-300x183.jpg 300w, https:\/\/itx.no\/wp-content\/uploads\/2024\/03\/Id-messaa-768x469.jpg 768w\" sizes=\"(max-width: 950px) 100vw, 950px\" \/>\t\t\t\t\t\t\t\t\t\t\t\t\t\t\t<\/div>\n\t\t\t\t<\/div>\n\t\t\t\t<div class=\"elementor-element elementor-element-cc5ddd6 elementor-widget elementor-widget-spacer\" data-id=\"cc5ddd6\" data-element_type=\"widget\" data-e-type=\"widget\" data-widget_type=\"spacer.default\">\n\t\t\t\t<div class=\"elementor-widget-container\">\n\t\t\t\t\t\t\t<div class=\"elementor-spacer\">\n\t\t\t<div class=\"elementor-spacer-inner\"><\/div>\n\t\t<\/div>\n\t\t\t\t\t\t<\/div>\n\t\t\t\t<\/div>\n\t\t\t\t<div class=\"elementor-element elementor-element-765befd elementor-widget elementor-widget-heading\" data-id=\"765befd\" data-element_type=\"widget\" data-e-type=\"widget\" data-widget_type=\"heading.default\">\n\t\t\t\t<div class=\"elementor-widget-container\">\n\t\t\t\t\t<h3 class=\"elementor-heading-title elementor-size-default\">Integrasjon - enkelt \u00e5 komme i gang<\/h3>\t\t\t\t<\/div>\n\t\t\t\t<\/div>\n\t\t\t\t<div class=\"elementor-element elementor-element-a18aef1 elementor-widget elementor-widget-text-editor\" data-id=\"a18aef1\" data-element_type=\"widget\" data-e-type=\"widget\" data-widget_type=\"text-editor.default\">\n\t\t\t\t<div class=\"elementor-widget-container\">\n\t\t\t\t\t\t\t\t\t<p>Dersom dere allerede tilbyr dine kunder en l\u00f8sning for &#8220;Min side&#8221; eller nettbutikk, kan du enkelt plugge inn l\u00f8sningen fra ITX, slik at man slipper \u00e5 logge inn flere steder.<\/p>\t\t\t\t\t\t\t\t<\/div>\n\t\t\t\t<\/div>\n\t\t\t\t<div class=\"elementor-element elementor-element-810b5db elementor-widget elementor-widget-spacer\" data-id=\"810b5db\" data-element_type=\"widget\" data-e-type=\"widget\" data-widget_type=\"spacer.default\">\n\t\t\t\t<div class=\"elementor-widget-container\">\n\t\t\t\t\t\t\t<div class=\"elementor-spacer\">\n\t\t\t<div class=\"elementor-spacer-inner\"><\/div>\n\t\t<\/div>\n\t\t\t\t\t\t<\/div>\n\t\t\t\t<\/div>\n\t\t\t\t<div class=\"elementor-element elementor-element-9811202 elementor-widget elementor-widget-heading\" data-id=\"9811202\" data-element_type=\"widget\" data-e-type=\"widget\" data-widget_type=\"heading.default\">\n\t\t\t\t<div class=\"elementor-widget-container\">\n\t\t\t\t\t<h3 class=\"elementor-heading-title elementor-size-default\">Selvbetjening, og sikker kommunikasjon\n hos Visma<\/h3>\t\t\t\t<\/div>\n\t\t\t\t<\/div>\n\t\t\t\t<div class=\"elementor-element elementor-element-6929c83 elementor-widget elementor-widget-text-editor\" data-id=\"6929c83\" data-element_type=\"widget\" data-e-type=\"widget\" data-widget_type=\"text-editor.default\">\n\t\t\t\t<div class=\"elementor-widget-container\">\n\t\t\t\t\t\t\t\t\t<p>For \u00e5 skape tryggere, bedre kunde- og sluttkundeopplevelser har Visma Amili integrert ITX ID-Messaging i sin nye portal for kunder og sluttkunder.<\/p><p><span style=\"font-weight: 400;\">Vi tok en prat med Product Manager i Visma Amili, <\/span><span style=\"font-weight: 400;\">Delaksikan Krishnasamymudali om lansering av produktet, og deres vurderinger i valg av l\u00f8sninger for sikker kommunnikasjon. Se hele intervjuet i videoen under.\u00a0<\/span><\/p>\t\t\t\t\t\t\t\t<\/div>\n\t\t\t\t<\/div>\n\t\t\t\t<div class=\"elementor-element elementor-element-b712bf6 elementor-widget elementor-widget-video\" data-id=\"b712bf6\" data-element_type=\"widget\" data-e-type=\"widget\" data-settings=\"{&quot;youtube_url&quot;:&quot;https:\\\/\\\/youtu.be\\\/iDRGssvgPak&quot;,&quot;video_type&quot;:&quot;youtube&quot;,&quot;controls&quot;:&quot;yes&quot;}\" data-widget_type=\"video.default\">\n\t\t\t\t<div class=\"elementor-widget-container\">\n\t\t\t\t\t\t\t<div class=\"elementor-wrapper elementor-open-inline\">\n\t\t\t<div class=\"elementor-video\"><\/div>\t\t<\/div>\n\t\t\t\t\t\t<\/div>\n\t\t\t\t<\/div>\n\t\t\t\t<div class=\"elementor-element elementor-element-20fb52c elementor-widget elementor-widget-spacer\" data-id=\"20fb52c\" data-element_type=\"widget\" data-e-type=\"widget\" data-widget_type=\"spacer.default\">\n\t\t\t\t<div class=\"elementor-widget-container\">\n\t\t\t\t\t\t\t<div class=\"elementor-spacer\">\n\t\t\t<div class=\"elementor-spacer-inner\"><\/div>\n\t\t<\/div>\n\t\t\t\t\t\t<\/div>\n\t\t\t\t<\/div>\n\t\t\t\t<div class=\"elementor-element elementor-element-f1fbcb3 elementor-widget elementor-widget-heading\" data-id=\"f1fbcb3\" data-element_type=\"widget\" data-e-type=\"widget\" data-widget_type=\"heading.default\">\n\t\t\t\t<div class=\"elementor-widget-container\">\n\t\t\t\t\t<h3 class=\"elementor-heading-title elementor-size-default\">Kontakt oss for demo<\/h3>\t\t\t\t<\/div>\n\t\t\t\t<\/div>\n\t\t\t\t<div class=\"elementor-element elementor-element-c601c20 elementor-widget elementor-widget-text-editor\" data-id=\"c601c20\" data-element_type=\"widget\" data-e-type=\"widget\" data-widget_type=\"text-editor.default\">\n\t\t\t\t<div class=\"elementor-widget-container\">\n\t\t\t\t\t\t\t\t\t<p>Dersom du \u00f8nsker \u00e5 vite mer om l\u00f8sningen, ta gjerne kontakt med oss.<\/p>\t\t\t\t\t\t\t\t<\/div>\n\t\t\t\t<\/div>\n\t\t\t\t<div class=\"elementor-element elementor-element-2fd3e4b7 elementor-widget elementor-widget-html\" data-id=\"2fd3e4b7\" data-element_type=\"widget\" data-e-type=\"widget\" data-widget_type=\"html.default\">\n\t\t\t\t<div class=\"elementor-widget-container\">\n\t\t\t\t\t<script id=\"itx-schema-plugin\" src=\"https:\/\/services.itxuc.com\/plugins\/schema-plugin.js?ccntrl=6\"><\/script>\n<div style=\"padding: 0em; width:350px; background-color: white; border-radius: 10px\">\n    <div class=\"schema\" data-type=\"itx-schema-container\" data-emsc-id=\"2\" data-corp-id=\"13\" data-hash=\"1e3fb39eea63f6d9d9bdcd3fe3bc9521\">\n    <\/div>\n<\/div>\t\t\t\t<\/div>\n\t\t\t\t<\/div>\n\t\t\t\t\t<\/div>\n\t\t<\/div>\n\t\t\t\t\t<\/div>\n\t\t<\/section>\n\t\t\t\t<\/div>\n\t\t","protected":false},"excerpt":{"rendered":"<p>ID-Messaging ID-Messaging Med ID Messaging f\u00e5r du en meldingstjeneste og l\u00f8sning for saker bak innlogget kundeportal. Dette tilrettelegger for smidig selvbetjening for kunder, som enkelt kan se status i sine saker, skrive melding, eller chatte innlogget og identifisert.\u00a0 For den ansatte, betyr det at de kan h\u00e5ndtere sikre meldinger mot kundeportal i samme l\u00f8sning som&hellip;&nbsp;<a href=\"https:\/\/itx.no\/en\/id-messaging\/\" rel=\"bookmark\">Read More &raquo;<span class=\"screen-reader-text\">ID-Messaging<\/span><\/a><\/p>\n","protected":false},"author":19,"featured_media":0,"parent":0,"menu_order":0,"comment_status":"closed","ping_status":"closed","template":"","meta":{"_eb_attr":"","_monsterinsights_skip_tracking":false,"_monsterinsights_sitenote_active":false,"_monsterinsights_sitenote_note":"","_monsterinsights_sitenote_category":0,"neve_meta_sidebar":"full-width","neve_meta_container":"","neve_meta_enable_content_width":"on","neve_meta_content_width":100,"neve_meta_title_alignment":"","neve_meta_author_avatar":"","neve_post_elements_order":"","neve_meta_disable_header":"","neve_meta_disable_footer":"","neve_meta_disable_title":"","footnotes":""},"class_list":["post-9451","page","type-page","status-publish","hentry"],"yoast_head":"<!-- This site is optimized with the Yoast SEO Premium plugin v27.4 (Yoast SEO v27.4) - https:\/\/yoast.com\/product\/yoast-seo-premium-wordpress\/ -->\n<title>ID-Messaging - ITX - Leverand\u00f8r av skybasert kontaktsenterl\u00f8sning<\/title>\n<meta name=\"robots\" content=\"noindex, nofollow\" \/>\n<meta property=\"og:locale\" content=\"en_US\" \/>\n<meta property=\"og:type\" content=\"article\" \/>\n<meta property=\"og:title\" content=\"ID-Messaging\" \/>\n<meta property=\"og:description\" content=\"ID-Messaging ID-Messaging Med ID Messaging f\u00e5r du en meldingstjeneste og l\u00f8sning for saker bak innlogget kundeportal. Dette tilrettelegger for smidig selvbetjening for kunder, som enkelt kan se status i sine saker, skrive melding, eller chatte innlogget og identifisert.\u00a0 For den ansatte, betyr det at de kan h\u00e5ndtere sikre meldinger mot kundeportal i samme l\u00f8sning som&hellip;&nbsp;Read More &raquo;ID-Messaging\" \/>\n<meta property=\"og:url\" content=\"https:\/\/itx.no\/id-messaging\/\" \/>\n<meta property=\"og:site_name\" content=\"ITX - Leverand\u00f8r av skybasert kontaktsenterl\u00f8sning\" \/>\n<meta property=\"article:publisher\" content=\"https:\/\/www.facebook.com\/itxnorge\" \/>\n<meta property=\"article:modified_time\" content=\"2025-08-20T10:17:17+00:00\" \/>\n<meta property=\"og:image\" content=\"https:\/\/itx.no\/wp-content\/uploads\/2024\/03\/1710756524697-1.jpeg\" \/>\n\t<meta property=\"og:image:width\" content=\"800\" \/>\n\t<meta property=\"og:image:height\" content=\"418\" \/>\n\t<meta property=\"og:image:type\" content=\"image\/jpeg\" \/>\n<meta name=\"twitter:card\" content=\"summary_large_image\" \/>\n<meta name=\"twitter:label1\" content=\"Est. reading time\" \/>\n\t<meta name=\"twitter:data1\" content=\"2 minutes\" \/>\n<script type=\"application\/ld+json\" class=\"yoast-schema-graph\">{\"@context\":\"https:\\\/\\\/schema.org\",\"@graph\":[{\"@type\":\"WebPage\",\"@id\":\"https:\\\/\\\/itx.no\\\/id-messaging\\\/\",\"url\":\"https:\\\/\\\/itx.no\\\/id-messaging\\\/\",\"name\":\"ID-Messaging - ITX - Leverand\u00f8r av skybasert kontaktsenterl\u00f8sning\",\"isPartOf\":{\"@id\":\"https:\\\/\\\/itx.no\\\/#website\"},\"primaryImageOfPage\":{\"@id\":\"https:\\\/\\\/itx.no\\\/id-messaging\\\/#primaryimage\"},\"image\":{\"@id\":\"https:\\\/\\\/itx.no\\\/id-messaging\\\/#primaryimage\"},\"thumbnailUrl\":\"https:\\\/\\\/itx.no\\\/wp-content\\\/uploads\\\/2024\\\/03\\\/Id-messaa.jpg\",\"datePublished\":\"2025-08-20T10:15:31+00:00\",\"dateModified\":\"2025-08-20T10:17:17+00:00\",\"breadcrumb\":{\"@id\":\"https:\\\/\\\/itx.no\\\/id-messaging\\\/#breadcrumb\"},\"inLanguage\":\"en-US\",\"potentialAction\":[{\"@type\":\"ReadAction\",\"target\":[\"https:\\\/\\\/itx.no\\\/id-messaging\\\/\"]}]},{\"@type\":\"ImageObject\",\"inLanguage\":\"en-US\",\"@id\":\"https:\\\/\\\/itx.no\\\/id-messaging\\\/#primaryimage\",\"url\":\"https:\\\/\\\/itx.no\\\/wp-content\\\/uploads\\\/2024\\\/03\\\/Id-messaa.jpg\",\"contentUrl\":\"https:\\\/\\\/itx.no\\\/wp-content\\\/uploads\\\/2024\\\/03\\\/Id-messaa.jpg\"},{\"@type\":\"BreadcrumbList\",\"@id\":\"https:\\\/\\\/itx.no\\\/id-messaging\\\/#breadcrumb\",\"itemListElement\":[{\"@type\":\"ListItem\",\"position\":1,\"name\":\"Hjem\",\"item\":\"https:\\\/\\\/itx.no\\\/\"},{\"@type\":\"ListItem\",\"position\":2,\"name\":\"ID-Messaging\"}]},{\"@type\":\"WebSite\",\"@id\":\"https:\\\/\\\/itx.no\\\/#website\",\"url\":\"https:\\\/\\\/itx.no\\\/\",\"name\":\"ITX - Leverand\u00f8r av skybasert kontaktsenterl\u00f8sning\",\"description\":\"Gj\u00f8r kommunikasjon enkelt\",\"publisher\":{\"@id\":\"https:\\\/\\\/itx.no\\\/#organization\"},\"potentialAction\":[{\"@type\":\"SearchAction\",\"target\":{\"@type\":\"EntryPoint\",\"urlTemplate\":\"https:\\\/\\\/itx.no\\\/?s={search_term_string}\"},\"query-input\":{\"@type\":\"PropertyValueSpecification\",\"valueRequired\":true,\"valueName\":\"search_term_string\"}}],\"inLanguage\":\"en-US\"},{\"@type\":\"Organization\",\"@id\":\"https:\\\/\\\/itx.no\\\/#organization\",\"name\":\"ITX - Leverand\u00f8r av skybasert kontaktsenterl\u00f8sning\",\"url\":\"https:\\\/\\\/itx.no\\\/\",\"logo\":{\"@type\":\"ImageObject\",\"inLanguage\":\"en-US\",\"@id\":\"https:\\\/\\\/itx.no\\\/#\\\/schema\\\/logo\\\/image\\\/\",\"url\":\"https:\\\/\\\/itx.no\\\/wp-content\\\/uploads\\\/2021\\\/04\\\/ITX_Positive_RGB_900_smal.png\",\"contentUrl\":\"https:\\\/\\\/itx.no\\\/wp-content\\\/uploads\\\/2021\\\/04\\\/ITX_Positive_RGB_900_smal.png\",\"width\":899,\"height\":362,\"caption\":\"ITX - Leverand\u00f8r av skybasert kontaktsenterl\u00f8sning\"},\"image\":{\"@id\":\"https:\\\/\\\/itx.no\\\/#\\\/schema\\\/logo\\\/image\\\/\"},\"sameAs\":[\"https:\\\/\\\/www.facebook.com\\\/itxnorge\",\"https:\\\/\\\/www.linkedin.com\\\/company\\\/itx-norge-as\\\/\"]}]}<\/script>\n<!-- \/ Yoast SEO Premium plugin. -->","yoast_head_json":{"title":"ID-Messaging - ITX - Leverand\u00f8r av skybasert kontaktsenterl\u00f8sning","robots":{"index":"noindex","follow":"nofollow"},"og_locale":"en_US","og_type":"article","og_title":"ID-Messaging","og_description":"ID-Messaging ID-Messaging Med ID Messaging f\u00e5r du en meldingstjeneste og l\u00f8sning for saker bak innlogget kundeportal. Dette tilrettelegger for smidig selvbetjening for kunder, som enkelt kan se status i sine saker, skrive melding, eller chatte innlogget og identifisert.\u00a0 For den ansatte, betyr det at de kan h\u00e5ndtere sikre meldinger mot kundeportal i samme l\u00f8sning som&hellip;&nbsp;Read More &raquo;ID-Messaging","og_url":"https:\/\/itx.no\/id-messaging\/","og_site_name":"ITX - Leverand\u00f8r av skybasert kontaktsenterl\u00f8sning","article_publisher":"https:\/\/www.facebook.com\/itxnorge","article_modified_time":"2025-08-20T10:17:17+00:00","og_image":[{"width":800,"height":418,"url":"https:\/\/itx.no\/wp-content\/uploads\/2024\/03\/1710756524697-1.jpeg","type":"image\/jpeg"}],"twitter_card":"summary_large_image","twitter_misc":{"Est. reading time":"2 minutes"},"schema":{"@context":"https:\/\/schema.org","@graph":[{"@type":"WebPage","@id":"https:\/\/itx.no\/id-messaging\/","url":"https:\/\/itx.no\/id-messaging\/","name":"ID-Messaging - ITX - Leverand\u00f8r av skybasert kontaktsenterl\u00f8sning","isPartOf":{"@id":"https:\/\/itx.no\/#website"},"primaryImageOfPage":{"@id":"https:\/\/itx.no\/id-messaging\/#primaryimage"},"image":{"@id":"https:\/\/itx.no\/id-messaging\/#primaryimage"},"thumbnailUrl":"https:\/\/itx.no\/wp-content\/uploads\/2024\/03\/Id-messaa.jpg","datePublished":"2025-08-20T10:15:31+00:00","dateModified":"2025-08-20T10:17:17+00:00","breadcrumb":{"@id":"https:\/\/itx.no\/id-messaging\/#breadcrumb"},"inLanguage":"en-US","potentialAction":[{"@type":"ReadAction","target":["https:\/\/itx.no\/id-messaging\/"]}]},{"@type":"ImageObject","inLanguage":"en-US","@id":"https:\/\/itx.no\/id-messaging\/#primaryimage","url":"https:\/\/itx.no\/wp-content\/uploads\/2024\/03\/Id-messaa.jpg","contentUrl":"https:\/\/itx.no\/wp-content\/uploads\/2024\/03\/Id-messaa.jpg"},{"@type":"BreadcrumbList","@id":"https:\/\/itx.no\/id-messaging\/#breadcrumb","itemListElement":[{"@type":"ListItem","position":1,"name":"Hjem","item":"https:\/\/itx.no\/"},{"@type":"ListItem","position":2,"name":"ID-Messaging"}]},{"@type":"WebSite","@id":"https:\/\/itx.no\/#website","url":"https:\/\/itx.no\/","name":"ITX - Leverand\u00f8r av skybasert kontaktsenterl\u00f8sning","description":"Gj\u00f8r kommunikasjon enkelt","publisher":{"@id":"https:\/\/itx.no\/#organization"},"potentialAction":[{"@type":"SearchAction","target":{"@type":"EntryPoint","urlTemplate":"https:\/\/itx.no\/?s={search_term_string}"},"query-input":{"@type":"PropertyValueSpecification","valueRequired":true,"valueName":"search_term_string"}}],"inLanguage":"en-US"},{"@type":"Organization","@id":"https:\/\/itx.no\/#organization","name":"ITX - Leverand\u00f8r av skybasert kontaktsenterl\u00f8sning","url":"https:\/\/itx.no\/","logo":{"@type":"ImageObject","inLanguage":"en-US","@id":"https:\/\/itx.no\/#\/schema\/logo\/image\/","url":"https:\/\/itx.no\/wp-content\/uploads\/2021\/04\/ITX_Positive_RGB_900_smal.png","contentUrl":"https:\/\/itx.no\/wp-content\/uploads\/2021\/04\/ITX_Positive_RGB_900_smal.png","width":899,"height":362,"caption":"ITX - Leverand\u00f8r av skybasert kontaktsenterl\u00f8sning"},"image":{"@id":"https:\/\/itx.no\/#\/schema\/logo\/image\/"},"sameAs":["https:\/\/www.facebook.com\/itxnorge","https:\/\/www.linkedin.com\/company\/itx-norge-as\/"]}]}},"_links":{"self":[{"href":"https:\/\/itx.no\/en\/wp-json\/wp\/v2\/pages\/9451","targetHints":{"allow":["GET"]}}],"collection":[{"href":"https:\/\/itx.no\/en\/wp-json\/wp\/v2\/pages"}],"about":[{"href":"https:\/\/itx.no\/en\/wp-json\/wp\/v2\/types\/page"}],"author":[{"embeddable":true,"href":"https:\/\/itx.no\/en\/wp-json\/wp\/v2\/users\/19"}],"replies":[{"embeddable":true,"href":"https:\/\/itx.no\/en\/wp-json\/wp\/v2\/comments?post=9451"}],"version-history":[{"count":15,"href":"https:\/\/itx.no\/en\/wp-json\/wp\/v2\/pages\/9451\/revisions"}],"predecessor-version":[{"id":9619,"href":"https:\/\/itx.no\/en\/wp-json\/wp\/v2\/pages\/9451\/revisions\/9619"}],"wp:attachment":[{"href":"https:\/\/itx.no\/en\/wp-json\/wp\/v2\/media?parent=9451"}],"curies":[{"name":"wp","href":"https:\/\/api.w.org\/{rel}","templated":true}]}}