{"id":7553,"date":"2025-02-18T14:19:30","date_gmt":"2025-02-18T13:19:30","guid":{"rendered":"https:\/\/itx.no\/?page_id=7553"},"modified":"2025-03-06T15:03:50","modified_gmt":"2025-03-06T14:03:50","slug":"kontakt-support","status":"publish","type":"page","link":"https:\/\/itx.no\/en\/kontakt-support\/","title":{"rendered":"Kontakt Support"},"content":{"rendered":"\t\t<div data-elementor-type=\"wp-page\" data-elementor-id=\"7553\" class=\"elementor elementor-7553\" data-elementor-post-type=\"page\">\n\t\t\t\t\t\t<section class=\"elementor-section elementor-top-section elementor-element elementor-element-cf443e7 elementor-section-boxed elementor-section-height-default elementor-section-height-default\" data-id=\"cf443e7\" data-element_type=\"section\" data-e-type=\"section\">\n\t\t\t\t\t\t<div class=\"elementor-container elementor-column-gap-default\">\n\t\t\t\t\t<div class=\"elementor-column elementor-col-100 elementor-top-column elementor-element elementor-element-398d2f3\" data-id=\"398d2f3\" data-element_type=\"column\" data-e-type=\"column\">\n\t\t\t<div class=\"elementor-widget-wrap elementor-element-populated\">\n\t\t\t\t\t\t<div class=\"elementor-element elementor-element-d2530c8 elementor-widget__width-initial hidden elementor-widget elementor-widget-html\" data-id=\"d2530c8\" data-element_type=\"widget\" data-e-type=\"widget\" data-widget_type=\"html.default\">\n\t\t\t\t<div class=\"elementor-widget-container\">\n\t\t\t\t\t<script>\n    (function() {\n        var initialProps = {};\n\n        var inEditor = (\n            window.location.search.indexOf('elementor-preview') !== -1 ||\n            window.location.pathname.indexOf('\/wp-admin\/') !== -1 ||\n            (document.body && document.body.classList.contains('elementor-editor-active'))\n        );\n\n        var urlParams = new URLSearchParams(window.location.search);\n        var rawProps = urlParams.get('initialProperties');\n\n        if (rawProps || inEditor) {\n        try {\n            initialProps = JSON.parse(rawProps);\n        } catch(e) {\n            console.log(\"error parsing initialProperties\")\n        }\n        } else {\n            window.location.href = '\/';\n        }\n        \n        console.log(\"initialProps\", initialProps)\n        \n        window.itxSchema = {\n            initialProperties: initialProps\n        };\n        \n        if (window.history && window.history.replaceState) {\n            var newUrl = new URL(window.location.href);\n            newUrl.searchParams.delete('initialProperties');\n            window.history.replaceState({}, document.title, newUrl.toString());\n        }\n    })();\n<\/script>\n\t\t\t\t<\/div>\n\t\t\t\t<\/div>\n\t\t\t\t<div class=\"elementor-element elementor-element-8fb36dd elementor-widget__width-initial elementor-widget elementor-widget-text-editor\" data-id=\"8fb36dd\" data-element_type=\"widget\" data-e-type=\"widget\" data-widget_type=\"text-editor.default\">\n\t\t\t\t<div class=\"elementor-widget-container\">\n\t\t\t\t\t\t\t\t\t<p>Dersom du opplever en bug eller feil i l\u00f8sningen, fyll ut &#8216;Meld feil&#8217;, s\u00e5 hjelper vi deg videre.<br \/>Har du behov for \u00e5 opp- eller nedgradere tjenester eller tilganger,\u00a0<span style=\"background-color: var(--nv-site-bg); color: var(--nv-text-color); font-family: var(--bodyfontfamily),var(--nv-fallback-ff); font-size: var(--bodyfontsize); font-weight: var(--bodyfontweight); letter-spacing: var(--bodyletterspacing); text-transform: var(--bodytexttransform);\">endre oppsett<\/span><span style=\"background-color: var(--nv-site-bg); color: var(--nv-text-color); font-family: var(--bodyfontfamily),var(--nv-fallback-ff); font-size: var(--bodyfontsize); font-weight: var(--bodyfontweight); letter-spacing: var(--bodyletterspacing); text-transform: var(--bodytexttransform);\">\u00a0eller har andre sp\u00f8rsm\u00e5l? Bruk &#8216;Send foresp\u00f8rsel&#8217;, s\u00e5 tar vi h\u00e5nd om det.<\/span><\/p>\t\t\t\t\t\t\t\t<\/div>\n\t\t\t\t<\/div>\n\t\t\t\t\t<\/div>\n\t\t<\/div>\n\t\t\t\t\t<\/div>\n\t\t<\/section>\n\t\t\t\t<section class=\"elementor-section elementor-top-section elementor-element elementor-element-12a1396 elementor-section-boxed elementor-section-height-default elementor-section-height-default\" data-id=\"12a1396\" data-element_type=\"section\" data-e-type=\"section\">\n\t\t\t\t\t\t<div class=\"elementor-container elementor-column-gap-default\">\n\t\t\t\t\t<div class=\"elementor-column elementor-col-66 elementor-top-column elementor-element elementor-element-82fdf50\" data-id=\"82fdf50\" data-element_type=\"column\" data-e-type=\"column\">\n\t\t\t<div class=\"elementor-widget-wrap elementor-element-populated\">\n\t\t\t\t\t\t<div class=\"elementor-element elementor-element-2048b6e elementor-widget elementor-widget-toggle\" data-id=\"2048b6e\" data-element_type=\"widget\" data-e-type=\"widget\" data-widget_type=\"toggle.default\">\n\t\t\t\t<div class=\"elementor-widget-container\">\n\t\t\t\t\t\t\t<div class=\"elementor-toggle\">\n\t\t\t\t\t\t\t<div class=\"elementor-toggle-item\">\n\t\t\t\t\t<div id=\"elementor-tab-title-3381\" class=\"elementor-tab-title\" data-tab=\"1\" role=\"button\" aria-controls=\"elementor-tab-content-3381\" aria-expanded=\"false\">\n\t\t\t\t\t\t\t\t\t\t\t\t<span class=\"elementor-toggle-icon elementor-toggle-icon-right\" aria-hidden=\"true\">\n\t\t\t\t\t\t\t\t\t\t\t\t\t\t\t<span class=\"elementor-toggle-icon-closed\"><svg xmlns=\"http:\/\/www.w3.org\/2000\/svg\" viewBox=\"0 0 448 512\"><path fill=\"#323232\" d=\"M212.7 363.3c6.2 6.2 16.4 6.2 22.6 0l160-160c6.2-6.2 6.2-16.4 0-22.6s-16.4-6.2-22.6 0L224 329.4 75.3 180.7c-6.2-6.2-16.4-6.2-22.6 0s-6.2 16.4 0 22.6l160 160z\"><\/path><\/svg><\/span>\n\t\t\t\t\t\t\t\t<span class=\"elementor-toggle-icon-opened\"><svg xmlns=\"http:\/\/www.w3.org\/2000\/svg\" viewBox=\"0 0 448 512\"><path fill=\"#323232\" d=\"M212.7 148.7c6.2-6.2 16.4-6.2 22.6 0l160 160c6.2 6.2 6.2 16.4 0 22.6s-16.4 6.2-22.6 0L224 182.6 75.3 331.3c-6.2 6.2-16.4 6.2-22.6 0s-6.2-16.4 0-22.6l160-160z\"><\/path><\/svg><\/span>\n\t\t\t\t\t\t\t\t\t\t\t\t\t<\/span>\n\t\t\t\t\t\t\t\t\t\t\t\t<a class=\"elementor-toggle-title\" tabindex=\"0\">Meld feil<\/a>\n\t\t\t\t\t<\/div>\n\n\t\t\t\t\t<div id=\"elementor-tab-content-3381\" class=\"elementor-tab-content elementor-clearfix\" data-tab=\"1\" role=\"region\" aria-labelledby=\"elementor-tab-title-3381\"><div data-type=\"itx-schema-container\" data-emsc-id=\"53\" data-corp-id=\"13\" data-hash=\"92d6445f042b2d7a6a9194e2ecfadac8\">\u00a0<\/div><p><script id=\"itx-schema-plugin\" charset=\"utf-8\" async src=\"https:\/\/services.itxuc.com\/plugins\/schema-plugin.js?ccntrl=6\"><\/script><\/p><\/div>\n\t\t\t\t<\/div>\n\t\t\t\t\t\t\t<div class=\"elementor-toggle-item\">\n\t\t\t\t\t<div id=\"elementor-tab-title-3382\" class=\"elementor-tab-title\" data-tab=\"2\" role=\"button\" aria-controls=\"elementor-tab-content-3382\" aria-expanded=\"false\">\n\t\t\t\t\t\t\t\t\t\t\t\t<span class=\"elementor-toggle-icon elementor-toggle-icon-right\" aria-hidden=\"true\">\n\t\t\t\t\t\t\t\t\t\t\t\t\t\t\t<span class=\"elementor-toggle-icon-closed\"><svg xmlns=\"http:\/\/www.w3.org\/2000\/svg\" viewBox=\"0 0 448 512\"><path fill=\"#323232\" d=\"M212.7 363.3c6.2 6.2 16.4 6.2 22.6 0l160-160c6.2-6.2 6.2-16.4 0-22.6s-16.4-6.2-22.6 0L224 329.4 75.3 180.7c-6.2-6.2-16.4-6.2-22.6 0s-6.2 16.4 0 22.6l160 160z\"><\/path><\/svg><\/span>\n\t\t\t\t\t\t\t\t<span class=\"elementor-toggle-icon-opened\"><svg xmlns=\"http:\/\/www.w3.org\/2000\/svg\" viewBox=\"0 0 448 512\"><path fill=\"#323232\" d=\"M212.7 148.7c6.2-6.2 16.4-6.2 22.6 0l160 160c6.2 6.2 6.2 16.4 0 22.6s-16.4 6.2-22.6 0L224 182.6 75.3 331.3c-6.2 6.2-16.4 6.2-22.6 0s-6.2-16.4 0-22.6l160-160z\"><\/path><\/svg><\/span>\n\t\t\t\t\t\t\t\t\t\t\t\t\t<\/span>\n\t\t\t\t\t\t\t\t\t\t\t\t<a class=\"elementor-toggle-title\" tabindex=\"0\">Send foresp\u00f8rsel<\/a>\n\t\t\t\t\t<\/div>\n\n\t\t\t\t\t<div id=\"elementor-tab-content-3382\" class=\"elementor-tab-content elementor-clearfix\" data-tab=\"2\" role=\"region\" aria-labelledby=\"elementor-tab-title-3382\"><div data-type=\"itx-schema-container\" data-emsc-id=\"51\" data-corp-id=\"13\" data-hash=\"7a077dfa1c885ba69629623c5001d4c4\">\u00a0<\/div><\/div>\n\t\t\t\t<\/div>\n\t\t\t\t\t\t\t\t<\/div>\n\t\t\t\t\t\t<\/div>\n\t\t\t\t<\/div>\n\t\t\t\t\t<\/div>\n\t\t<\/div>\n\t\t\t\t<div class=\"elementor-column elementor-col-33 elementor-top-column elementor-element elementor-element-8e6b7f4\" data-id=\"8e6b7f4\" data-element_type=\"column\" data-e-type=\"column\">\n\t\t\t<div class=\"elementor-widget-wrap elementor-element-populated\">\n\t\t\t\t\t\t<section class=\"elementor-section elementor-inner-section elementor-element elementor-element-21f2ac4 elementor-section-boxed elementor-section-height-default elementor-section-height-default\" data-id=\"21f2ac4\" data-element_type=\"section\" data-e-type=\"section\">\n\t\t\t\t\t\t<div class=\"elementor-container elementor-column-gap-default\">\n\t\t\t\t\t<div class=\"elementor-column elementor-col-50 elementor-inner-column elementor-element elementor-element-1f08d16\" data-id=\"1f08d16\" data-element_type=\"column\" data-e-type=\"column\">\n\t\t\t<div class=\"elementor-widget-wrap elementor-element-populated\">\n\t\t\t\t\t\t<div class=\"elementor-element elementor-element-e58a405 elementor-view-default elementor-widget elementor-widget-icon\" data-id=\"e58a405\" data-element_type=\"widget\" data-e-type=\"widget\" data-widget_type=\"icon.default\">\n\t\t\t\t<div class=\"elementor-widget-container\">\n\t\t\t\t\t\t\t<div class=\"elementor-icon-wrapper\">\n\t\t\t<div class=\"elementor-icon\">\n\t\t\t<svg xmlns=\"http:\/\/www.w3.org\/2000\/svg\" viewBox=\"0 0 512 512\"><path fill=\"#323232\" d=\"M375.8 275.2c-16.4-7-35.4-2.4-46.7 11.4l-33.2 40.6c-46-26.7-84.4-65.1-111.1-111.1L225.3 183c13.8-11.3 18.5-30.3 11.4-46.7l-48-112C181.2 6.7 162.3-3.1 143.6 .9l-112 24C13.2 28.8 0 45.1 0 64c0 0 0 0 0 0C0 300.7 183.5 494.5 416 510.9c4.5 .3 9.1 .6 13.7 .8c0 0 0 0 0 0c0 0 0 0 .1 0c6.1 .2 12.1 .4 18.3 .4c0 0 0 0 0 0c18.9 0 35.2-13.2 39.1-31.6l24-112c4-18.7-5.8-37.6-23.4-45.1l-112-48zM447.7 480C218.1 479.8 32 293.7 32 64c0 0 0 0 0 0s0 0 0 0s0 0 0 0s0 0 0 0s0 0 0 0s0 0 0 0s0 0 0 0s0 0 0 0s0 0 0 0s0 0 0 0s0 0 0 0s0 0 0 0s0 0 0 0s0 0 0 0s0 0 0 0s0 0 0 0s0 0 0 0s0 0 0 0s0 0 0 0s0 0 0 0s0 0 0 0s0 0 0 0s0 0 0 0s0 0 0 0c0-3.8 2.6-7 6.3-7.8l112-24c3.7-.8 7.5 1.2 9 4.7l48 112c1.4 3.3 .5 7.1-2.3 9.3l-40.6 33.2c-12.1 9.9-15.3 27.2-7.4 40.8c29.5 50.9 71.9 93.3 122.7 122.7c13.6 7.9 30.9 4.7 40.8-7.4l33.2-40.6c2.3-2.8 6.1-3.7 9.3-2.3l112 48c3.5 1.5 5.5 5.3 4.7 9l-24 112c-.8 3.7-4.1 6.3-7.8 6.3c-.1 0-.2 0-.3 0z\"><\/path><\/svg>\t\t\t<\/div>\n\t\t<\/div>\n\t\t\t\t\t\t<\/div>\n\t\t\t\t<\/div>\n\t\t\t\t<div class=\"elementor-element elementor-element-64df1c0 elementor-view-default elementor-widget elementor-widget-icon\" data-id=\"64df1c0\" data-element_type=\"widget\" data-e-type=\"widget\" data-widget_type=\"icon.default\">\n\t\t\t\t<div class=\"elementor-widget-container\">\n\t\t\t\t\t\t\t<div class=\"elementor-icon-wrapper\">\n\t\t\t<div class=\"elementor-icon\">\n\t\t\t<svg xmlns=\"http:\/\/www.w3.org\/2000\/svg\" viewBox=\"0 0 576 512\"><path fill=\"#323232\" d=\"M112 0c8.8 0 16 7.2 16 16l0 48 192 0 0-48c0-8.8 7.2-16 16-16s16 7.2 16 16l0 48 32 0c35.3 0 64 28.7 64 64l0 32 0 32 0 .7c-5.3-.5-10.6-.7-16-.7s-10.7 .2-16 .7l0-.7L32 192l0 256c0 17.7 14.3 32 32 32l232.2 0c10 12.1 21.7 22.9 34.6 32L64 512c-35.3 0-64-28.7-64-64L0 192l0-32 0-32C0 92.7 28.7 64 64 64l32 0 0-48c0-8.8 7.2-16 16-16zM384 96L64 96c-17.7 0-32 14.3-32 32l0 32 384 0 0-32c0-17.7-14.3-32-32-32zm48 384a112 112 0 1 0 0-224 112 112 0 1 0 0 224zm0-256a144 144 0 1 1 0 288 144 144 0 1 1 0-288zm0 64c8.8 0 16 7.2 16 16l0 48 32 0c8.8 0 16 7.2 16 16s-7.2 16-16 16l-48 0c-8.8 0-16-7.2-16-16l0-64c0-8.8 7.2-16 16-16z\"><\/path><\/svg>\t\t\t<\/div>\n\t\t<\/div>\n\t\t\t\t\t\t<\/div>\n\t\t\t\t<\/div>\n\t\t\t\t\t<\/div>\n\t\t<\/div>\n\t\t\t\t<div class=\"elementor-column elementor-col-50 elementor-inner-column elementor-element elementor-element-79950f4\" data-id=\"79950f4\" data-element_type=\"column\" data-e-type=\"column\">\n\t\t\t<div class=\"elementor-widget-wrap elementor-element-populated\">\n\t\t\t\t\t\t<div class=\"elementor-element elementor-element-260ec90 elementor-widget elementor-widget-text-editor\" data-id=\"260ec90\" data-element_type=\"widget\" data-e-type=\"widget\" data-widget_type=\"text-editor.default\">\n\t\t\t\t<div class=\"elementor-widget-container\">\n\t\t\t\t\t\t\t\t\t<p>+47 23 68 04 00<\/p>\t\t\t\t\t\t\t\t<\/div>\n\t\t\t\t<\/div>\n\t\t\t\t<div class=\"elementor-element elementor-element-de4ec64 elementor-widget elementor-widget-text-editor\" data-id=\"de4ec64\" data-element_type=\"widget\" data-e-type=\"widget\" data-widget_type=\"text-editor.default\">\n\t\t\t\t<div class=\"elementor-widget-container\">\n\t\t\t\t\t\t\t\t\t<p>Mandag &#8211; Fredag,<br \/>klokken 08 til 16\u00a0<\/p>\t\t\t\t\t\t\t\t<\/div>\n\t\t\t\t<\/div>\n\t\t\t\t\t<\/div>\n\t\t<\/div>\n\t\t\t\t\t<\/div>\n\t\t<\/section>\n\t\t\t\t\t<\/div>\n\t\t<\/div>\n\t\t\t\t\t<\/div>\n\t\t<\/section>\n\t\t\t\t<\/div>\n\t\t","protected":false},"excerpt":{"rendered":"<p>Dersom du opplever en bug eller feil i l\u00f8sningen, fyll ut &#8216;Meld feil&#8217;, s\u00e5 hjelper vi deg videre.Har du behov for \u00e5 opp- eller nedgradere tjenester eller tilganger,\u00a0endre oppsett\u00a0eller har andre sp\u00f8rsm\u00e5l? Bruk &#8216;Send foresp\u00f8rsel&#8217;, s\u00e5 tar vi h\u00e5nd om det. Meld feil \u00a0 Send foresp\u00f8rsel \u00a0 +47 23 68 04 00 Mandag &#8211; Fredag,klokken&hellip;&nbsp;<a href=\"https:\/\/itx.no\/en\/kontakt-support\/\" rel=\"bookmark\">Read More &raquo;<span class=\"screen-reader-text\">Kontakt Support<\/span><\/a><\/p>\n","protected":false},"author":13,"featured_media":0,"parent":0,"menu_order":0,"comment_status":"closed","ping_status":"closed","template":"","meta":{"_eb_attr":"","_monsterinsights_skip_tracking":false,"_monsterinsights_sitenote_active":false,"_monsterinsights_sitenote_note":"","_monsterinsights_sitenote_category":0,"neve_meta_sidebar":"","neve_meta_container":"","neve_meta_enable_content_width":"","neve_meta_content_width":0,"neve_meta_title_alignment":"","neve_meta_author_avatar":"","neve_post_elements_order":"","neve_meta_disable_header":"","neve_meta_disable_footer":"","neve_meta_disable_title":"","footnotes":""},"class_list":["post-7553","page","type-page","status-publish","hentry"],"yoast_head":"<!-- This site is optimized with the Yoast SEO Premium plugin v27.4 (Yoast SEO v27.5) - https:\/\/yoast.com\/product\/yoast-seo-premium-wordpress\/ -->\n<title>Kontakt Support - ITX - Leverand\u00f8r av skybasert kontaktsenterl\u00f8sning<\/title>\n<meta name=\"robots\" content=\"index, follow, max-snippet:-1, max-image-preview:large, max-video-preview:-1\" \/>\n<link rel=\"canonical\" href=\"https:\/\/itx.no\/kontakt-support\/\" \/>\n<meta property=\"og:locale\" content=\"en_US\" \/>\n<meta property=\"og:type\" content=\"article\" \/>\n<meta property=\"og:title\" content=\"Kontakt Support\" \/>\n<meta property=\"og:description\" content=\"Dersom du opplever en bug eller feil i l\u00f8sningen, fyll ut &#8216;Meld feil&#8217;, s\u00e5 hjelper vi deg videre.Har du behov for \u00e5 opp- eller nedgradere tjenester eller tilganger,\u00a0endre oppsett\u00a0eller har andre sp\u00f8rsm\u00e5l? Bruk &#8216;Send foresp\u00f8rsel&#8217;, s\u00e5 tar vi h\u00e5nd om det. Meld feil \u00a0 Send foresp\u00f8rsel \u00a0 +47 23 68 04 00 Mandag &#8211; Fredag,klokken&hellip;&nbsp;Read More &raquo;Kontakt Support\" \/>\n<meta property=\"og:url\" content=\"https:\/\/itx.no\/kontakt-support\/\" \/>\n<meta property=\"og:site_name\" content=\"ITX - Leverand\u00f8r av skybasert kontaktsenterl\u00f8sning\" \/>\n<meta property=\"article:publisher\" content=\"https:\/\/www.facebook.com\/itxnorge\" \/>\n<meta property=\"article:modified_time\" content=\"2025-03-06T14:03:50+00:00\" \/>\n<meta name=\"twitter:card\" content=\"summary_large_image\" \/>\n<meta name=\"twitter:label1\" content=\"Est. reading time\" \/>\n\t<meta name=\"twitter:data1\" content=\"1 minute\" \/>\n<script type=\"application\/ld+json\" class=\"yoast-schema-graph\">{\"@context\":\"https:\\\/\\\/schema.org\",\"@graph\":[{\"@type\":\"WebPage\",\"@id\":\"https:\\\/\\\/itx.no\\\/kontakt-support\\\/\",\"url\":\"https:\\\/\\\/itx.no\\\/kontakt-support\\\/\",\"name\":\"Kontakt Support - ITX - Leverand\u00f8r av skybasert kontaktsenterl\u00f8sning\",\"isPartOf\":{\"@id\":\"https:\\\/\\\/itx.no\\\/#website\"},\"datePublished\":\"2025-02-18T13:19:30+00:00\",\"dateModified\":\"2025-03-06T14:03:50+00:00\",\"breadcrumb\":{\"@id\":\"https:\\\/\\\/itx.no\\\/kontakt-support\\\/#breadcrumb\"},\"inLanguage\":\"en-US\",\"potentialAction\":[{\"@type\":\"ReadAction\",\"target\":[\"https:\\\/\\\/itx.no\\\/kontakt-support\\\/\"]}]},{\"@type\":\"BreadcrumbList\",\"@id\":\"https:\\\/\\\/itx.no\\\/kontakt-support\\\/#breadcrumb\",\"itemListElement\":[{\"@type\":\"ListItem\",\"position\":1,\"name\":\"Hjem\",\"item\":\"https:\\\/\\\/itx.no\\\/\"},{\"@type\":\"ListItem\",\"position\":2,\"name\":\"Kontakt Support\"}]},{\"@type\":\"WebSite\",\"@id\":\"https:\\\/\\\/itx.no\\\/#website\",\"url\":\"https:\\\/\\\/itx.no\\\/\",\"name\":\"ITX - Leverand\u00f8r av skybasert kontaktsenterl\u00f8sning\",\"description\":\"Gj\u00f8r kommunikasjon enkelt\",\"publisher\":{\"@id\":\"https:\\\/\\\/itx.no\\\/#organization\"},\"potentialAction\":[{\"@type\":\"SearchAction\",\"target\":{\"@type\":\"EntryPoint\",\"urlTemplate\":\"https:\\\/\\\/itx.no\\\/?s={search_term_string}\"},\"query-input\":{\"@type\":\"PropertyValueSpecification\",\"valueRequired\":true,\"valueName\":\"search_term_string\"}}],\"inLanguage\":\"en-US\"},{\"@type\":\"Organization\",\"@id\":\"https:\\\/\\\/itx.no\\\/#organization\",\"name\":\"ITX - Leverand\u00f8r av skybasert kontaktsenterl\u00f8sning\",\"url\":\"https:\\\/\\\/itx.no\\\/\",\"logo\":{\"@type\":\"ImageObject\",\"inLanguage\":\"en-US\",\"@id\":\"https:\\\/\\\/itx.no\\\/#\\\/schema\\\/logo\\\/image\\\/\",\"url\":\"https:\\\/\\\/itx.no\\\/wp-content\\\/uploads\\\/2021\\\/04\\\/ITX_Positive_RGB_900_smal.png\",\"contentUrl\":\"https:\\\/\\\/itx.no\\\/wp-content\\\/uploads\\\/2021\\\/04\\\/ITX_Positive_RGB_900_smal.png\",\"width\":899,\"height\":362,\"caption\":\"ITX - Leverand\u00f8r av skybasert kontaktsenterl\u00f8sning\"},\"image\":{\"@id\":\"https:\\\/\\\/itx.no\\\/#\\\/schema\\\/logo\\\/image\\\/\"},\"sameAs\":[\"https:\\\/\\\/www.facebook.com\\\/itxnorge\",\"https:\\\/\\\/www.linkedin.com\\\/company\\\/itx-norge-as\\\/\"]}]}<\/script>\n<!-- \/ Yoast SEO Premium plugin. -->","yoast_head_json":{"title":"Kontakt Support - ITX - Leverand\u00f8r av skybasert kontaktsenterl\u00f8sning","robots":{"index":"index","follow":"follow","max-snippet":"max-snippet:-1","max-image-preview":"max-image-preview:large","max-video-preview":"max-video-preview:-1"},"canonical":"https:\/\/itx.no\/kontakt-support\/","og_locale":"en_US","og_type":"article","og_title":"Kontakt Support","og_description":"Dersom du opplever en bug eller feil i l\u00f8sningen, fyll ut &#8216;Meld feil&#8217;, s\u00e5 hjelper vi deg videre.Har du behov for \u00e5 opp- eller nedgradere tjenester eller tilganger,\u00a0endre oppsett\u00a0eller har andre sp\u00f8rsm\u00e5l? Bruk &#8216;Send foresp\u00f8rsel&#8217;, s\u00e5 tar vi h\u00e5nd om det. Meld feil \u00a0 Send foresp\u00f8rsel \u00a0 +47 23 68 04 00 Mandag &#8211; Fredag,klokken&hellip;&nbsp;Read More &raquo;Kontakt Support","og_url":"https:\/\/itx.no\/kontakt-support\/","og_site_name":"ITX - Leverand\u00f8r av skybasert kontaktsenterl\u00f8sning","article_publisher":"https:\/\/www.facebook.com\/itxnorge","article_modified_time":"2025-03-06T14:03:50+00:00","twitter_card":"summary_large_image","twitter_misc":{"Est. reading time":"1 minute"},"schema":{"@context":"https:\/\/schema.org","@graph":[{"@type":"WebPage","@id":"https:\/\/itx.no\/kontakt-support\/","url":"https:\/\/itx.no\/kontakt-support\/","name":"Kontakt Support - ITX - Leverand\u00f8r av skybasert kontaktsenterl\u00f8sning","isPartOf":{"@id":"https:\/\/itx.no\/#website"},"datePublished":"2025-02-18T13:19:30+00:00","dateModified":"2025-03-06T14:03:50+00:00","breadcrumb":{"@id":"https:\/\/itx.no\/kontakt-support\/#breadcrumb"},"inLanguage":"en-US","potentialAction":[{"@type":"ReadAction","target":["https:\/\/itx.no\/kontakt-support\/"]}]},{"@type":"BreadcrumbList","@id":"https:\/\/itx.no\/kontakt-support\/#breadcrumb","itemListElement":[{"@type":"ListItem","position":1,"name":"Hjem","item":"https:\/\/itx.no\/"},{"@type":"ListItem","position":2,"name":"Kontakt Support"}]},{"@type":"WebSite","@id":"https:\/\/itx.no\/#website","url":"https:\/\/itx.no\/","name":"ITX - Leverand\u00f8r av skybasert kontaktsenterl\u00f8sning","description":"Gj\u00f8r kommunikasjon enkelt","publisher":{"@id":"https:\/\/itx.no\/#organization"},"potentialAction":[{"@type":"SearchAction","target":{"@type":"EntryPoint","urlTemplate":"https:\/\/itx.no\/?s={search_term_string}"},"query-input":{"@type":"PropertyValueSpecification","valueRequired":true,"valueName":"search_term_string"}}],"inLanguage":"en-US"},{"@type":"Organization","@id":"https:\/\/itx.no\/#organization","name":"ITX - Leverand\u00f8r av skybasert kontaktsenterl\u00f8sning","url":"https:\/\/itx.no\/","logo":{"@type":"ImageObject","inLanguage":"en-US","@id":"https:\/\/itx.no\/#\/schema\/logo\/image\/","url":"https:\/\/itx.no\/wp-content\/uploads\/2021\/04\/ITX_Positive_RGB_900_smal.png","contentUrl":"https:\/\/itx.no\/wp-content\/uploads\/2021\/04\/ITX_Positive_RGB_900_smal.png","width":899,"height":362,"caption":"ITX - Leverand\u00f8r av skybasert kontaktsenterl\u00f8sning"},"image":{"@id":"https:\/\/itx.no\/#\/schema\/logo\/image\/"},"sameAs":["https:\/\/www.facebook.com\/itxnorge","https:\/\/www.linkedin.com\/company\/itx-norge-as\/"]}]}},"_links":{"self":[{"href":"https:\/\/itx.no\/en\/wp-json\/wp\/v2\/pages\/7553","targetHints":{"allow":["GET"]}}],"collection":[{"href":"https:\/\/itx.no\/en\/wp-json\/wp\/v2\/pages"}],"about":[{"href":"https:\/\/itx.no\/en\/wp-json\/wp\/v2\/types\/page"}],"author":[{"embeddable":true,"href":"https:\/\/itx.no\/en\/wp-json\/wp\/v2\/users\/13"}],"replies":[{"embeddable":true,"href":"https:\/\/itx.no\/en\/wp-json\/wp\/v2\/comments?post=7553"}],"version-history":[{"count":99,"href":"https:\/\/itx.no\/en\/wp-json\/wp\/v2\/pages\/7553\/revisions"}],"predecessor-version":[{"id":8447,"href":"https:\/\/itx.no\/en\/wp-json\/wp\/v2\/pages\/7553\/revisions\/8447"}],"wp:attachment":[{"href":"https:\/\/itx.no\/en\/wp-json\/wp\/v2\/media?parent=7553"}],"curies":[{"name":"wp","href":"https:\/\/api.w.org\/{rel}","templated":true}]}}