{"id":6667,"date":"2024-09-25T16:03:09","date_gmt":"2024-09-25T14:03:09","guid":{"rendered":"https:\/\/itx.no\/?page_id=6667"},"modified":"2024-09-27T17:09:15","modified_gmt":"2024-09-27T15:09:15","slug":"itxsms","status":"publish","type":"page","link":"https:\/\/itx.no\/en\/itxsms\/","title":{"rendered":"ITX SMS"},"content":{"rendered":"\t\t<div data-elementor-type=\"wp-page\" data-elementor-id=\"6667\" class=\"elementor elementor-6667\" data-elementor-post-type=\"page\">\n\t\t\t\t\t\t<section class=\"elementor-section elementor-top-section elementor-element elementor-element-370416d3 elementor-section-stretched elementor-hidden-phone elementor-section-boxed elementor-section-height-default elementor-section-height-default\" data-id=\"370416d3\" data-element_type=\"section\" data-e-type=\"section\" data-settings=\"{&quot;stretch_section&quot;:&quot;section-stretched&quot;,&quot;background_background&quot;:&quot;classic&quot;}\">\n\t\t\t\t\t\t<div class=\"elementor-container elementor-column-gap-default\">\n\t\t\t\t\t<div class=\"elementor-column elementor-col-33 elementor-top-column elementor-element elementor-element-74028f75\" data-id=\"74028f75\" data-element_type=\"column\" data-e-type=\"column\">\n\t\t\t<div class=\"elementor-widget-wrap\">\n\t\t\t\t\t\t\t<\/div>\n\t\t<\/div>\n\t\t\t\t<div class=\"elementor-column elementor-col-66 elementor-top-column elementor-element elementor-element-47d8bb53\" data-id=\"47d8bb53\" data-element_type=\"column\" data-e-type=\"column\">\n\t\t\t<div class=\"elementor-widget-wrap elementor-element-populated\">\n\t\t\t\t\t\t<div class=\"elementor-element elementor-element-5a56b109 elementor-hidden-phone elementor-widget elementor-widget-heading\" data-id=\"5a56b109\" data-element_type=\"widget\" data-e-type=\"widget\" data-widget_type=\"heading.default\">\n\t\t\t\t<div class=\"elementor-widget-container\">\n\t\t\t\t\t<h1 class=\"elementor-heading-title elementor-size-xl\">Effektiv og personlig kommunikasjon med ITX SMS<\/h1>\t\t\t\t<\/div>\n\t\t\t\t<\/div>\n\t\t\t\t\t<\/div>\n\t\t<\/div>\n\t\t\t\t\t<\/div>\n\t\t<\/section>\n\t\t\t\t<section class=\"elementor-section elementor-top-section elementor-element elementor-element-63ddf9e6 elementor-section-stretched elementor-section-boxed elementor-section-height-default elementor-section-height-default\" data-id=\"63ddf9e6\" data-element_type=\"section\" data-e-type=\"section\" data-settings=\"{&quot;stretch_section&quot;:&quot;section-stretched&quot;,&quot;background_background&quot;:&quot;classic&quot;}\">\n\t\t\t\t\t\t<div class=\"elementor-container elementor-column-gap-default\">\n\t\t\t\t\t<div class=\"elementor-column elementor-col-33 elementor-top-column elementor-element elementor-element-2fbc2379\" data-id=\"2fbc2379\" data-element_type=\"column\" data-e-type=\"column\">\n\t\t\t<div class=\"elementor-widget-wrap elementor-element-populated\">\n\t\t\t\t\t\t<div class=\"elementor-element elementor-element-36dd8139 elementor-nav-menu--dropdown-mobile elementor-nav-menu__text-align-aside elementor-nav-menu--toggle elementor-nav-menu--burger elementor-widget elementor-widget-nav-menu\" data-id=\"36dd8139\" data-element_type=\"widget\" data-e-type=\"widget\" data-settings=\"{&quot;layout&quot;:&quot;vertical&quot;,&quot;submenu_icon&quot;:{&quot;value&quot;:&quot;&lt;i class=\\&quot;fas fa-caret-down\\&quot; aria-hidden=\\&quot;true\\&quot;&gt;&lt;\\\/i&gt;&quot;,&quot;library&quot;:&quot;fa-solid&quot;},&quot;toggle&quot;:&quot;burger&quot;}\" data-widget_type=\"nav-menu.default\">\n\t\t\t\t<div class=\"elementor-widget-container\">\n\t\t\t\t\t\t\t\t<nav aria-label=\"Menu\" class=\"elementor-nav-menu--main elementor-nav-menu__container elementor-nav-menu--layout-vertical e--pointer-background e--animation-fade\">\n\t\t\t\t<ul id=\"menu-1-36dd8139\" class=\"elementor-nav-menu sm-vertical\"><li class=\"menu-item menu-item-type-post_type menu-item-object-page menu-item-1889\"><a href=\"https:\/\/itx.no\/en\/integrations\/\" class=\"elementor-item\">Integrations<\/a><\/li>\n<li class=\"menu-item menu-item-type-post_type menu-item-object-page menu-item-920\"><a href=\"https:\/\/itx.no\/en\/ticketing\/\" class=\"elementor-item\">Ticketing<\/a><\/li>\n<li class=\"menu-item menu-item-type-post_type menu-item-object-page menu-item-925\"><a href=\"https:\/\/itx.no\/en\/dialer\/\" class=\"elementor-item\">Dialer<\/a><\/li>\n<li class=\"menu-item menu-item-type-post_type menu-item-object-page menu-item-921\"><a href=\"https:\/\/itx.no\/en\/screen-sharing\/\" class=\"elementor-item\">Screen sharing<\/a><\/li>\n<li class=\"menu-item menu-item-type-post_type menu-item-object-page menu-item-927\"><a href=\"https:\/\/itx.no\/en\/additional-modules\/\" class=\"elementor-item\">Additional modules<\/a><\/li>\n<li class=\"menu-item menu-item-type-post_type menu-item-object-page menu-item-923\"><a href=\"https:\/\/itx.no\/en\/integrations\/\" class=\"elementor-item\">Integrations<\/a><\/li>\n<\/ul>\t\t\t<\/nav>\n\t\t\t\t\t<div class=\"elementor-menu-toggle\" role=\"button\" tabindex=\"0\" aria-label=\"Menu Toggle\" aria-expanded=\"false\">\n\t\t\t<i aria-hidden=\"true\" role=\"presentation\" class=\"elementor-menu-toggle__icon--open eicon-menu-bar\"><\/i><i aria-hidden=\"true\" role=\"presentation\" class=\"elementor-menu-toggle__icon--close eicon-close\"><\/i>\t\t<\/div>\n\t\t\t\t\t<nav class=\"elementor-nav-menu--dropdown elementor-nav-menu__container\" aria-hidden=\"true\">\n\t\t\t\t<ul id=\"menu-2-36dd8139\" class=\"elementor-nav-menu sm-vertical\"><li class=\"menu-item menu-item-type-post_type menu-item-object-page menu-item-1889\"><a href=\"https:\/\/itx.no\/en\/integrations\/\" class=\"elementor-item\" tabindex=\"-1\">Integrations<\/a><\/li>\n<li class=\"menu-item menu-item-type-post_type menu-item-object-page menu-item-920\"><a href=\"https:\/\/itx.no\/en\/ticketing\/\" class=\"elementor-item\" tabindex=\"-1\">Ticketing<\/a><\/li>\n<li class=\"menu-item menu-item-type-post_type menu-item-object-page menu-item-925\"><a href=\"https:\/\/itx.no\/en\/dialer\/\" class=\"elementor-item\" tabindex=\"-1\">Dialer<\/a><\/li>\n<li class=\"menu-item menu-item-type-post_type menu-item-object-page menu-item-921\"><a href=\"https:\/\/itx.no\/en\/screen-sharing\/\" class=\"elementor-item\" tabindex=\"-1\">Screen sharing<\/a><\/li>\n<li class=\"menu-item menu-item-type-post_type menu-item-object-page menu-item-927\"><a href=\"https:\/\/itx.no\/en\/additional-modules\/\" class=\"elementor-item\" tabindex=\"-1\">Additional modules<\/a><\/li>\n<li class=\"menu-item menu-item-type-post_type menu-item-object-page menu-item-923\"><a href=\"https:\/\/itx.no\/en\/integrations\/\" class=\"elementor-item\" tabindex=\"-1\">Integrations<\/a><\/li>\n<\/ul>\t\t\t<\/nav>\n\t\t\t\t\t\t<\/div>\n\t\t\t\t<\/div>\n\t\t\t\t\t<\/div>\n\t\t<\/div>\n\t\t\t\t<div class=\"elementor-column elementor-col-66 elementor-top-column elementor-element elementor-element-1170f248\" data-id=\"1170f248\" data-element_type=\"column\" data-e-type=\"column\">\n\t\t\t<div class=\"elementor-widget-wrap elementor-element-populated\">\n\t\t\t\t\t\t<div class=\"elementor-element elementor-element-7f11953b elementor-hidden-desktop elementor-hidden-tablet elementor-widget elementor-widget-heading\" data-id=\"7f11953b\" data-element_type=\"widget\" data-e-type=\"widget\" data-widget_type=\"heading.default\">\n\t\t\t\t<div class=\"elementor-widget-container\">\n\t\t\t\t\t<h3 class=\"elementor-heading-title elementor-size-default\">SMS<\/h3>\t\t\t\t<\/div>\n\t\t\t\t<\/div>\n\t\t\t\t<div class=\"elementor-element elementor-element-19050239 elementor-widget elementor-widget-text-editor\" data-id=\"19050239\" data-element_type=\"widget\" data-e-type=\"widget\" data-widget_type=\"text-editor.default\">\n\t\t\t\t<div class=\"elementor-widget-container\">\n\t\t\t\t\t\t\t\t\t<p>Med ITX kan du enkelt n\u00e5 ut til mange mottakere samtidig, uten \u00e5 miste det personlige preget. L\u00f8sningen lar deg sende skreddersydde meldinger til store grupper ved hjelp av en enkel Excel- eller CSV-fil. Enten du skal informere kunder om en ny kampanje, sende p\u00e5minnelser eller annet, s\u00f8rger ITX for at hver mottaker f\u00e5r en tilpasset melding.<\/p>\n<p><span style=\"background-color: var( --e-global-color-nvsitebg ); color: var(--nv-text-color); font-family: var(--bodyfontfamily),var(--nv-fallback-ff); font-size: var(--bodyfontsize); font-weight: var(--bodyfontweight); letter-spacing: var(--bodyletterspacing); text-transform: var(--bodytexttransform);\">Oppdag fordelene med ITX i dag og gi dine kunder en mer personlig opplevelse!<\/span><\/p>\t\t\t\t\t\t\t\t<\/div>\n\t\t\t\t<\/div>\n\t\t\t\t<div class=\"elementor-element elementor-element-bb03b3c elementor-widget elementor-widget-heading\" data-id=\"bb03b3c\" data-element_type=\"widget\" data-e-type=\"widget\" data-widget_type=\"heading.default\">\n\t\t\t\t<div class=\"elementor-widget-container\">\n\t\t\t\t\t<h3 class=\"elementor-heading-title elementor-size-default\">Automatiserte meldinger gjennom ITX SMS Gateway<\/h3>\t\t\t\t<\/div>\n\t\t\t\t<\/div>\n\t\t\t\t<div class=\"elementor-element elementor-element-f657bc9 elementor-widget elementor-widget-text-editor\" data-id=\"f657bc9\" data-element_type=\"widget\" data-e-type=\"widget\" data-widget_type=\"text-editor.default\">\n\t\t\t\t<div class=\"elementor-widget-container\">\n\t\t\t\t\t\t\t\t\t<p>For enda st\u00f8rre fleksibilitet tilbyr ITX ogs\u00e5 en API-integrasjon, som lar deg automatisere utsendelsen av SMS. Dette betyr at du kan sette opp en l\u00f8sning som sender ut meldinger automatisk, basert p\u00e5 hendelser i ditt eget system. L\u00f8sningen st\u00f8tter b\u00e5de \u00e5 sende og motta meldinger.\u00a0 \u00a0Bruker du ITX som CRM eller Kontaktsenter vil alle tekstmeldinger logges p\u00e5 kundekortet, slik at n\u00e5r f.eks. kunden ringer inn, vil man automatisk se de automatiserte meldingene.<\/p><p><strong><a href=\"https:\/\/itx.no\/smsgateway\/\" target=\"_blank\" rel=\"noopener\">Les er om SMS Gateway fra ITX<\/a><\/strong><\/p>\t\t\t\t\t\t\t\t<\/div>\n\t\t\t\t<\/div>\n\t\t\t\t<div class=\"elementor-element elementor-element-4a317e2 elementor-widget elementor-widget-heading\" data-id=\"4a317e2\" data-element_type=\"widget\" data-e-type=\"widget\" data-widget_type=\"heading.default\">\n\t\t\t\t<div class=\"elementor-widget-container\">\n\t\t\t\t\t<h3 class=\"elementor-heading-title elementor-size-default\">Send og motta meldinger<\/h3>\t\t\t\t<\/div>\n\t\t\t\t<\/div>\n\t\t\t\t<div class=\"elementor-element elementor-element-b76fc76 elementor-widget elementor-widget-text-editor\" data-id=\"b76fc76\" data-element_type=\"widget\" data-e-type=\"widget\" data-widget_type=\"text-editor.default\">\n\t\t\t\t<div class=\"elementor-widget-container\">\n\t\t\t\t\t\t\t\t\t<p>Med toveis SMS-st\u00f8tte kan du ikke bare sende, men ogs\u00e5 motta svar fra kundene dine \u2013 noe som \u00e5pner for enkel og effektiv dialog.<\/p>\t\t\t\t\t\t\t\t<\/div>\n\t\t\t\t<\/div>\n\t\t\t\t<div class=\"elementor-element elementor-element-337be77 elementor-widget elementor-widget-heading\" data-id=\"337be77\" data-element_type=\"widget\" data-e-type=\"widget\" data-widget_type=\"heading.default\">\n\t\t\t\t<div class=\"elementor-widget-container\">\n\t\t\t\t\t<h3 class=\"elementor-heading-title elementor-size-default\">Bruk av SMS som en del av ITX Ticket for saksh\u00e5ndtering<\/h3>\t\t\t\t<\/div>\n\t\t\t\t<\/div>\n\t\t\t\t<div class=\"elementor-element elementor-element-095d66b elementor-widget elementor-widget-text-editor\" data-id=\"095d66b\" data-element_type=\"widget\" data-e-type=\"widget\" data-widget_type=\"text-editor.default\">\n\t\t\t\t<div class=\"elementor-widget-container\">\n\t\t\t\t\t\t\t\t\t<p>Bruk av SMS er ogs\u00e5 en del av sakssystemet til ITX, som gj\u00f8r det mulig \u00e5 samle telefonsamtaler, sms, epost, chat og sosiale medier i \u00e9n sak. Bruk av SMS til \u00e5 l\u00f8se saker er sv\u00e6rt effektivt. <strong><a href=\"https:\/\/itx.no\/ticketing\/\">Les mer om bruk av ITX Ticketing for saksh\u00e5ndtering.<\/a><\/strong><\/p>\n<p>ITX er den ideelle l\u00f8sningen for bedrifter som \u00f8nsker \u00e5 kommunisere raskt, personlig og effektivt med mange p\u00e5 \u00e9n gang.<\/p>\t\t\t\t\t\t\t\t<\/div>\n\t\t\t\t<\/div>\n\t\t\t\t<div class=\"elementor-element elementor-element-f1fbcb3 elementor-widget elementor-widget-heading\" data-id=\"f1fbcb3\" data-element_type=\"widget\" data-e-type=\"widget\" data-widget_type=\"heading.default\">\n\t\t\t\t<div class=\"elementor-widget-container\">\n\t\t\t\t\t<h3 class=\"elementor-heading-title elementor-size-default\">Kontakt oss for demo<\/h3>\t\t\t\t<\/div>\n\t\t\t\t<\/div>\n\t\t\t\t<div class=\"elementor-element elementor-element-c601c20 elementor-widget elementor-widget-text-editor\" data-id=\"c601c20\" data-element_type=\"widget\" data-e-type=\"widget\" data-widget_type=\"text-editor.default\">\n\t\t\t\t<div class=\"elementor-widget-container\">\n\t\t\t\t\t\t\t\t\t<p>Dersom du \u00f8nsker \u00e5 vite mer om l\u00f8sningen, ta gjerne kontakt med oss.<\/p>\t\t\t\t\t\t\t\t<\/div>\n\t\t\t\t<\/div>\n\t\t\t\t<div class=\"elementor-element elementor-element-2fd3e4b7 elementor-widget elementor-widget-html\" data-id=\"2fd3e4b7\" data-element_type=\"widget\" data-e-type=\"widget\" data-widget_type=\"html.default\">\n\t\t\t\t<div class=\"elementor-widget-container\">\n\t\t\t\t\t<script id=\"itx-schema-plugin\" src=\"https:\/\/services.itxuc.com\/plugins\/schema-plugin.js?ccntrl=6\"><\/script>\n<div style=\"padding: 0em; width:350px; background-color: white; border-radius: 10px\">\n    <div class=\"schema\" data-type=\"itx-schema-container\" data-emsc-id=\"2\" data-corp-id=\"13\" data-hash=\"1e3fb39eea63f6d9d9bdcd3fe3bc9521\">\n    <\/div>\n<\/div>\t\t\t\t<\/div>\n\t\t\t\t<\/div>\n\t\t\t\t\t<\/div>\n\t\t<\/div>\n\t\t\t\t\t<\/div>\n\t\t<\/section>\n\t\t\t\t<\/div>\n\t\t","protected":false},"excerpt":{"rendered":"<p>Effektiv og personlig kommunikasjon med ITX SMS SMS Med ITX kan du enkelt n\u00e5 ut til mange mottakere samtidig, uten \u00e5 miste det personlige preget. L\u00f8sningen lar deg sende skreddersydde meldinger til store grupper ved hjelp av en enkel Excel- eller CSV-fil. Enten du skal informere kunder om en ny kampanje, sende p\u00e5minnelser eller annet,&hellip;&nbsp;<a href=\"https:\/\/itx.no\/en\/itxsms\/\" rel=\"bookmark\">Read More &raquo;<span class=\"screen-reader-text\">ITX SMS<\/span><\/a><\/p>\n","protected":false},"author":4,"featured_media":0,"parent":0,"menu_order":0,"comment_status":"closed","ping_status":"closed","template":"","meta":{"_eb_attr":"","_monsterinsights_skip_tracking":false,"_monsterinsights_sitenote_active":false,"_monsterinsights_sitenote_note":"","_monsterinsights_sitenote_category":0,"neve_meta_sidebar":"full-width","neve_meta_container":"","neve_meta_enable_content_width":"on","neve_meta_content_width":100,"neve_meta_title_alignment":"","neve_meta_author_avatar":"","neve_post_elements_order":"","neve_meta_disable_header":"","neve_meta_disable_footer":"","neve_meta_disable_title":"","footnotes":""},"class_list":["post-6667","page","type-page","status-publish","hentry"],"yoast_head":"<!-- This site is optimized with the Yoast SEO Premium plugin v27.4 (Yoast SEO v27.5) - https:\/\/yoast.com\/product\/yoast-seo-premium-wordpress\/ -->\n<title>ITX SMS - ITX - Leverand\u00f8r av skybasert kontaktsenterl\u00f8sning<\/title>\n<meta name=\"robots\" content=\"index, follow, max-snippet:-1, max-image-preview:large, max-video-preview:-1\" \/>\n<link rel=\"canonical\" href=\"https:\/\/itx.no\/itxsms\/\" \/>\n<meta property=\"og:locale\" content=\"en_US\" \/>\n<meta property=\"og:type\" content=\"article\" \/>\n<meta property=\"og:title\" content=\"ITX SMS\" \/>\n<meta property=\"og:description\" content=\"Effektiv og personlig kommunikasjon med ITX SMS SMS Med ITX kan du enkelt n\u00e5 ut til mange mottakere samtidig, uten \u00e5 miste det personlige preget. L\u00f8sningen lar deg sende skreddersydde meldinger til store grupper ved hjelp av en enkel Excel- eller CSV-fil. Enten du skal informere kunder om en ny kampanje, sende p\u00e5minnelser eller annet,&hellip;&nbsp;Read More &raquo;ITX SMS\" \/>\n<meta property=\"og:url\" content=\"https:\/\/itx.no\/itxsms\/\" \/>\n<meta property=\"og:site_name\" content=\"ITX - Leverand\u00f8r av skybasert kontaktsenterl\u00f8sning\" \/>\n<meta property=\"article:publisher\" content=\"https:\/\/www.facebook.com\/itxnorge\" \/>\n<meta property=\"article:modified_time\" content=\"2024-09-27T15:09:15+00:00\" \/>\n<meta property=\"og:image\" content=\"https:\/\/itx.no\/wp-content\/uploads\/2024\/03\/1710756524697-1.jpeg\" \/>\n\t<meta property=\"og:image:width\" content=\"800\" \/>\n\t<meta property=\"og:image:height\" content=\"418\" \/>\n\t<meta property=\"og:image:type\" content=\"image\/jpeg\" \/>\n<meta name=\"twitter:card\" content=\"summary_large_image\" \/>\n<meta name=\"twitter:label1\" content=\"Est. reading time\" \/>\n\t<meta name=\"twitter:data1\" content=\"2 minutes\" \/>\n<script type=\"application\/ld+json\" class=\"yoast-schema-graph\">{\"@context\":\"https:\\\/\\\/schema.org\",\"@graph\":[{\"@type\":\"WebPage\",\"@id\":\"https:\\\/\\\/itx.no\\\/itxsms\\\/\",\"url\":\"https:\\\/\\\/itx.no\\\/itxsms\\\/\",\"name\":\"ITX SMS - ITX - Leverand\u00f8r av skybasert kontaktsenterl\u00f8sning\",\"isPartOf\":{\"@id\":\"https:\\\/\\\/itx.no\\\/#website\"},\"datePublished\":\"2024-09-25T14:03:09+00:00\",\"dateModified\":\"2024-09-27T15:09:15+00:00\",\"breadcrumb\":{\"@id\":\"https:\\\/\\\/itx.no\\\/itxsms\\\/#breadcrumb\"},\"inLanguage\":\"en-US\",\"potentialAction\":[{\"@type\":\"ReadAction\",\"target\":[\"https:\\\/\\\/itx.no\\\/itxsms\\\/\"]}]},{\"@type\":\"BreadcrumbList\",\"@id\":\"https:\\\/\\\/itx.no\\\/itxsms\\\/#breadcrumb\",\"itemListElement\":[{\"@type\":\"ListItem\",\"position\":1,\"name\":\"Hjem\",\"item\":\"https:\\\/\\\/itx.no\\\/\"},{\"@type\":\"ListItem\",\"position\":2,\"name\":\"ITX SMS\"}]},{\"@type\":\"WebSite\",\"@id\":\"https:\\\/\\\/itx.no\\\/#website\",\"url\":\"https:\\\/\\\/itx.no\\\/\",\"name\":\"ITX - Leverand\u00f8r av skybasert kontaktsenterl\u00f8sning\",\"description\":\"Gj\u00f8r kommunikasjon enkelt\",\"publisher\":{\"@id\":\"https:\\\/\\\/itx.no\\\/#organization\"},\"potentialAction\":[{\"@type\":\"SearchAction\",\"target\":{\"@type\":\"EntryPoint\",\"urlTemplate\":\"https:\\\/\\\/itx.no\\\/?s={search_term_string}\"},\"query-input\":{\"@type\":\"PropertyValueSpecification\",\"valueRequired\":true,\"valueName\":\"search_term_string\"}}],\"inLanguage\":\"en-US\"},{\"@type\":\"Organization\",\"@id\":\"https:\\\/\\\/itx.no\\\/#organization\",\"name\":\"ITX - Leverand\u00f8r av skybasert kontaktsenterl\u00f8sning\",\"url\":\"https:\\\/\\\/itx.no\\\/\",\"logo\":{\"@type\":\"ImageObject\",\"inLanguage\":\"en-US\",\"@id\":\"https:\\\/\\\/itx.no\\\/#\\\/schema\\\/logo\\\/image\\\/\",\"url\":\"https:\\\/\\\/itx.no\\\/wp-content\\\/uploads\\\/2021\\\/04\\\/ITX_Positive_RGB_900_smal.png\",\"contentUrl\":\"https:\\\/\\\/itx.no\\\/wp-content\\\/uploads\\\/2021\\\/04\\\/ITX_Positive_RGB_900_smal.png\",\"width\":899,\"height\":362,\"caption\":\"ITX - Leverand\u00f8r av skybasert kontaktsenterl\u00f8sning\"},\"image\":{\"@id\":\"https:\\\/\\\/itx.no\\\/#\\\/schema\\\/logo\\\/image\\\/\"},\"sameAs\":[\"https:\\\/\\\/www.facebook.com\\\/itxnorge\",\"https:\\\/\\\/www.linkedin.com\\\/company\\\/itx-norge-as\\\/\"]}]}<\/script>\n<!-- \/ Yoast SEO Premium plugin. -->","yoast_head_json":{"title":"ITX SMS - ITX - Leverand\u00f8r av skybasert kontaktsenterl\u00f8sning","robots":{"index":"index","follow":"follow","max-snippet":"max-snippet:-1","max-image-preview":"max-image-preview:large","max-video-preview":"max-video-preview:-1"},"canonical":"https:\/\/itx.no\/itxsms\/","og_locale":"en_US","og_type":"article","og_title":"ITX SMS","og_description":"Effektiv og personlig kommunikasjon med ITX SMS SMS Med ITX kan du enkelt n\u00e5 ut til mange mottakere samtidig, uten \u00e5 miste det personlige preget. L\u00f8sningen lar deg sende skreddersydde meldinger til store grupper ved hjelp av en enkel Excel- eller CSV-fil. Enten du skal informere kunder om en ny kampanje, sende p\u00e5minnelser eller annet,&hellip;&nbsp;Read More &raquo;ITX SMS","og_url":"https:\/\/itx.no\/itxsms\/","og_site_name":"ITX - Leverand\u00f8r av skybasert kontaktsenterl\u00f8sning","article_publisher":"https:\/\/www.facebook.com\/itxnorge","article_modified_time":"2024-09-27T15:09:15+00:00","og_image":[{"width":800,"height":418,"url":"https:\/\/itx.no\/wp-content\/uploads\/2024\/03\/1710756524697-1.jpeg","type":"image\/jpeg"}],"twitter_card":"summary_large_image","twitter_misc":{"Est. reading time":"2 minutes"},"schema":{"@context":"https:\/\/schema.org","@graph":[{"@type":"WebPage","@id":"https:\/\/itx.no\/itxsms\/","url":"https:\/\/itx.no\/itxsms\/","name":"ITX SMS - ITX - Leverand\u00f8r av skybasert kontaktsenterl\u00f8sning","isPartOf":{"@id":"https:\/\/itx.no\/#website"},"datePublished":"2024-09-25T14:03:09+00:00","dateModified":"2024-09-27T15:09:15+00:00","breadcrumb":{"@id":"https:\/\/itx.no\/itxsms\/#breadcrumb"},"inLanguage":"en-US","potentialAction":[{"@type":"ReadAction","target":["https:\/\/itx.no\/itxsms\/"]}]},{"@type":"BreadcrumbList","@id":"https:\/\/itx.no\/itxsms\/#breadcrumb","itemListElement":[{"@type":"ListItem","position":1,"name":"Hjem","item":"https:\/\/itx.no\/"},{"@type":"ListItem","position":2,"name":"ITX SMS"}]},{"@type":"WebSite","@id":"https:\/\/itx.no\/#website","url":"https:\/\/itx.no\/","name":"ITX - Leverand\u00f8r av skybasert kontaktsenterl\u00f8sning","description":"Gj\u00f8r kommunikasjon enkelt","publisher":{"@id":"https:\/\/itx.no\/#organization"},"potentialAction":[{"@type":"SearchAction","target":{"@type":"EntryPoint","urlTemplate":"https:\/\/itx.no\/?s={search_term_string}"},"query-input":{"@type":"PropertyValueSpecification","valueRequired":true,"valueName":"search_term_string"}}],"inLanguage":"en-US"},{"@type":"Organization","@id":"https:\/\/itx.no\/#organization","name":"ITX - Leverand\u00f8r av skybasert kontaktsenterl\u00f8sning","url":"https:\/\/itx.no\/","logo":{"@type":"ImageObject","inLanguage":"en-US","@id":"https:\/\/itx.no\/#\/schema\/logo\/image\/","url":"https:\/\/itx.no\/wp-content\/uploads\/2021\/04\/ITX_Positive_RGB_900_smal.png","contentUrl":"https:\/\/itx.no\/wp-content\/uploads\/2021\/04\/ITX_Positive_RGB_900_smal.png","width":899,"height":362,"caption":"ITX - Leverand\u00f8r av skybasert kontaktsenterl\u00f8sning"},"image":{"@id":"https:\/\/itx.no\/#\/schema\/logo\/image\/"},"sameAs":["https:\/\/www.facebook.com\/itxnorge","https:\/\/www.linkedin.com\/company\/itx-norge-as\/"]}]}},"_links":{"self":[{"href":"https:\/\/itx.no\/en\/wp-json\/wp\/v2\/pages\/6667","targetHints":{"allow":["GET"]}}],"collection":[{"href":"https:\/\/itx.no\/en\/wp-json\/wp\/v2\/pages"}],"about":[{"href":"https:\/\/itx.no\/en\/wp-json\/wp\/v2\/types\/page"}],"author":[{"embeddable":true,"href":"https:\/\/itx.no\/en\/wp-json\/wp\/v2\/users\/4"}],"replies":[{"embeddable":true,"href":"https:\/\/itx.no\/en\/wp-json\/wp\/v2\/comments?post=6667"}],"version-history":[{"count":17,"href":"https:\/\/itx.no\/en\/wp-json\/wp\/v2\/pages\/6667\/revisions"}],"predecessor-version":[{"id":6757,"href":"https:\/\/itx.no\/en\/wp-json\/wp\/v2\/pages\/6667\/revisions\/6757"}],"wp:attachment":[{"href":"https:\/\/itx.no\/en\/wp-json\/wp\/v2\/media?parent=6667"}],"curies":[{"name":"wp","href":"https:\/\/api.w.org\/{rel}","templated":true}]}}