{"id":6091,"date":"2024-05-08T14:37:30","date_gmt":"2024-05-08T12:37:30","guid":{"rendered":"https:\/\/itx.no\/?page_id=6091"},"modified":"2024-05-08T14:54:54","modified_gmt":"2024-05-08T12:54:54","slug":"innovasjon-i-generasjoner-industrigiganten-hallingplast-satset-med-itx","status":"publish","type":"page","link":"https:\/\/itx.no\/en\/innovasjon-i-generasjoner-industrigiganten-hallingplast-satset-med-itx\/","title":{"rendered":"Innovasjon i generasjoner &#8211; industrigiganten Hallingplast satset med ITX!"},"content":{"rendered":"\t\t<div data-elementor-type=\"wp-page\" data-elementor-id=\"6091\" class=\"elementor elementor-6091\" data-elementor-post-type=\"page\">\n\t\t\t\t\t\t<section class=\"elementor-section elementor-top-section elementor-element elementor-element-13cad31 elementor-section-boxed elementor-section-height-default elementor-section-height-default\" data-id=\"13cad31\" data-element_type=\"section\" data-e-type=\"section\">\n\t\t\t\t\t\t<div class=\"elementor-container elementor-column-gap-default\">\n\t\t\t\t\t<div class=\"elementor-column elementor-col-100 elementor-top-column elementor-element elementor-element-58bce99\" data-id=\"58bce99\" data-element_type=\"column\" data-e-type=\"column\">\n\t\t\t<div class=\"elementor-widget-wrap elementor-element-populated\">\n\t\t\t\t\t\t<div class=\"elementor-element elementor-element-51aab67 elementor-widget elementor-widget-heading\" data-id=\"51aab67\" data-element_type=\"widget\" data-e-type=\"widget\" data-widget_type=\"heading.default\">\n\t\t\t\t<div class=\"elementor-widget-container\">\n\t\t\t\t\t<h1 class=\"elementor-heading-title elementor-size-large\">Innovasjon i generasjoner - industrigiganten Hallingplast satset med ITX! <\/h1>\t\t\t\t<\/div>\n\t\t\t\t<\/div>\n\t\t\t\t\t<\/div>\n\t\t<\/div>\n\t\t\t\t\t<\/div>\n\t\t<\/section>\n\t\t\t\t<section class=\"elementor-section elementor-top-section elementor-element elementor-element-6218ead elementor-section-content-middle elementor-section-stretched elementor-section-boxed elementor-section-height-default elementor-section-height-default\" data-id=\"6218ead\" data-element_type=\"section\" data-e-type=\"section\" data-settings=\"{&quot;stretch_section&quot;:&quot;section-stretched&quot;,&quot;background_background&quot;:&quot;classic&quot;}\">\n\t\t\t\t\t\t<div class=\"elementor-container elementor-column-gap-no\">\n\t\t\t\t\t<div class=\"elementor-column elementor-col-50 elementor-top-column elementor-element elementor-element-b3036a1\" data-id=\"b3036a1\" data-element_type=\"column\" data-e-type=\"column\">\n\t\t\t<div class=\"elementor-widget-wrap elementor-element-populated\">\n\t\t\t\t\t\t<div class=\"elementor-element elementor-element-66ef836 elementor-widget elementor-widget-video\" data-id=\"66ef836\" data-element_type=\"widget\" data-e-type=\"widget\" data-settings=\"{&quot;youtube_url&quot;:&quot;https:\\\/\\\/youtu.be\\\/yslEjHbZvkE&quot;,&quot;autoplay&quot;:&quot;yes&quot;,&quot;play_on_mobile&quot;:&quot;yes&quot;,&quot;lazy_load&quot;:&quot;yes&quot;,&quot;video_type&quot;:&quot;youtube&quot;,&quot;controls&quot;:&quot;yes&quot;}\" data-widget_type=\"video.default\">\n\t\t\t\t<div class=\"elementor-widget-container\">\n\t\t\t\t\t\t\t<div class=\"elementor-wrapper elementor-open-inline\">\n\t\t\t<div class=\"elementor-video\"><\/div>\t\t<\/div>\n\t\t\t\t\t\t<\/div>\n\t\t\t\t<\/div>\n\t\t\t\t\t<\/div>\n\t\t<\/div>\n\t\t\t\t<div class=\"elementor-column elementor-col-50 elementor-top-column elementor-element elementor-element-e988147\" data-id=\"e988147\" data-element_type=\"column\" data-e-type=\"column\">\n\t\t\t<div class=\"elementor-widget-wrap elementor-element-populated\">\n\t\t\t\t\t\t<div class=\"elementor-element elementor-element-20b7495 elementor-widget elementor-widget-heading\" data-id=\"20b7495\" data-element_type=\"widget\" data-e-type=\"widget\" data-widget_type=\"heading.default\">\n\t\t\t\t<div class=\"elementor-widget-container\">\n\t\t\t\t\t<h2 class=\"elementor-heading-title elementor-size-medium\">\u201cDet har v\u00e6rt en gamechanger for oss\u201d - Anne Breiehagen, Hallingplast<\/h2>\t\t\t\t<\/div>\n\t\t\t\t<\/div>\n\t\t\t\t<div class=\"elementor-element elementor-element-8ca3728 elementor-widget elementor-widget-text-editor\" data-id=\"8ca3728\" data-element_type=\"widget\" data-e-type=\"widget\" data-widget_type=\"text-editor.default\">\n\t\t\t\t<div class=\"elementor-widget-container\">\n\t\t\t\t\t\t\t\t\t<p>Fra Kleivi, \u00f8verst i Hallingdal, har industribedriften Hallingplast siden 1969 skapt nye, innovative l\u00f8sninger innen PE og PP r\u00f8rsystemer. Fra oppstart og til dags dato, har Hallingplast v\u00e6rt familie-eid, og ved roret sitter n\u00e5 tredje generasjon.<\/p><p><span style=\"background-color: var( --e-global-color-nvlightbg ); font-family: var(--bodyfontfamily),var(--nv-fallback-ff); letter-spacing: var(--bodyletterspacing); text-transform: var(--bodytexttransform);\">Fra Hallingdal eksporterer virksomheten n\u00e5 til over 50 land, har vokst til over 110 ansatte, og omsetter mer enn 740 millioner kroner \u00e5rlig.\u00a0<\/span><\/p><p><span style=\"background-color: var( --e-global-color-nvlightbg ); font-family: var(--bodyfontfamily),var(--nv-fallback-ff); letter-spacing: var(--bodyletterspacing); text-transform: var(--bodytexttransform);\">Sammen med ITX har de n\u00e5 l\u00f8ftet systemparken for \u00e5 drive mer effektive salgs- ordre og kundeprosesser. L\u00f8sningen ble ITX integrert mot deres ERP-system IFS, og skal vi tro Anne Breiehagen i Hallingplast, har dette v\u00e6rt en \u201cgamechanger\u201d. Se hele videointervjuet med Anne i videoen under, og les mer om bakgrunn for deres valg av ITX, og l\u00f8sning under.\u00a0<\/span><\/p><div>\u00a0<\/div>\t\t\t\t\t\t\t\t<\/div>\n\t\t\t\t<\/div>\n\t\t\t\t\t<\/div>\n\t\t<\/div>\n\t\t\t\t\t<\/div>\n\t\t<\/section>\n\t\t\t\t<section class=\"elementor-section elementor-top-section elementor-element elementor-element-772827d elementor-section-boxed elementor-section-height-default elementor-section-height-default\" data-id=\"772827d\" data-element_type=\"section\" data-e-type=\"section\">\n\t\t\t\t\t\t<div class=\"elementor-container elementor-column-gap-default\">\n\t\t\t\t\t<div class=\"elementor-column elementor-col-100 elementor-top-column elementor-element elementor-element-5b12ca1\" data-id=\"5b12ca1\" data-element_type=\"column\" data-e-type=\"column\">\n\t\t\t<div class=\"elementor-widget-wrap elementor-element-populated\">\n\t\t\t\t\t\t<div class=\"elementor-element elementor-element-3d43ba2 elementor-widget elementor-widget-heading\" data-id=\"3d43ba2\" data-element_type=\"widget\" data-e-type=\"widget\" data-widget_type=\"heading.default\">\n\t\t\t\t<div class=\"elementor-widget-container\">\n\t\t\t\t\t<h2 class=\"elementor-heading-title elementor-size-medium\">Utfordring med kommunikasjon utl\u00f8ste anskaffelse <\/h2>\t\t\t\t<\/div>\n\t\t\t\t<\/div>\n\t\t\t\t<div class=\"elementor-element elementor-element-3c4d26b elementor-widget elementor-widget-text-editor\" data-id=\"3c4d26b\" data-element_type=\"widget\" data-e-type=\"widget\" data-widget_type=\"text-editor.default\">\n\t\t\t\t<div class=\"elementor-widget-container\">\n\t\t\t\t\t\t\t\t\t<ol>\n<li>Med vekst, og mange kunder og kolleger p\u00e5 ulike lokasjoner og land, kom gradvis utfordringene med \u00e5 holde kontroll p\u00e5 all kundedialog og intern samhandling i ulike prosjekter.<\/li>\n<\/ol>\n<p>Hallingplast besluttet \u00e5 g\u00e5 til anskaffelse av kontaktsenterl\u00f8sning, og det ble gjort en omfattende jobb for \u00e5 kartlegge ulike l\u00f8sninger i markedet.<\/p>\n<p><span style=\"font-size: 12pt; font-family: Arial, sans-serif; color: #000000; background-color: transparent; font-weight: bold; font-variant-numeric: normal; font-variant-east-asian: normal; font-variant-alternates: normal; font-variant-position: normal; vertical-align: baseline; white-space-collapse: preserve;\">&nbsp;<\/span><img fetchpriority=\"high\" decoding=\"async\" class=\" wp-image-6095 aligncenter\" src=\"https:\/\/itx.no\/wp-content\/uploads\/2024\/05\/image1.png\" alt=\"\" width=\"402\" height=\"429\" srcset=\"https:\/\/itx.no\/wp-content\/uploads\/2024\/05\/image1.png 610w, https:\/\/itx.no\/wp-content\/uploads\/2024\/05\/image1-281x300.png 281w\" sizes=\"(max-width: 402px) 100vw, 402px\" \/><\/p>\n<p>Salgs- og markedssjef \u00d8ystein Kolberg peker p\u00e5 noen avgj\u00f8rende faktorer p\u00e5 at valget falt p\u00e5 ITX;&nbsp;&nbsp;<\/p>\n<ul>\n<li>God og fleksibel ticketl\u00f8sning \u2013 spesielt viktig for oss var muligheten for \u00e5 f\u00f8lge en sak med mange ulike kontaktpersoner involvert, muligheten for \u00e5 sl\u00e5 sammen saker og f\u00e5 god oversikt over et prosjekt fra tilbudsprosess til leveranse.<\/li>\n<li>God l\u00f8sning \u2018ut av boksen\u2019, men likevel relativ enkel \u00e5 tilpasse til v\u00e5re behov.<\/li>\n<li>Kontaktsenter og CRM funksjonalitet i ett og samme system, gj\u00f8r det enkelt \u00e5 holde oversikt over p\u00e5g\u00e5ende dialoger og prosjekter for alle med kundekontakt.<\/li>\n<li>Norsk leverand\u00f8r, med lokal utvikling og support.<\/li>\n<li>Gode referanser og god oppf\u00f8lgning underveis i v\u00e5r kartleggings, kj\u00f8ps og implementeringsprosess.<\/li><\/ul><div><br><\/div><span style=\"background-color: var(--nv-site-bg); color: var(--nv-text-color); font-family: var(--bodyfontfamily),var(--nv-fallback-ff); font-size: var(--bodyfontsize); font-weight: var(--bodyfontweight); letter-spacing: var(--bodyletterspacing); text-transform: var(--bodytexttransform);\">ITX er stolte av \u00e5 levere sentrale l\u00f8sninger for hj\u00f8rnesteinen fra Hallingdal, og ser frem til et langt og fruktbart samarbeid!<\/span><br><ul>\n<\/ul>\t\t\t\t\t\t\t\t<\/div>\n\t\t\t\t<\/div>\n\t\t\t\t<div class=\"elementor-element elementor-element-3b712fd elementor-widget-divider--view-line elementor-widget elementor-widget-divider\" data-id=\"3b712fd\" data-element_type=\"widget\" data-e-type=\"widget\" data-widget_type=\"divider.default\">\n\t\t\t\t<div class=\"elementor-widget-container\">\n\t\t\t\t\t\t\t<div class=\"elementor-divider\">\n\t\t\t<span class=\"elementor-divider-separator\">\n\t\t\t\t\t\t<\/span>\n\t\t<\/div>\n\t\t\t\t\t\t<\/div>\n\t\t\t\t<\/div>\n\t\t\t\t<div class=\"elementor-element elementor-element-1b5dd34 elementor-widget elementor-widget-heading\" data-id=\"1b5dd34\" data-element_type=\"widget\" data-e-type=\"widget\" data-widget_type=\"heading.default\">\n\t\t\t\t<div class=\"elementor-widget-container\">\n\t\t\t\t\t<h2 class=\"elementor-heading-title elementor-size-medium\">Er du klar for \u00e5 l\u00f8fte kundesenteret ditt inn i fremtiden? <\/h2>\t\t\t\t<\/div>\n\t\t\t\t<\/div>\n\t\t\t\t<div class=\"elementor-element elementor-element-7e7b3cb elementor-widget elementor-widget-text-editor\" data-id=\"7e7b3cb\" data-element_type=\"widget\" data-e-type=\"widget\" data-widget_type=\"text-editor.default\">\n\t\t\t\t<div class=\"elementor-widget-container\">\n\t\t\t\t\t\t\t\t\t<p>Ta kontakt med oss p\u00e5 telefon +47 236 80 405, send oss en epost til\u00a0<a href=\"mailto:salg@itxuc.com\" target=\"_blank\" rel=\"noopener\">salg@itxuc.com<\/a>\u00a0eller bruk skjemaet nedenfor.<\/p>\t\t\t\t\t\t\t\t<\/div>\n\t\t\t\t<\/div>\n\t\t\t\t<div class=\"elementor-element elementor-element-cfa85f5 elementor-widget elementor-widget-html\" data-id=\"cfa85f5\" data-element_type=\"widget\" data-e-type=\"widget\" data-widget_type=\"html.default\">\n\t\t\t\t<div class=\"elementor-widget-container\">\n\t\t\t\t\t<script id=\"itx-schema-plugin\" src=\"https:\/\/services.itxuc.com\/plugins\/schema-plugin.js?ccntrl=6\"><\/script>\n<div style=\"padding: 0em; width:350px; background-color: white; border-radius: 10px\">\n    <div class=\"schema\" data-type=\"itx-schema-container\" data-emsc-id=\"2\" data-corp-id=\"13\" data-hash=\"1e3fb39eea63f6d9d9bdcd3fe3bc9521\">\n    <\/div>\n<\/div>\t\t\t\t<\/div>\n\t\t\t\t<\/div>\n\t\t\t\t\t<\/div>\n\t\t<\/div>\n\t\t\t\t\t<\/div>\n\t\t<\/section>\n\t\t\t\t<\/div>\n\t\t","protected":false},"excerpt":{"rendered":"<p>Innovasjon i generasjoner &#8211; industrigiganten Hallingplast satset med ITX! \u201cDet har v\u00e6rt en gamechanger for oss\u201d &#8211; Anne Breiehagen, Hallingplast Fra Kleivi, \u00f8verst i Hallingdal, har industribedriften Hallingplast siden 1969 skapt nye, innovative l\u00f8sninger innen PE og PP r\u00f8rsystemer. Fra oppstart og til dags dato, har Hallingplast v\u00e6rt familie-eid, og ved roret sitter n\u00e5 tredje&hellip;&nbsp;<a href=\"https:\/\/itx.no\/en\/innovasjon-i-generasjoner-industrigiganten-hallingplast-satset-med-itx\/\" rel=\"bookmark\">Read More &raquo;<span class=\"screen-reader-text\">Innovasjon i generasjoner &#8211; industrigiganten Hallingplast satset med ITX!<\/span><\/a><\/p>\n","protected":false},"author":3,"featured_media":0,"parent":0,"menu_order":0,"comment_status":"closed","ping_status":"closed","template":"page-templates\/template-pagebuilder-full-width.php","meta":{"_eb_attr":"","_monsterinsights_skip_tracking":false,"_monsterinsights_sitenote_active":false,"_monsterinsights_sitenote_note":"","_monsterinsights_sitenote_category":0,"neve_meta_sidebar":"","neve_meta_container":"","neve_meta_enable_content_width":"","neve_meta_content_width":0,"neve_meta_title_alignment":"","neve_meta_author_avatar":"","neve_post_elements_order":"","neve_meta_disable_header":"","neve_meta_disable_footer":"","neve_meta_disable_title":"","footnotes":""},"class_list":["post-6091","page","type-page","status-publish","hentry"],"yoast_head":"<!-- This site is optimized with the Yoast SEO Premium plugin v27.3 (Yoast SEO v27.3) - https:\/\/yoast.com\/product\/yoast-seo-premium-wordpress\/ -->\n<title>Innovasjon i generasjoner - industrigiganten Hallingplast satset med ITX! - ITX - Leverand\u00f8r av skybasert kontaktsenterl\u00f8sning<\/title>\n<meta name=\"robots\" content=\"index, follow, max-snippet:-1, max-image-preview:large, max-video-preview:-1\" \/>\n<link rel=\"canonical\" href=\"https:\/\/itx.no\/innovasjon-i-generasjoner-industrigiganten-hallingplast-satset-med-itx\/\" \/>\n<meta property=\"og:locale\" content=\"en_US\" \/>\n<meta property=\"og:type\" content=\"article\" \/>\n<meta property=\"og:title\" content=\"Innovasjon i generasjoner - industrigiganten Hallingplast satset med ITX!\" \/>\n<meta property=\"og:description\" content=\"Innovasjon i generasjoner &#8211; industrigiganten Hallingplast satset med ITX! \u201cDet har v\u00e6rt en gamechanger for oss\u201d &#8211; Anne Breiehagen, Hallingplast Fra Kleivi, \u00f8verst i Hallingdal, har industribedriften Hallingplast siden 1969 skapt nye, innovative l\u00f8sninger innen PE og PP r\u00f8rsystemer. Fra oppstart og til dags dato, har Hallingplast v\u00e6rt familie-eid, og ved roret sitter n\u00e5 tredje&hellip;&nbsp;Read More &raquo;Innovasjon i generasjoner &#8211; industrigiganten Hallingplast satset med ITX!\" \/>\n<meta property=\"og:url\" content=\"https:\/\/itx.no\/innovasjon-i-generasjoner-industrigiganten-hallingplast-satset-med-itx\/\" \/>\n<meta property=\"og:site_name\" content=\"ITX - Leverand\u00f8r av skybasert kontaktsenterl\u00f8sning\" \/>\n<meta property=\"article:publisher\" content=\"https:\/\/www.facebook.com\/itxnorge\" \/>\n<meta property=\"article:modified_time\" content=\"2024-05-08T12:54:54+00:00\" \/>\n<meta property=\"og:image\" content=\"https:\/\/itx.no\/wp-content\/uploads\/2024\/05\/image1.png\" \/>\n<meta name=\"twitter:card\" content=\"summary_large_image\" \/>\n<meta name=\"twitter:label1\" content=\"Est. reading time\" \/>\n\t<meta name=\"twitter:data1\" content=\"3 minutes\" \/>\n<script type=\"application\/ld+json\" class=\"yoast-schema-graph\">{\"@context\":\"https:\\\/\\\/schema.org\",\"@graph\":[{\"@type\":\"WebPage\",\"@id\":\"https:\\\/\\\/itx.no\\\/innovasjon-i-generasjoner-industrigiganten-hallingplast-satset-med-itx\\\/\",\"url\":\"https:\\\/\\\/itx.no\\\/innovasjon-i-generasjoner-industrigiganten-hallingplast-satset-med-itx\\\/\",\"name\":\"Innovasjon i generasjoner - industrigiganten Hallingplast satset med ITX! - ITX - Leverand\u00f8r av skybasert kontaktsenterl\u00f8sning\",\"isPartOf\":{\"@id\":\"https:\\\/\\\/itx.no\\\/#website\"},\"primaryImageOfPage\":{\"@id\":\"https:\\\/\\\/itx.no\\\/innovasjon-i-generasjoner-industrigiganten-hallingplast-satset-med-itx\\\/#primaryimage\"},\"image\":{\"@id\":\"https:\\\/\\\/itx.no\\\/innovasjon-i-generasjoner-industrigiganten-hallingplast-satset-med-itx\\\/#primaryimage\"},\"thumbnailUrl\":\"https:\\\/\\\/itx.no\\\/wp-content\\\/uploads\\\/2024\\\/05\\\/image1.png\",\"datePublished\":\"2024-05-08T12:37:30+00:00\",\"dateModified\":\"2024-05-08T12:54:54+00:00\",\"breadcrumb\":{\"@id\":\"https:\\\/\\\/itx.no\\\/innovasjon-i-generasjoner-industrigiganten-hallingplast-satset-med-itx\\\/#breadcrumb\"},\"inLanguage\":\"en-US\",\"potentialAction\":[{\"@type\":\"ReadAction\",\"target\":[\"https:\\\/\\\/itx.no\\\/innovasjon-i-generasjoner-industrigiganten-hallingplast-satset-med-itx\\\/\"]}]},{\"@type\":\"ImageObject\",\"inLanguage\":\"en-US\",\"@id\":\"https:\\\/\\\/itx.no\\\/innovasjon-i-generasjoner-industrigiganten-hallingplast-satset-med-itx\\\/#primaryimage\",\"url\":\"https:\\\/\\\/itx.no\\\/wp-content\\\/uploads\\\/2024\\\/05\\\/image1.png\",\"contentUrl\":\"https:\\\/\\\/itx.no\\\/wp-content\\\/uploads\\\/2024\\\/05\\\/image1.png\"},{\"@type\":\"BreadcrumbList\",\"@id\":\"https:\\\/\\\/itx.no\\\/innovasjon-i-generasjoner-industrigiganten-hallingplast-satset-med-itx\\\/#breadcrumb\",\"itemListElement\":[{\"@type\":\"ListItem\",\"position\":1,\"name\":\"Hjem\",\"item\":\"https:\\\/\\\/itx.no\\\/\"},{\"@type\":\"ListItem\",\"position\":2,\"name\":\"Innovasjon i generasjoner &#8211; industrigiganten Hallingplast satset med ITX!\"}]},{\"@type\":\"WebSite\",\"@id\":\"https:\\\/\\\/itx.no\\\/#website\",\"url\":\"https:\\\/\\\/itx.no\\\/\",\"name\":\"ITX - Leverand\u00f8r av skybasert kontaktsenterl\u00f8sning\",\"description\":\"Gj\u00f8r kommunikasjon enkelt\",\"publisher\":{\"@id\":\"https:\\\/\\\/itx.no\\\/#organization\"},\"potentialAction\":[{\"@type\":\"SearchAction\",\"target\":{\"@type\":\"EntryPoint\",\"urlTemplate\":\"https:\\\/\\\/itx.no\\\/?s={search_term_string}\"},\"query-input\":{\"@type\":\"PropertyValueSpecification\",\"valueRequired\":true,\"valueName\":\"search_term_string\"}}],\"inLanguage\":\"en-US\"},{\"@type\":\"Organization\",\"@id\":\"https:\\\/\\\/itx.no\\\/#organization\",\"name\":\"ITX - Leverand\u00f8r av skybasert kontaktsenterl\u00f8sning\",\"url\":\"https:\\\/\\\/itx.no\\\/\",\"logo\":{\"@type\":\"ImageObject\",\"inLanguage\":\"en-US\",\"@id\":\"https:\\\/\\\/itx.no\\\/#\\\/schema\\\/logo\\\/image\\\/\",\"url\":\"https:\\\/\\\/itx.no\\\/wp-content\\\/uploads\\\/2021\\\/04\\\/ITX_Positive_RGB_900_smal.png\",\"contentUrl\":\"https:\\\/\\\/itx.no\\\/wp-content\\\/uploads\\\/2021\\\/04\\\/ITX_Positive_RGB_900_smal.png\",\"width\":899,\"height\":362,\"caption\":\"ITX - Leverand\u00f8r av skybasert kontaktsenterl\u00f8sning\"},\"image\":{\"@id\":\"https:\\\/\\\/itx.no\\\/#\\\/schema\\\/logo\\\/image\\\/\"},\"sameAs\":[\"https:\\\/\\\/www.facebook.com\\\/itxnorge\",\"https:\\\/\\\/www.linkedin.com\\\/company\\\/itx-norge-as\\\/\"]}]}<\/script>\n<!-- \/ Yoast SEO Premium plugin. -->","yoast_head_json":{"title":"Innovasjon i generasjoner - industrigiganten Hallingplast satset med ITX! - ITX - Leverand\u00f8r av skybasert kontaktsenterl\u00f8sning","robots":{"index":"index","follow":"follow","max-snippet":"max-snippet:-1","max-image-preview":"max-image-preview:large","max-video-preview":"max-video-preview:-1"},"canonical":"https:\/\/itx.no\/innovasjon-i-generasjoner-industrigiganten-hallingplast-satset-med-itx\/","og_locale":"en_US","og_type":"article","og_title":"Innovasjon i generasjoner - industrigiganten Hallingplast satset med ITX!","og_description":"Innovasjon i generasjoner &#8211; industrigiganten Hallingplast satset med ITX! \u201cDet har v\u00e6rt en gamechanger for oss\u201d &#8211; Anne Breiehagen, Hallingplast Fra Kleivi, \u00f8verst i Hallingdal, har industribedriften Hallingplast siden 1969 skapt nye, innovative l\u00f8sninger innen PE og PP r\u00f8rsystemer. Fra oppstart og til dags dato, har Hallingplast v\u00e6rt familie-eid, og ved roret sitter n\u00e5 tredje&hellip;&nbsp;Read More &raquo;Innovasjon i generasjoner &#8211; industrigiganten Hallingplast satset med ITX!","og_url":"https:\/\/itx.no\/innovasjon-i-generasjoner-industrigiganten-hallingplast-satset-med-itx\/","og_site_name":"ITX - Leverand\u00f8r av skybasert kontaktsenterl\u00f8sning","article_publisher":"https:\/\/www.facebook.com\/itxnorge","article_modified_time":"2024-05-08T12:54:54+00:00","og_image":[{"url":"https:\/\/itx.no\/wp-content\/uploads\/2024\/05\/image1.png","type":"","width":"","height":""}],"twitter_card":"summary_large_image","twitter_misc":{"Est. reading time":"3 minutes"},"schema":{"@context":"https:\/\/schema.org","@graph":[{"@type":"WebPage","@id":"https:\/\/itx.no\/innovasjon-i-generasjoner-industrigiganten-hallingplast-satset-med-itx\/","url":"https:\/\/itx.no\/innovasjon-i-generasjoner-industrigiganten-hallingplast-satset-med-itx\/","name":"Innovasjon i generasjoner - industrigiganten Hallingplast satset med ITX! - ITX - Leverand\u00f8r av skybasert kontaktsenterl\u00f8sning","isPartOf":{"@id":"https:\/\/itx.no\/#website"},"primaryImageOfPage":{"@id":"https:\/\/itx.no\/innovasjon-i-generasjoner-industrigiganten-hallingplast-satset-med-itx\/#primaryimage"},"image":{"@id":"https:\/\/itx.no\/innovasjon-i-generasjoner-industrigiganten-hallingplast-satset-med-itx\/#primaryimage"},"thumbnailUrl":"https:\/\/itx.no\/wp-content\/uploads\/2024\/05\/image1.png","datePublished":"2024-05-08T12:37:30+00:00","dateModified":"2024-05-08T12:54:54+00:00","breadcrumb":{"@id":"https:\/\/itx.no\/innovasjon-i-generasjoner-industrigiganten-hallingplast-satset-med-itx\/#breadcrumb"},"inLanguage":"en-US","potentialAction":[{"@type":"ReadAction","target":["https:\/\/itx.no\/innovasjon-i-generasjoner-industrigiganten-hallingplast-satset-med-itx\/"]}]},{"@type":"ImageObject","inLanguage":"en-US","@id":"https:\/\/itx.no\/innovasjon-i-generasjoner-industrigiganten-hallingplast-satset-med-itx\/#primaryimage","url":"https:\/\/itx.no\/wp-content\/uploads\/2024\/05\/image1.png","contentUrl":"https:\/\/itx.no\/wp-content\/uploads\/2024\/05\/image1.png"},{"@type":"BreadcrumbList","@id":"https:\/\/itx.no\/innovasjon-i-generasjoner-industrigiganten-hallingplast-satset-med-itx\/#breadcrumb","itemListElement":[{"@type":"ListItem","position":1,"name":"Hjem","item":"https:\/\/itx.no\/"},{"@type":"ListItem","position":2,"name":"Innovasjon i generasjoner &#8211; industrigiganten Hallingplast satset med ITX!"}]},{"@type":"WebSite","@id":"https:\/\/itx.no\/#website","url":"https:\/\/itx.no\/","name":"ITX - Leverand\u00f8r av skybasert kontaktsenterl\u00f8sning","description":"Gj\u00f8r kommunikasjon enkelt","publisher":{"@id":"https:\/\/itx.no\/#organization"},"potentialAction":[{"@type":"SearchAction","target":{"@type":"EntryPoint","urlTemplate":"https:\/\/itx.no\/?s={search_term_string}"},"query-input":{"@type":"PropertyValueSpecification","valueRequired":true,"valueName":"search_term_string"}}],"inLanguage":"en-US"},{"@type":"Organization","@id":"https:\/\/itx.no\/#organization","name":"ITX - Leverand\u00f8r av skybasert kontaktsenterl\u00f8sning","url":"https:\/\/itx.no\/","logo":{"@type":"ImageObject","inLanguage":"en-US","@id":"https:\/\/itx.no\/#\/schema\/logo\/image\/","url":"https:\/\/itx.no\/wp-content\/uploads\/2021\/04\/ITX_Positive_RGB_900_smal.png","contentUrl":"https:\/\/itx.no\/wp-content\/uploads\/2021\/04\/ITX_Positive_RGB_900_smal.png","width":899,"height":362,"caption":"ITX - Leverand\u00f8r av skybasert kontaktsenterl\u00f8sning"},"image":{"@id":"https:\/\/itx.no\/#\/schema\/logo\/image\/"},"sameAs":["https:\/\/www.facebook.com\/itxnorge","https:\/\/www.linkedin.com\/company\/itx-norge-as\/"]}]}},"_links":{"self":[{"href":"https:\/\/itx.no\/en\/wp-json\/wp\/v2\/pages\/6091","targetHints":{"allow":["GET"]}}],"collection":[{"href":"https:\/\/itx.no\/en\/wp-json\/wp\/v2\/pages"}],"about":[{"href":"https:\/\/itx.no\/en\/wp-json\/wp\/v2\/types\/page"}],"author":[{"embeddable":true,"href":"https:\/\/itx.no\/en\/wp-json\/wp\/v2\/users\/3"}],"replies":[{"embeddable":true,"href":"https:\/\/itx.no\/en\/wp-json\/wp\/v2\/comments?post=6091"}],"version-history":[{"count":10,"href":"https:\/\/itx.no\/en\/wp-json\/wp\/v2\/pages\/6091\/revisions"}],"predecessor-version":[{"id":6129,"href":"https:\/\/itx.no\/en\/wp-json\/wp\/v2\/pages\/6091\/revisions\/6129"}],"wp:attachment":[{"href":"https:\/\/itx.no\/en\/wp-json\/wp\/v2\/media?parent=6091"}],"curies":[{"name":"wp","href":"https:\/\/api.w.org\/{rel}","templated":true}]}}