{"id":589,"date":"2021-04-07T22:14:28","date_gmt":"2021-04-07T20:14:28","guid":{"rendered":"http:\/\/benedicte2.itx.no\/contact\/"},"modified":"2025-05-30T08:31:28","modified_gmt":"2025-05-30T06:31:28","slug":"contact","status":"publish","type":"page","link":"https:\/\/itx.no\/en\/contact\/","title":{"rendered":"Contact"},"content":{"rendered":"\t\t<div data-elementor-type=\"wp-page\" data-elementor-id=\"589\" class=\"elementor elementor-589 elementor-31\" data-elementor-post-type=\"page\">\n\t\t\t\t\t\t<section class=\"elementor-section elementor-top-section elementor-element elementor-element-21f4f79 elementor-section-boxed elementor-section-height-default elementor-section-height-default\" data-id=\"21f4f79\" data-element_type=\"section\" data-e-type=\"section\">\n\t\t\t\t\t\t<div class=\"elementor-container elementor-column-gap-default\">\n\t\t\t\t\t<div class=\"elementor-column elementor-col-50 elementor-top-column elementor-element elementor-element-4c8cd5c\" data-id=\"4c8cd5c\" data-element_type=\"column\" data-e-type=\"column\">\n\t\t\t<div class=\"elementor-widget-wrap elementor-element-populated\">\n\t\t\t\t\t\t<div class=\"elementor-element elementor-element-281dc08 elementor-widget elementor-widget-heading\" data-id=\"281dc08\" data-element_type=\"widget\" data-e-type=\"widget\" data-widget_type=\"heading.default\">\n\t\t\t\t<div class=\"elementor-widget-container\">\n\t\t\t\t\t<h1 class=\"elementor-heading-title elementor-size-default\">Contact<\/h1>\t\t\t\t<\/div>\n\t\t\t\t<\/div>\n\t\t\t\t\t<\/div>\n\t\t<\/div>\n\t\t\t\t<div class=\"elementor-column elementor-col-50 elementor-top-column elementor-element elementor-element-a8046f9\" data-id=\"a8046f9\" data-element_type=\"column\" data-e-type=\"column\">\n\t\t\t<div class=\"elementor-widget-wrap\">\n\t\t\t\t\t\t\t<\/div>\n\t\t<\/div>\n\t\t\t\t\t<\/div>\n\t\t<\/section>\n\t\t\t\t<section class=\"elementor-section elementor-top-section elementor-element elementor-element-254dee20 elementor-section-content-middle elementor-section-boxed elementor-section-height-default elementor-section-height-default\" data-id=\"254dee20\" data-element_type=\"section\" data-e-type=\"section\" data-settings=\"{&quot;background_background&quot;:&quot;classic&quot;}\">\n\t\t\t\t\t\t<div class=\"elementor-container elementor-column-gap-no\">\n\t\t\t\t\t<div class=\"elementor-column elementor-col-100 elementor-top-column elementor-element elementor-element-6fa34040\" data-id=\"6fa34040\" data-element_type=\"column\" data-e-type=\"column\">\n\t\t\t<div class=\"elementor-widget-wrap elementor-element-populated\">\n\t\t\t\t\t\t<section class=\"elementor-section elementor-inner-section elementor-element elementor-element-6da06ffe elementor-section-content-middle elementor-section-boxed elementor-section-height-default elementor-section-height-default\" data-id=\"6da06ffe\" data-element_type=\"section\" data-e-type=\"section\">\n\t\t\t\t\t\t<div class=\"elementor-container elementor-column-gap-no\">\n\t\t\t\t\t<div class=\"elementor-column elementor-col-50 elementor-inner-column elementor-element elementor-element-4db85afb\" data-id=\"4db85afb\" data-element_type=\"column\" data-e-type=\"column\">\n\t\t\t<div class=\"elementor-widget-wrap elementor-element-populated\">\n\t\t\t\t\t\t<div class=\"elementor-element elementor-element-fc5a79a elementor-widget elementor-widget-heading\" data-id=\"fc5a79a\" data-element_type=\"widget\" data-e-type=\"widget\" data-widget_type=\"heading.default\">\n\t\t\t\t<div class=\"elementor-widget-container\">\n\t\t\t\t\t<h4 class=\"elementor-heading-title elementor-size-default\">Sales<\/h4>\t\t\t\t<\/div>\n\t\t\t\t<\/div>\n\t\t\t\t<div class=\"elementor-element elementor-element-37233ba elementor-widget elementor-widget-text-editor\" data-id=\"37233ba\" data-element_type=\"widget\" data-e-type=\"widget\" data-widget_type=\"text-editor.default\">\n\t\t\t\t<div class=\"elementor-widget-container\">\n\t\t\t\t\t\t\t\t\t<p>Telephone: +47 236 80 405<br \/>\n<span style=\"background-color: var( --e-global-color-nvlightbg ); color: var(--nv-text-color); font-family: Poppins, var(--nv-fallback-ff); letter-spacing: 0px;\">Email: salg@itx.no<br \/>\nOpening hours: Monday to friday from 08.00 to 17.00<\/span><\/p>\n\t\t\t\t\t\t\t\t<\/div>\n\t\t\t\t<\/div>\n\t\t\t\t\t<\/div>\n\t\t<\/div>\n\t\t\t\t<div class=\"elementor-column elementor-col-50 elementor-inner-column elementor-element elementor-element-0a47194\" data-id=\"0a47194\" data-element_type=\"column\" data-e-type=\"column\">\n\t\t\t<div class=\"elementor-widget-wrap elementor-element-populated\">\n\t\t\t\t\t\t<div class=\"elementor-element elementor-element-b67b496 elementor-widget elementor-widget-heading\" data-id=\"b67b496\" data-element_type=\"widget\" data-e-type=\"widget\" data-widget_type=\"heading.default\">\n\t\t\t\t<div class=\"elementor-widget-container\">\n\t\t\t\t\t<h4 class=\"elementor-heading-title elementor-size-default\">Support<\/h4>\t\t\t\t<\/div>\n\t\t\t\t<\/div>\n\t\t\t\t<div class=\"elementor-element elementor-element-4cf41e8 elementor-widget elementor-widget-text-editor\" data-id=\"4cf41e8\" data-element_type=\"widget\" data-e-type=\"widget\" data-widget_type=\"text-editor.default\">\n\t\t\t\t<div class=\"elementor-widget-container\">\n\t\t\t\t\t\t\t\t\t<p>Telephone: +47 236 80 400<br \/>\n<span style=\"background-color: var( --e-global-color-nvlightbg ); color: var(--nv-text-color); font-family: Poppins, var(--nv-fallback-ff); letter-spacing: 0px;\">Email: support@itx.no<br \/>\nOpening hours: Monday to friday from 08.00 to 16.00<\/span><\/p>\n\t\t\t\t\t\t\t\t<\/div>\n\t\t\t\t<\/div>\n\t\t\t\t\t<\/div>\n\t\t<\/div>\n\t\t\t\t\t<\/div>\n\t\t<\/section>\n\t\t\t\t\t<\/div>\n\t\t<\/div>\n\t\t\t\t\t<\/div>\n\t\t<\/section>\n\t\t\t\t<section class=\"elementor-section elementor-top-section elementor-element elementor-element-5441218 elementor-section-content-middle elementor-section-boxed elementor-section-height-default elementor-section-height-default\" data-id=\"5441218\" data-element_type=\"section\" data-e-type=\"section\" data-settings=\"{&quot;background_background&quot;:&quot;classic&quot;}\">\n\t\t\t\t\t\t<div class=\"elementor-container elementor-column-gap-default\">\n\t\t\t\t\t<div class=\"elementor-column elementor-col-50 elementor-top-column elementor-element elementor-element-123d449\" data-id=\"123d449\" data-element_type=\"column\" data-e-type=\"column\" data-settings=\"{&quot;background_background&quot;:&quot;classic&quot;}\">\n\t\t\t<div class=\"elementor-widget-wrap elementor-element-populated\">\n\t\t\t\t\t\t<div class=\"elementor-element elementor-element-d25d733 elementor-widget elementor-widget-heading\" data-id=\"d25d733\" data-element_type=\"widget\" data-e-type=\"widget\" data-widget_type=\"heading.default\">\n\t\t\t\t<div class=\"elementor-widget-container\">\n\t\t\t\t\t<h2 class=\"elementor-heading-title elementor-size-default\"> Send us a message to arrange a non-binding demo<\/h2>\t\t\t\t<\/div>\n\t\t\t\t<\/div>\n\t\t\t\t<div class=\"elementor-element elementor-element-8e28ce9 elementor-widget elementor-widget-text-editor\" data-id=\"8e28ce9\" data-element_type=\"widget\" data-e-type=\"widget\" data-widget_type=\"text-editor.default\">\n\t\t\t\t<div class=\"elementor-widget-container\">\n\t\t\t\t\t\t\t\t\t<p id=\"tw-target-text\" class=\"tw-data-text tw-text-large XcVN5d tw-ta\" dir=\"ltr\" data-placeholder=\"Oversettelse\"><span class=\"Y2IQFc\" lang=\"en\">We look forward to hearing from you!<\/span><\/p>\n\t\t\t\t\t\t\t\t<\/div>\n\t\t\t\t<\/div>\n\t\t\t\t\t<\/div>\n\t\t<\/div>\n\t\t\t\t<div class=\"elementor-column elementor-col-50 elementor-top-column elementor-element elementor-element-b3387f2\" data-id=\"b3387f2\" data-element_type=\"column\" data-e-type=\"column\">\n\t\t\t<div class=\"elementor-widget-wrap elementor-element-populated\">\n\t\t\t\t\t\t<div class=\"elementor-element elementor-element-422973c elementor-widget elementor-widget-html\" data-id=\"422973c\" data-element_type=\"widget\" data-e-type=\"widget\" data-widget_type=\"html.default\">\n\t\t\t\t<div class=\"elementor-widget-container\">\n\t\t\t\t\t<script id=\"itx-schema-plugin\" charset=\"utf-8\" async src=\"https:\/\/services.itxuc.com\/plugins\/schema-plugin.js?ccntrl=6\"><\/script>\n<div data-type=\"itx-schema-container\" data-emsc-id=\"70\" data-corp-id=\"13\" data-hash=\"521a02de83dc9ae596e036fc0ff56673\"><\/div>\t\t\t\t<\/div>\n\t\t\t\t<\/div>\n\t\t\t\t\t<\/div>\n\t\t<\/div>\n\t\t\t\t\t<\/div>\n\t\t<\/section>\n\t\t\t\t<section class=\"elementor-section elementor-top-section elementor-element elementor-element-7b109cca elementor-section-full_width elementor-section-height-default elementor-section-height-default\" data-id=\"7b109cca\" data-element_type=\"section\" data-e-type=\"section\" data-settings=\"{&quot;background_background&quot;:&quot;classic&quot;}\">\n\t\t\t\t\t\t<div class=\"elementor-container elementor-column-gap-no\">\n\t\t\t\t\t<div class=\"elementor-column elementor-col-100 elementor-top-column elementor-element elementor-element-5024cbd8\" data-id=\"5024cbd8\" data-element_type=\"column\" data-e-type=\"column\">\n\t\t\t<div class=\"elementor-widget-wrap elementor-element-populated\">\n\t\t\t\t\t\t<div class=\"elementor-element elementor-element-f211c0b elementor-view-stacked elementor-shape-circle elementor-position-block-start elementor-mobile-position-block-start elementor-widget elementor-widget-icon-box\" data-id=\"f211c0b\" data-element_type=\"widget\" data-e-type=\"widget\" data-widget_type=\"icon-box.default\">\n\t\t\t\t<div class=\"elementor-widget-container\">\n\t\t\t\t\t\t\t<div class=\"elementor-icon-box-wrapper\">\n\n\t\t\t\t\t\t<div class=\"elementor-icon-box-icon\">\n\t\t\t\t<span  class=\"elementor-icon\">\n\t\t\t\t<i aria-hidden=\"true\" class=\"fas fa-map-marker-alt\"><\/i>\t\t\t\t<\/span>\n\t\t\t<\/div>\n\t\t\t\n\t\t\t\t\t\t<div class=\"elementor-icon-box-content\">\n\n\t\t\t\t\t\t\t\t\t<h3 class=\"elementor-icon-box-title\">\n\t\t\t\t\t\t<span  >\n\t\t\t\t\t\t\tLocation\t\t\t\t\t\t<\/span>\n\t\t\t\t\t<\/h3>\n\t\t\t\t\n\t\t\t\t\t\t\t\t\t<p class=\"elementor-icon-box-description\">\n\t\t\t\t\t\t<br>Borgeskogen 4, 3160 Stokke, Norway\t\t\t\t\t<\/p>\n\t\t\t\t\n\t\t\t<\/div>\n\t\t\t\n\t\t<\/div>\n\t\t\t\t\t\t<\/div>\n\t\t\t\t<\/div>\n\t\t\t\t<div class=\"elementor-element elementor-element-4e4b6b0 elementor-shape-rounded elementor-grid-0 e-grid-align-center elementor-widget elementor-widget-social-icons\" data-id=\"4e4b6b0\" data-element_type=\"widget\" data-e-type=\"widget\" data-widget_type=\"social-icons.default\">\n\t\t\t\t<div class=\"elementor-widget-container\">\n\t\t\t\t\t\t\t<div class=\"elementor-social-icons-wrapper elementor-grid\" role=\"list\">\n\t\t\t\t\t\t\t<span class=\"elementor-grid-item\" role=\"listitem\">\n\t\t\t\t\t<a class=\"elementor-icon elementor-social-icon elementor-social-icon-facebook-f elementor-animation-grow elementor-repeater-item-9c86cde\" href=\"https:\/\/www.facebook.com\/itxnorge\" target=\"_blank\">\n\t\t\t\t\t\t<span class=\"elementor-screen-only\">Facebook-f<\/span>\n\t\t\t\t\t\t<i aria-hidden=\"true\" class=\"fab fa-facebook-f\"><\/i>\t\t\t\t\t<\/a>\n\t\t\t\t<\/span>\n\t\t\t\t\t\t\t<span class=\"elementor-grid-item\" role=\"listitem\">\n\t\t\t\t\t<a class=\"elementor-icon elementor-social-icon elementor-social-icon-linkedin elementor-animation-grow elementor-repeater-item-7f0e5c7\" href=\"https:\/\/www.linkedin.com\/company\/itx-norge-as\" target=\"_blank\">\n\t\t\t\t\t\t<span class=\"elementor-screen-only\">Linkedin<\/span>\n\t\t\t\t\t\t<i aria-hidden=\"true\" class=\"fab fa-linkedin\"><\/i>\t\t\t\t\t<\/a>\n\t\t\t\t<\/span>\n\t\t\t\t\t\t\t<span class=\"elementor-grid-item\" role=\"listitem\">\n\t\t\t\t\t<a class=\"elementor-icon elementor-social-icon elementor-social-icon-youtube elementor-animation-grow elementor-repeater-item-75dde21\" href=\"https:\/\/www.youtube.com\/channel\/UCl6H3Je7_Qt8EfPUvuYrOwA\" target=\"_blank\">\n\t\t\t\t\t\t<span class=\"elementor-screen-only\">Youtube<\/span>\n\t\t\t\t\t\t<i aria-hidden=\"true\" class=\"fab fa-youtube\"><\/i>\t\t\t\t\t<\/a>\n\t\t\t\t<\/span>\n\t\t\t\t\t<\/div>\n\t\t\t\t\t\t<\/div>\n\t\t\t\t<\/div>\n\t\t\t\t\t<\/div>\n\t\t<\/div>\n\t\t\t\t\t<\/div>\n\t\t<\/section>\n\t\t\t\t<\/div>\n\t\t","protected":false},"excerpt":{"rendered":"<p>Contact Sales Telephone: +47 236 80 405 Email: salg@itx.no Opening hours: Monday to friday from 08.00 to 17.00 Support Telephone: +47 236 80 400 Email: support@itx.no Opening hours: Monday to friday from 08.00 to 16.00 Send us a message to arrange a non-binding demo We look forward to hearing from you! Location Borgeskogen 4, 3160&hellip;&nbsp;<a href=\"https:\/\/itx.no\/en\/contact\/\" rel=\"bookmark\">Read More &raquo;<span class=\"screen-reader-text\">Contact<\/span><\/a><\/p>\n","protected":false},"author":4,"featured_media":0,"parent":0,"menu_order":0,"comment_status":"closed","ping_status":"closed","template":"elementor_header_footer","meta":{"_eb_attr":"","_monsterinsights_skip_tracking":false,"_monsterinsights_sitenote_active":false,"_monsterinsights_sitenote_note":"","_monsterinsights_sitenote_category":0,"neve_meta_sidebar":"full-width","neve_meta_container":"","neve_meta_enable_content_width":"on","neve_meta_content_width":100,"neve_meta_title_alignment":"","neve_meta_author_avatar":"","neve_post_elements_order":"","neve_meta_disable_header":"","neve_meta_disable_footer":"","neve_meta_disable_title":"","footnotes":""},"class_list":["post-589","page","type-page","status-publish","hentry"],"yoast_head":"<!-- This site is optimized with the Yoast SEO Premium plugin v27.4 (Yoast SEO v27.4) - https:\/\/yoast.com\/product\/yoast-seo-premium-wordpress\/ -->\n<title>Contact - ITX - Leverand\u00f8r av skybasert kontaktsenterl\u00f8sning<\/title>\n<meta name=\"robots\" content=\"index, follow, max-snippet:-1, max-image-preview:large, max-video-preview:-1\" \/>\n<link rel=\"canonical\" href=\"https:\/\/itx.no\/kontaktoss\/\" \/>\n<meta property=\"og:locale\" content=\"en_US\" \/>\n<meta property=\"og:type\" content=\"article\" \/>\n<meta property=\"og:title\" content=\"Contact\" \/>\n<meta property=\"og:description\" content=\"Contact Sales Telephone: +47 236 80 405 Email: salg@itx.no Opening hours: Monday to friday from 08.00 to 17.00 Support Telephone: +47 236 80 400 Email: support@itx.no Opening hours: Monday to friday from 08.00 to 16.00 Send us a message to arrange a non-binding demo We look forward to hearing from you! Location Borgeskogen 4, 3160&hellip;&nbsp;Read More &raquo;Contact\" \/>\n<meta property=\"og:url\" content=\"https:\/\/itx.no\/kontaktoss\/\" \/>\n<meta property=\"og:site_name\" content=\"ITX - Leverand\u00f8r av skybasert kontaktsenterl\u00f8sning\" \/>\n<meta property=\"article:publisher\" content=\"https:\/\/www.facebook.com\/itxnorge\" \/>\n<meta property=\"article:modified_time\" content=\"2025-05-30T06:31:28+00:00\" \/>\n<meta name=\"twitter:card\" content=\"summary_large_image\" \/>\n<meta name=\"twitter:label1\" content=\"Est. reading time\" \/>\n\t<meta name=\"twitter:data1\" content=\"1 minute\" \/>\n<script type=\"application\/ld+json\" class=\"yoast-schema-graph\">{\"@context\":\"https:\\\/\\\/schema.org\",\"@graph\":[{\"@type\":\"WebPage\",\"@id\":\"https:\\\/\\\/itx.no\\\/kontaktoss\\\/\",\"url\":\"https:\\\/\\\/itx.no\\\/kontaktoss\\\/\",\"name\":\"Contact - ITX - Leverand\u00f8r av skybasert kontaktsenterl\u00f8sning\",\"isPartOf\":{\"@id\":\"https:\\\/\\\/itx.no\\\/#website\"},\"datePublished\":\"2021-04-07T20:14:28+00:00\",\"dateModified\":\"2025-05-30T06:31:28+00:00\",\"breadcrumb\":{\"@id\":\"https:\\\/\\\/itx.no\\\/kontaktoss\\\/#breadcrumb\"},\"inLanguage\":\"en-US\",\"potentialAction\":[{\"@type\":\"ReadAction\",\"target\":[\"https:\\\/\\\/itx.no\\\/kontaktoss\\\/\"]}]},{\"@type\":\"BreadcrumbList\",\"@id\":\"https:\\\/\\\/itx.no\\\/kontaktoss\\\/#breadcrumb\",\"itemListElement\":[{\"@type\":\"ListItem\",\"position\":1,\"name\":\"Hjem\",\"item\":\"https:\\\/\\\/itx.no\\\/\"},{\"@type\":\"ListItem\",\"position\":2,\"name\":\"Contact\"}]},{\"@type\":\"WebSite\",\"@id\":\"https:\\\/\\\/itx.no\\\/#website\",\"url\":\"https:\\\/\\\/itx.no\\\/\",\"name\":\"ITX - Leverand\u00f8r av skybasert kontaktsenterl\u00f8sning\",\"description\":\"Gj\u00f8r kommunikasjon enkelt\",\"publisher\":{\"@id\":\"https:\\\/\\\/itx.no\\\/#organization\"},\"potentialAction\":[{\"@type\":\"SearchAction\",\"target\":{\"@type\":\"EntryPoint\",\"urlTemplate\":\"https:\\\/\\\/itx.no\\\/?s={search_term_string}\"},\"query-input\":{\"@type\":\"PropertyValueSpecification\",\"valueRequired\":true,\"valueName\":\"search_term_string\"}}],\"inLanguage\":\"en-US\"},{\"@type\":\"Organization\",\"@id\":\"https:\\\/\\\/itx.no\\\/#organization\",\"name\":\"ITX - Leverand\u00f8r av skybasert kontaktsenterl\u00f8sning\",\"url\":\"https:\\\/\\\/itx.no\\\/\",\"logo\":{\"@type\":\"ImageObject\",\"inLanguage\":\"en-US\",\"@id\":\"https:\\\/\\\/itx.no\\\/#\\\/schema\\\/logo\\\/image\\\/\",\"url\":\"https:\\\/\\\/itx.no\\\/wp-content\\\/uploads\\\/2021\\\/04\\\/ITX_Positive_RGB_900_smal.png\",\"contentUrl\":\"https:\\\/\\\/itx.no\\\/wp-content\\\/uploads\\\/2021\\\/04\\\/ITX_Positive_RGB_900_smal.png\",\"width\":899,\"height\":362,\"caption\":\"ITX - Leverand\u00f8r av skybasert kontaktsenterl\u00f8sning\"},\"image\":{\"@id\":\"https:\\\/\\\/itx.no\\\/#\\\/schema\\\/logo\\\/image\\\/\"},\"sameAs\":[\"https:\\\/\\\/www.facebook.com\\\/itxnorge\",\"https:\\\/\\\/www.linkedin.com\\\/company\\\/itx-norge-as\\\/\"]}]}<\/script>\n<!-- \/ Yoast SEO Premium plugin. -->","yoast_head_json":{"title":"Contact - ITX - Leverand\u00f8r av skybasert kontaktsenterl\u00f8sning","robots":{"index":"index","follow":"follow","max-snippet":"max-snippet:-1","max-image-preview":"max-image-preview:large","max-video-preview":"max-video-preview:-1"},"canonical":"https:\/\/itx.no\/kontaktoss\/","og_locale":"en_US","og_type":"article","og_title":"Contact","og_description":"Contact Sales Telephone: +47 236 80 405 Email: salg@itx.no Opening hours: Monday to friday from 08.00 to 17.00 Support Telephone: +47 236 80 400 Email: support@itx.no Opening hours: Monday to friday from 08.00 to 16.00 Send us a message to arrange a non-binding demo We look forward to hearing from you! Location Borgeskogen 4, 3160&hellip;&nbsp;Read More &raquo;Contact","og_url":"https:\/\/itx.no\/kontaktoss\/","og_site_name":"ITX - Leverand\u00f8r av skybasert kontaktsenterl\u00f8sning","article_publisher":"https:\/\/www.facebook.com\/itxnorge","article_modified_time":"2025-05-30T06:31:28+00:00","twitter_card":"summary_large_image","twitter_misc":{"Est. reading time":"1 minute"},"schema":{"@context":"https:\/\/schema.org","@graph":[{"@type":"WebPage","@id":"https:\/\/itx.no\/kontaktoss\/","url":"https:\/\/itx.no\/kontaktoss\/","name":"Contact - ITX - Leverand\u00f8r av skybasert kontaktsenterl\u00f8sning","isPartOf":{"@id":"https:\/\/itx.no\/#website"},"datePublished":"2021-04-07T20:14:28+00:00","dateModified":"2025-05-30T06:31:28+00:00","breadcrumb":{"@id":"https:\/\/itx.no\/kontaktoss\/#breadcrumb"},"inLanguage":"en-US","potentialAction":[{"@type":"ReadAction","target":["https:\/\/itx.no\/kontaktoss\/"]}]},{"@type":"BreadcrumbList","@id":"https:\/\/itx.no\/kontaktoss\/#breadcrumb","itemListElement":[{"@type":"ListItem","position":1,"name":"Hjem","item":"https:\/\/itx.no\/"},{"@type":"ListItem","position":2,"name":"Contact"}]},{"@type":"WebSite","@id":"https:\/\/itx.no\/#website","url":"https:\/\/itx.no\/","name":"ITX - Leverand\u00f8r av skybasert kontaktsenterl\u00f8sning","description":"Gj\u00f8r kommunikasjon enkelt","publisher":{"@id":"https:\/\/itx.no\/#organization"},"potentialAction":[{"@type":"SearchAction","target":{"@type":"EntryPoint","urlTemplate":"https:\/\/itx.no\/?s={search_term_string}"},"query-input":{"@type":"PropertyValueSpecification","valueRequired":true,"valueName":"search_term_string"}}],"inLanguage":"en-US"},{"@type":"Organization","@id":"https:\/\/itx.no\/#organization","name":"ITX - Leverand\u00f8r av skybasert kontaktsenterl\u00f8sning","url":"https:\/\/itx.no\/","logo":{"@type":"ImageObject","inLanguage":"en-US","@id":"https:\/\/itx.no\/#\/schema\/logo\/image\/","url":"https:\/\/itx.no\/wp-content\/uploads\/2021\/04\/ITX_Positive_RGB_900_smal.png","contentUrl":"https:\/\/itx.no\/wp-content\/uploads\/2021\/04\/ITX_Positive_RGB_900_smal.png","width":899,"height":362,"caption":"ITX - Leverand\u00f8r av skybasert kontaktsenterl\u00f8sning"},"image":{"@id":"https:\/\/itx.no\/#\/schema\/logo\/image\/"},"sameAs":["https:\/\/www.facebook.com\/itxnorge","https:\/\/www.linkedin.com\/company\/itx-norge-as\/"]}]}},"_links":{"self":[{"href":"https:\/\/itx.no\/en\/wp-json\/wp\/v2\/pages\/589","targetHints":{"allow":["GET"]}}],"collection":[{"href":"https:\/\/itx.no\/en\/wp-json\/wp\/v2\/pages"}],"about":[{"href":"https:\/\/itx.no\/en\/wp-json\/wp\/v2\/types\/page"}],"author":[{"embeddable":true,"href":"https:\/\/itx.no\/en\/wp-json\/wp\/v2\/users\/4"}],"replies":[{"embeddable":true,"href":"https:\/\/itx.no\/en\/wp-json\/wp\/v2\/comments?post=589"}],"version-history":[{"count":13,"href":"https:\/\/itx.no\/en\/wp-json\/wp\/v2\/pages\/589\/revisions"}],"predecessor-version":[{"id":8585,"href":"https:\/\/itx.no\/en\/wp-json\/wp\/v2\/pages\/589\/revisions\/8585"}],"wp:attachment":[{"href":"https:\/\/itx.no\/en\/wp-json\/wp\/v2\/media?parent=589"}],"curies":[{"name":"wp","href":"https:\/\/api.w.org\/{rel}","templated":true}]}}