{"id":4514,"date":"2023-06-28T15:01:43","date_gmt":"2023-06-28T13:01:43","guid":{"rendered":"https:\/\/itx.no\/?page_id=4514"},"modified":"2026-01-15T12:36:18","modified_gmt":"2026-01-15T11:36:18","slug":"itx-gpt","status":"publish","type":"page","link":"https:\/\/itx.no\/en\/itx-gpt\/","title":{"rendered":"ITX GPT"},"content":{"rendered":"\t\t<div data-elementor-type=\"wp-page\" data-elementor-id=\"4514\" class=\"elementor elementor-4514\" data-elementor-post-type=\"page\">\n\t\t\t\t\t\t<section class=\"elementor-section elementor-top-section elementor-element elementor-element-3df4cd4 elementor-section-stretched elementor-hidden-phone elementor-section-boxed elementor-section-height-default elementor-section-height-default\" data-id=\"3df4cd4\" data-element_type=\"section\" data-e-type=\"section\" data-settings=\"{&quot;stretch_section&quot;:&quot;section-stretched&quot;,&quot;background_background&quot;:&quot;classic&quot;}\">\n\t\t\t\t\t\t<div class=\"elementor-container elementor-column-gap-default\">\n\t\t\t\t\t<div class=\"elementor-column elementor-col-33 elementor-top-column elementor-element elementor-element-7909ec3\" data-id=\"7909ec3\" data-element_type=\"column\" data-e-type=\"column\">\n\t\t\t<div class=\"elementor-widget-wrap\">\n\t\t\t\t\t\t\t<\/div>\n\t\t<\/div>\n\t\t\t\t<div class=\"elementor-column elementor-col-66 elementor-top-column elementor-element elementor-element-64c0564\" data-id=\"64c0564\" data-element_type=\"column\" data-e-type=\"column\">\n\t\t\t<div class=\"elementor-widget-wrap elementor-element-populated\">\n\t\t\t\t\t\t<div class=\"elementor-element elementor-element-188acc0 elementor-hidden-phone elementor-widget elementor-widget-heading\" data-id=\"188acc0\" data-element_type=\"widget\" data-e-type=\"widget\" data-widget_type=\"heading.default\">\n\t\t\t\t<div class=\"elementor-widget-container\">\n\t\t\t\t\t<h1 class=\"elementor-heading-title elementor-size-xl\">ITX AI - Virtual Assistant<\/h1>\t\t\t\t<\/div>\n\t\t\t\t<\/div>\n\t\t\t\t\t<\/div>\n\t\t<\/div>\n\t\t\t\t\t<\/div>\n\t\t<\/section>\n\t\t\t\t<section class=\"elementor-section elementor-top-section elementor-element elementor-element-c223d0f elementor-section-stretched elementor-section-boxed elementor-section-height-default elementor-section-height-default\" data-id=\"c223d0f\" data-element_type=\"section\" data-e-type=\"section\" data-settings=\"{&quot;stretch_section&quot;:&quot;section-stretched&quot;,&quot;background_background&quot;:&quot;classic&quot;}\">\n\t\t\t\t\t\t<div class=\"elementor-container elementor-column-gap-default\">\n\t\t\t\t\t<div class=\"elementor-column elementor-col-33 elementor-top-column elementor-element elementor-element-a2806bb\" data-id=\"a2806bb\" data-element_type=\"column\" data-e-type=\"column\">\n\t\t\t<div class=\"elementor-widget-wrap elementor-element-populated\">\n\t\t\t\t\t\t<div class=\"elementor-element elementor-element-5313266 elementor-nav-menu--dropdown-mobile elementor-nav-menu__text-align-aside elementor-nav-menu--toggle elementor-nav-menu--burger elementor-widget elementor-widget-nav-menu\" data-id=\"5313266\" data-element_type=\"widget\" data-e-type=\"widget\" data-settings=\"{&quot;layout&quot;:&quot;vertical&quot;,&quot;submenu_icon&quot;:{&quot;value&quot;:&quot;&lt;i class=\\&quot;fas fa-caret-down\\&quot; aria-hidden=\\&quot;true\\&quot;&gt;&lt;\\\/i&gt;&quot;,&quot;library&quot;:&quot;fa-solid&quot;},&quot;toggle&quot;:&quot;burger&quot;}\" data-widget_type=\"nav-menu.default\">\n\t\t\t\t<div class=\"elementor-widget-container\">\n\t\t\t\t\t\t\t\t<nav aria-label=\"Meny\" class=\"elementor-nav-menu--main elementor-nav-menu__container elementor-nav-menu--layout-vertical e--pointer-background e--animation-fade\">\n\t\t\t\t<ul id=\"menu-1-5313266\" class=\"elementor-nav-menu sm-vertical\"><li class=\"menu-item menu-item-type-post_type menu-item-object-page menu-item-1889\"><a href=\"https:\/\/itx.no\/en\/integrations\/\" class=\"elementor-item\">Integrations<\/a><\/li>\n<li class=\"menu-item menu-item-type-post_type menu-item-object-page menu-item-920\"><a href=\"https:\/\/itx.no\/en\/ticketing\/\" class=\"elementor-item\">Ticketing<\/a><\/li>\n<li class=\"menu-item menu-item-type-post_type menu-item-object-page menu-item-925\"><a href=\"https:\/\/itx.no\/en\/dialer\/\" class=\"elementor-item\">Dialer<\/a><\/li>\n<li class=\"menu-item menu-item-type-post_type menu-item-object-page menu-item-921\"><a href=\"https:\/\/itx.no\/en\/screen-sharing\/\" class=\"elementor-item\">Screen sharing<\/a><\/li>\n<li class=\"menu-item menu-item-type-post_type menu-item-object-page menu-item-927\"><a href=\"https:\/\/itx.no\/en\/additional-modules\/\" class=\"elementor-item\">Additional modules<\/a><\/li>\n<li class=\"menu-item menu-item-type-post_type menu-item-object-page menu-item-923\"><a href=\"https:\/\/itx.no\/en\/integrations\/\" class=\"elementor-item\">Integrations<\/a><\/li>\n<\/ul>\t\t\t<\/nav>\n\t\t\t\t\t<div class=\"elementor-menu-toggle\" role=\"button\" tabindex=\"0\" aria-label=\"Menu Toggle\" aria-expanded=\"false\">\n\t\t\t<i aria-hidden=\"true\" role=\"presentation\" class=\"elementor-menu-toggle__icon--open eicon-menu-bar\"><\/i><i aria-hidden=\"true\" role=\"presentation\" class=\"elementor-menu-toggle__icon--close eicon-close\"><\/i>\t\t<\/div>\n\t\t\t\t\t<nav class=\"elementor-nav-menu--dropdown elementor-nav-menu__container\" aria-hidden=\"true\">\n\t\t\t\t<ul id=\"menu-2-5313266\" class=\"elementor-nav-menu sm-vertical\"><li class=\"menu-item menu-item-type-post_type menu-item-object-page menu-item-1889\"><a href=\"https:\/\/itx.no\/en\/integrations\/\" class=\"elementor-item\" tabindex=\"-1\">Integrations<\/a><\/li>\n<li class=\"menu-item menu-item-type-post_type menu-item-object-page menu-item-920\"><a href=\"https:\/\/itx.no\/en\/ticketing\/\" class=\"elementor-item\" tabindex=\"-1\">Ticketing<\/a><\/li>\n<li class=\"menu-item menu-item-type-post_type menu-item-object-page menu-item-925\"><a href=\"https:\/\/itx.no\/en\/dialer\/\" class=\"elementor-item\" tabindex=\"-1\">Dialer<\/a><\/li>\n<li class=\"menu-item menu-item-type-post_type menu-item-object-page menu-item-921\"><a href=\"https:\/\/itx.no\/en\/screen-sharing\/\" class=\"elementor-item\" tabindex=\"-1\">Screen sharing<\/a><\/li>\n<li class=\"menu-item menu-item-type-post_type menu-item-object-page menu-item-927\"><a href=\"https:\/\/itx.no\/en\/additional-modules\/\" class=\"elementor-item\" tabindex=\"-1\">Additional modules<\/a><\/li>\n<li class=\"menu-item menu-item-type-post_type menu-item-object-page menu-item-923\"><a href=\"https:\/\/itx.no\/en\/integrations\/\" class=\"elementor-item\" tabindex=\"-1\">Integrations<\/a><\/li>\n<\/ul>\t\t\t<\/nav>\n\t\t\t\t\t\t<\/div>\n\t\t\t\t<\/div>\n\t\t\t\t\t<\/div>\n\t\t<\/div>\n\t\t\t\t<div class=\"elementor-column elementor-col-66 elementor-top-column elementor-element elementor-element-c50ed86\" data-id=\"c50ed86\" data-element_type=\"column\" data-e-type=\"column\">\n\t\t\t<div class=\"elementor-widget-wrap elementor-element-populated\">\n\t\t\t\t\t\t<div class=\"elementor-element elementor-element-a919a27 elementor-hidden-desktop elementor-hidden-tablet elementor-widget elementor-widget-heading\" data-id=\"a919a27\" data-element_type=\"widget\" data-e-type=\"widget\" data-widget_type=\"heading.default\">\n\t\t\t\t<div class=\"elementor-widget-container\">\n\t\t\t\t\t<h3 class=\"elementor-heading-title elementor-size-default\">ITX AI - Virtual Assistant<\/h3>\t\t\t\t<\/div>\n\t\t\t\t<\/div>\n\t\t\t\t<div class=\"elementor-element elementor-element-9907cfe elementor-widget elementor-widget-text-editor\" data-id=\"9907cfe\" data-element_type=\"widget\" data-e-type=\"widget\" data-widget_type=\"text-editor.default\">\n\t\t\t\t<div class=\"elementor-widget-container\">\n\t\t\t\t\t\t\t\t\t<p><img decoding=\"async\" class=\"alignright\" src=\"https:\/\/itx.no\/wp-content\/uploads\/2023\/06\/some_gpt-300x157.jpg\" alt=\"\" width=\"300\" height=\"157\" data-wp-editing=\"1\" \/><span style=\"background-color: var( --e-global-color-nvsitebg ); color: var(--nv-text-color); font-family: var(--bodyfontfamily),var(--nv-fallback-ff); font-size: var(--bodyfontsize); font-weight: var(--bodyfontweight); letter-spacing: var(--bodyletterspacing); text-transform: var(--bodytexttransform);\">ITX AI er din virtuelle agent som baserer seg p\u00e5 kunstig intelligens fra Open AI\/Chat GPT, kombinert med kunnskap lagret i\u00a0 kunnskapsbasen, og data i deres ITX. Du velger selv om ITX skal kunne svare generelt ved hjelp av informasjon fra Open AI eller utelukkende basert p\u00e5 informasjon du har lagt inn i ITX og kunnskapsbase(r). Har du\u00a0 en integrasjon mot Multicase kan ITX AI ogs\u00e5 gi deg svar p\u00e5 ordre, faktura og produkt informasjon .<\/span><\/p><p><span style=\"background-color: var( --e-global-color-nvsitebg ); color: var(--nv-text-color); font-family: var(--bodyfontfamily),var(--nv-fallback-ff); font-size: var(--bodyfontsize); font-weight: var(--bodyfontweight); letter-spacing: var(--bodyletterspacing); text-transform: var(--bodytexttransform);\">&#8211; F\u00e5 hjelp til \u00e5 svare kunden du har p\u00e5 tr\u00e5den ved sp\u00f8rre <\/span><span style=\"background-color: var( --e-global-color-nvsitebg ); color: var(--nv-text-color); font-family: var(--bodyfontfamily),var(--nv-fallback-ff); font-size: var(--bodyfontsize); font-weight: var(--bodyfontweight); letter-spacing: var(--bodyletterspacing); text-transform: var(--bodytexttransform);\">din egen virtuelle hjelper.\u00a0\u00a0<\/span><\/p><p><span style=\"background-color: var( --e-global-color-nvsitebg ); color: var(--nv-text-color); font-family: var(--bodyfontfamily),var(--nv-fallback-ff); font-size: var(--bodyfontsize); font-weight: var(--bodyfontweight); letter-spacing: var(--bodyletterspacing); text-transform: var(--bodytexttransform);\">&#8211; N\u00e5r du besvarer en e-post, vil den virtuelle agenten komme med forslag til svar basert p\u00e5 kunnskap fra kunnskapsbasen og data i ITX, kombinert med generell kunstig intelligens fra ITX AI. Du f\u00e5r muligheten til \u00e5 gj\u00f8re tilpasninger f\u00f8r du sender, hvis du \u00f8nsker.\u00a0<\/span><\/p><p><span style=\"background-color: var( --e-global-color-nvsitebg ); color: var(--nv-text-color); font-family: var(--bodyfontfamily),var(--nv-fallback-ff); font-size: var(--bodyfontsize); font-weight: var(--bodyfontweight); letter-spacing: var(--bodyletterspacing); text-transform: var(--bodytexttransform);\">\u00a0<\/span><span style=\"color: var(--nv-text-color); font-family: var(--bodyfontfamily),var(--nv-fallback-ff); font-size: var(--bodyfontsize); font-weight: var(--bodyfontweight); letter-spacing: var(--bodyletterspacing); text-transform: var(--bodytexttransform); background-color: var( --e-global-color-nvsitebg );\">&#8211; Mulighet for \u00e5 aktivere helautomatisert svar p\u00e5 e-post, som betyr at den virtuelle agenten, ITX AI, fors\u00f8ker \u00e5 besvare e-post i f\u00f8rste henvendelse, men dersom kunden ikke er happy med svaret, eller saken ikke l\u00f8ses &#8220;one-touch&#8221; basert p\u00e5 ITX AI, vil ITX automatisk delegere saken til et menneske i rett k\u00f8 for videre bistand.<\/span><\/p><p>Er dere interessert i \u00e5 se p\u00e5 AI-teknologi og hvordan det kan forenkle salg og kundeservice? Ta kontakt med oss ved hjelp av skjemaet under.<\/p>\t\t\t\t\t\t\t\t<\/div>\n\t\t\t\t<\/div>\n\t\t\t\t<div class=\"elementor-element elementor-element-e853069 elementor-widget elementor-widget-html\" data-id=\"e853069\" data-element_type=\"widget\" data-e-type=\"widget\" data-widget_type=\"html.default\">\n\t\t\t\t<div class=\"elementor-widget-container\">\n\t\t\t\t\t<script id=\"itx-schema-plugin\" src=\"https:\/\/services.itxuc.com\/plugins\/schema-plugin.js?ccntrl=6\"><\/script>\n<div style=\"padding: 0em; width:350px; background-color: white; border-radius: 10px\">\n    <div class=\"schema\" data-type=\"itx-schema-container\" data-emsc-id=\"2\" data-corp-id=\"13\" data-hash=\"1e3fb39eea63f6d9d9bdcd3fe3bc9521\">\n    <\/div>\n<\/div>\t\t\t\t<\/div>\n\t\t\t\t<\/div>\n\t\t\t\t<div class=\"elementor-element elementor-element-3a1f016 elementor-widget elementor-widget-heading\" data-id=\"3a1f016\" data-element_type=\"widget\" data-e-type=\"widget\" data-widget_type=\"heading.default\">\n\t\t\t\t<div class=\"elementor-widget-container\">\n\t\t\t\t\t<h2 class=\"elementor-heading-title elementor-size-large\">Sniktitt p\u00e5 ITX AI<\/h2>\t\t\t\t<\/div>\n\t\t\t\t<\/div>\n\t\t\t\t<div class=\"elementor-element elementor-element-edf6878 elementor-widget elementor-widget-text-editor\" data-id=\"edf6878\" data-element_type=\"widget\" data-e-type=\"widget\" data-widget_type=\"text-editor.default\">\n\t\t\t\t<div class=\"elementor-widget-container\">\n\t\t\t\t\t\t\t\t\t<p>Eksempelet p\u00e5 video viser hvordan ITX hjelper agenten \u00e5 besvare epost fra kunde, som i eksempelet er &#8220;Bob Dylan&#8221;.\u00a0 \u00a0Rent teknisk, s\u00e5 f\u00f8rst av alt, tolker ITX AI sp\u00f8rsm\u00e5lene fra kunden, og her kan det fort v\u00e6re at det er flere sp\u00f8rsm\u00e5l i \u00e9n epost. N\u00e5r vi har identifisert essensen i det kunden \u00f8nsker svar p\u00e5, s\u00e5 bruker vi treningsdata til \u00e5 besvare sp\u00f8rsm\u00e5lene.\u00a0 \u00a0Det \u00e5 bygge kunnskaps i ITX Knowledgebase, er ikke bare nyttig innen ITX AI, men det s\u00f8rger ogs\u00e5 for at kunnskap blir lagret i ITX, slik at reduserer risiko ved frav\u00e6r etc.<\/p><p>I tillegg til at ITX AI hjelper deg \u00e5 skrive epost, kan ITX AI ogs\u00e5 besvare epost helautomatisk, som gj\u00f8r at agenten kun bruker tid p\u00e5 mer komplekse henvendelser.\u00a0 \u00a0<\/p>\t\t\t\t\t\t\t\t<\/div>\n\t\t\t\t<\/div>\n\t\t\t\t<div class=\"elementor-element elementor-element-fb46e1d elementor-widget elementor-widget-video\" data-id=\"fb46e1d\" data-element_type=\"widget\" data-e-type=\"widget\" data-settings=\"{&quot;youtube_url&quot;:&quot;https:\\\/\\\/youtu.be\\\/MmnLit7Z6k8&quot;,&quot;video_type&quot;:&quot;youtube&quot;,&quot;controls&quot;:&quot;yes&quot;}\" data-widget_type=\"video.default\">\n\t\t\t\t<div class=\"elementor-widget-container\">\n\t\t\t\t\t\t\t<div class=\"elementor-wrapper elementor-open-inline\">\n\t\t\t<div class=\"elementor-video\"><\/div>\t\t<\/div>\n\t\t\t\t\t\t<\/div>\n\t\t\t\t<\/div>\n\t\t\t\t\t<\/div>\n\t\t<\/div>\n\t\t\t\t\t<\/div>\n\t\t<\/section>\n\t\t\t\t<\/div>\n\t\t","protected":false},"excerpt":{"rendered":"<p>ITX AI &#8211; Virtual Assistant ITX AI &#8211; Virtual Assistant ITX AI er din virtuelle agent som baserer seg p\u00e5 kunstig intelligens fra Open AI\/Chat GPT, kombinert med kunnskap lagret i\u00a0 kunnskapsbasen, og data i deres ITX. Du velger selv om ITX skal kunne svare generelt ved hjelp av informasjon fra Open AI eller utelukkende&hellip;&nbsp;<a href=\"https:\/\/itx.no\/en\/itx-gpt\/\" rel=\"bookmark\">Read More &raquo;<span class=\"screen-reader-text\">ITX GPT<\/span><\/a><\/p>\n","protected":false},"author":3,"featured_media":0,"parent":0,"menu_order":0,"comment_status":"closed","ping_status":"closed","template":"page-templates\/template-pagebuilder-full-width.php","meta":{"_eb_attr":"","_monsterinsights_skip_tracking":false,"_monsterinsights_sitenote_active":false,"_monsterinsights_sitenote_note":"","_monsterinsights_sitenote_category":0,"neve_meta_sidebar":"full-width","neve_meta_container":"","neve_meta_enable_content_width":"on","neve_meta_content_width":100,"neve_meta_title_alignment":"","neve_meta_author_avatar":"","neve_post_elements_order":"","neve_meta_disable_header":"","neve_meta_disable_footer":"","neve_meta_disable_title":"","footnotes":""},"class_list":["post-4514","page","type-page","status-publish","hentry"],"yoast_head":"<!-- This site is optimized with the Yoast SEO Premium plugin v27.4 (Yoast SEO v27.4) - https:\/\/yoast.com\/product\/yoast-seo-premium-wordpress\/ -->\n<title>ITX GPT - Virtual Assistant<\/title>\n<meta name=\"description\" content=\"N\u00e5r man besvarer en e-post, vil den virtuelle agenten komme med forslag til svar basert p\u00e5 kunnskap fra kunnskapsbasen og data i ITX, kombinert med generell kunstig intelligens fra ITX GPT. Man f\u00e5r muligheten til \u00e5 gj\u00f8re tilpasninger f\u00f8r man sender, om man \u00f8nsker det.\" \/>\n<meta name=\"robots\" content=\"index, follow, max-snippet:-1, max-image-preview:large, max-video-preview:-1\" \/>\n<link rel=\"canonical\" href=\"https:\/\/itx.no\/itx-gpt\/\" \/>\n<meta property=\"og:locale\" content=\"en_US\" \/>\n<meta property=\"og:type\" content=\"article\" \/>\n<meta property=\"og:title\" content=\"ITX GPT\" \/>\n<meta property=\"og:description\" content=\"N\u00e5r man besvarer en e-post, vil den virtuelle agenten komme med forslag til svar basert p\u00e5 kunnskap fra kunnskapsbasen og data i ITX, kombinert med generell kunstig intelligens fra ITX GPT. Man f\u00e5r muligheten til \u00e5 gj\u00f8re tilpasninger f\u00f8r man sender, om man \u00f8nsker det.\" \/>\n<meta property=\"og:url\" content=\"https:\/\/itx.no\/itx-gpt\/\" \/>\n<meta property=\"og:site_name\" content=\"ITX - Leverand\u00f8r av skybasert kontaktsenterl\u00f8sning\" \/>\n<meta property=\"article:publisher\" content=\"https:\/\/www.facebook.com\/itxnorge\" \/>\n<meta property=\"article:modified_time\" content=\"2026-01-15T11:36:18+00:00\" \/>\n<meta property=\"og:image\" content=\"https:\/\/itx.no\/wp-content\/uploads\/2023\/06\/some_gpt.jpg\" \/>\n\t<meta property=\"og:image:width\" content=\"1200\" \/>\n\t<meta property=\"og:image:height\" content=\"627\" \/>\n\t<meta property=\"og:image:type\" content=\"image\/jpeg\" \/>\n<meta name=\"twitter:card\" content=\"summary_large_image\" \/>\n<meta name=\"twitter:label1\" content=\"Est. reading time\" \/>\n\t<meta name=\"twitter:data1\" content=\"3 minutes\" \/>\n<script type=\"application\/ld+json\" class=\"yoast-schema-graph\">{\"@context\":\"https:\\\/\\\/schema.org\",\"@graph\":[{\"@type\":\"WebPage\",\"@id\":\"https:\\\/\\\/itx.no\\\/itx-gpt\\\/\",\"url\":\"https:\\\/\\\/itx.no\\\/itx-gpt\\\/\",\"name\":\"ITX GPT - Virtual Assistant\",\"isPartOf\":{\"@id\":\"https:\\\/\\\/itx.no\\\/#website\"},\"primaryImageOfPage\":{\"@id\":\"https:\\\/\\\/itx.no\\\/itx-gpt\\\/#primaryimage\"},\"image\":{\"@id\":\"https:\\\/\\\/itx.no\\\/itx-gpt\\\/#primaryimage\"},\"thumbnailUrl\":\"https:\\\/\\\/itx.no\\\/wp-content\\\/uploads\\\/2023\\\/06\\\/some_gpt-300x157.jpg\",\"datePublished\":\"2023-06-28T13:01:43+00:00\",\"dateModified\":\"2026-01-15T11:36:18+00:00\",\"description\":\"N\u00e5r man besvarer en e-post, vil den virtuelle agenten komme med forslag til svar basert p\u00e5 kunnskap fra kunnskapsbasen og data i ITX, kombinert med generell kunstig intelligens fra ITX GPT. Man f\u00e5r muligheten til \u00e5 gj\u00f8re tilpasninger f\u00f8r man sender, om man \u00f8nsker det.\",\"breadcrumb\":{\"@id\":\"https:\\\/\\\/itx.no\\\/itx-gpt\\\/#breadcrumb\"},\"inLanguage\":\"en-US\",\"potentialAction\":[{\"@type\":\"ReadAction\",\"target\":[\"https:\\\/\\\/itx.no\\\/itx-gpt\\\/\"]}]},{\"@type\":\"ImageObject\",\"inLanguage\":\"en-US\",\"@id\":\"https:\\\/\\\/itx.no\\\/itx-gpt\\\/#primaryimage\",\"url\":\"https:\\\/\\\/itx.no\\\/wp-content\\\/uploads\\\/2023\\\/06\\\/some_gpt-300x157.jpg\",\"contentUrl\":\"https:\\\/\\\/itx.no\\\/wp-content\\\/uploads\\\/2023\\\/06\\\/some_gpt-300x157.jpg\"},{\"@type\":\"BreadcrumbList\",\"@id\":\"https:\\\/\\\/itx.no\\\/itx-gpt\\\/#breadcrumb\",\"itemListElement\":[{\"@type\":\"ListItem\",\"position\":1,\"name\":\"Hjem\",\"item\":\"https:\\\/\\\/itx.no\\\/\"},{\"@type\":\"ListItem\",\"position\":2,\"name\":\"ITX GPT\"}]},{\"@type\":\"WebSite\",\"@id\":\"https:\\\/\\\/itx.no\\\/#website\",\"url\":\"https:\\\/\\\/itx.no\\\/\",\"name\":\"ITX - Leverand\u00f8r av skybasert kontaktsenterl\u00f8sning\",\"description\":\"Gj\u00f8r kommunikasjon enkelt\",\"publisher\":{\"@id\":\"https:\\\/\\\/itx.no\\\/#organization\"},\"potentialAction\":[{\"@type\":\"SearchAction\",\"target\":{\"@type\":\"EntryPoint\",\"urlTemplate\":\"https:\\\/\\\/itx.no\\\/?s={search_term_string}\"},\"query-input\":{\"@type\":\"PropertyValueSpecification\",\"valueRequired\":true,\"valueName\":\"search_term_string\"}}],\"inLanguage\":\"en-US\"},{\"@type\":\"Organization\",\"@id\":\"https:\\\/\\\/itx.no\\\/#organization\",\"name\":\"ITX - Leverand\u00f8r av skybasert kontaktsenterl\u00f8sning\",\"url\":\"https:\\\/\\\/itx.no\\\/\",\"logo\":{\"@type\":\"ImageObject\",\"inLanguage\":\"en-US\",\"@id\":\"https:\\\/\\\/itx.no\\\/#\\\/schema\\\/logo\\\/image\\\/\",\"url\":\"https:\\\/\\\/itx.no\\\/wp-content\\\/uploads\\\/2021\\\/04\\\/ITX_Positive_RGB_900_smal.png\",\"contentUrl\":\"https:\\\/\\\/itx.no\\\/wp-content\\\/uploads\\\/2021\\\/04\\\/ITX_Positive_RGB_900_smal.png\",\"width\":899,\"height\":362,\"caption\":\"ITX - Leverand\u00f8r av skybasert kontaktsenterl\u00f8sning\"},\"image\":{\"@id\":\"https:\\\/\\\/itx.no\\\/#\\\/schema\\\/logo\\\/image\\\/\"},\"sameAs\":[\"https:\\\/\\\/www.facebook.com\\\/itxnorge\",\"https:\\\/\\\/www.linkedin.com\\\/company\\\/itx-norge-as\\\/\"]}]}<\/script>\n<!-- \/ Yoast SEO Premium plugin. -->","yoast_head_json":{"title":"ITX GPT - Virtual Assistant","description":"N\u00e5r man besvarer en e-post, vil den virtuelle agenten komme med forslag til svar basert p\u00e5 kunnskap fra kunnskapsbasen og data i ITX, kombinert med generell kunstig intelligens fra ITX GPT. Man f\u00e5r muligheten til \u00e5 gj\u00f8re tilpasninger f\u00f8r man sender, om man \u00f8nsker det.","robots":{"index":"index","follow":"follow","max-snippet":"max-snippet:-1","max-image-preview":"max-image-preview:large","max-video-preview":"max-video-preview:-1"},"canonical":"https:\/\/itx.no\/itx-gpt\/","og_locale":"en_US","og_type":"article","og_title":"ITX GPT","og_description":"N\u00e5r man besvarer en e-post, vil den virtuelle agenten komme med forslag til svar basert p\u00e5 kunnskap fra kunnskapsbasen og data i ITX, kombinert med generell kunstig intelligens fra ITX GPT. Man f\u00e5r muligheten til \u00e5 gj\u00f8re tilpasninger f\u00f8r man sender, om man \u00f8nsker det.","og_url":"https:\/\/itx.no\/itx-gpt\/","og_site_name":"ITX - Leverand\u00f8r av skybasert kontaktsenterl\u00f8sning","article_publisher":"https:\/\/www.facebook.com\/itxnorge","article_modified_time":"2026-01-15T11:36:18+00:00","og_image":[{"width":1200,"height":627,"url":"https:\/\/itx.no\/wp-content\/uploads\/2023\/06\/some_gpt.jpg","type":"image\/jpeg"}],"twitter_card":"summary_large_image","twitter_misc":{"Est. reading time":"3 minutes"},"schema":{"@context":"https:\/\/schema.org","@graph":[{"@type":"WebPage","@id":"https:\/\/itx.no\/itx-gpt\/","url":"https:\/\/itx.no\/itx-gpt\/","name":"ITX GPT - Virtual Assistant","isPartOf":{"@id":"https:\/\/itx.no\/#website"},"primaryImageOfPage":{"@id":"https:\/\/itx.no\/itx-gpt\/#primaryimage"},"image":{"@id":"https:\/\/itx.no\/itx-gpt\/#primaryimage"},"thumbnailUrl":"https:\/\/itx.no\/wp-content\/uploads\/2023\/06\/some_gpt-300x157.jpg","datePublished":"2023-06-28T13:01:43+00:00","dateModified":"2026-01-15T11:36:18+00:00","description":"N\u00e5r man besvarer en e-post, vil den virtuelle agenten komme med forslag til svar basert p\u00e5 kunnskap fra kunnskapsbasen og data i ITX, kombinert med generell kunstig intelligens fra ITX GPT. Man f\u00e5r muligheten til \u00e5 gj\u00f8re tilpasninger f\u00f8r man sender, om man \u00f8nsker det.","breadcrumb":{"@id":"https:\/\/itx.no\/itx-gpt\/#breadcrumb"},"inLanguage":"en-US","potentialAction":[{"@type":"ReadAction","target":["https:\/\/itx.no\/itx-gpt\/"]}]},{"@type":"ImageObject","inLanguage":"en-US","@id":"https:\/\/itx.no\/itx-gpt\/#primaryimage","url":"https:\/\/itx.no\/wp-content\/uploads\/2023\/06\/some_gpt-300x157.jpg","contentUrl":"https:\/\/itx.no\/wp-content\/uploads\/2023\/06\/some_gpt-300x157.jpg"},{"@type":"BreadcrumbList","@id":"https:\/\/itx.no\/itx-gpt\/#breadcrumb","itemListElement":[{"@type":"ListItem","position":1,"name":"Hjem","item":"https:\/\/itx.no\/"},{"@type":"ListItem","position":2,"name":"ITX GPT"}]},{"@type":"WebSite","@id":"https:\/\/itx.no\/#website","url":"https:\/\/itx.no\/","name":"ITX - Leverand\u00f8r av skybasert kontaktsenterl\u00f8sning","description":"Gj\u00f8r kommunikasjon enkelt","publisher":{"@id":"https:\/\/itx.no\/#organization"},"potentialAction":[{"@type":"SearchAction","target":{"@type":"EntryPoint","urlTemplate":"https:\/\/itx.no\/?s={search_term_string}"},"query-input":{"@type":"PropertyValueSpecification","valueRequired":true,"valueName":"search_term_string"}}],"inLanguage":"en-US"},{"@type":"Organization","@id":"https:\/\/itx.no\/#organization","name":"ITX - Leverand\u00f8r av skybasert kontaktsenterl\u00f8sning","url":"https:\/\/itx.no\/","logo":{"@type":"ImageObject","inLanguage":"en-US","@id":"https:\/\/itx.no\/#\/schema\/logo\/image\/","url":"https:\/\/itx.no\/wp-content\/uploads\/2021\/04\/ITX_Positive_RGB_900_smal.png","contentUrl":"https:\/\/itx.no\/wp-content\/uploads\/2021\/04\/ITX_Positive_RGB_900_smal.png","width":899,"height":362,"caption":"ITX - Leverand\u00f8r av skybasert kontaktsenterl\u00f8sning"},"image":{"@id":"https:\/\/itx.no\/#\/schema\/logo\/image\/"},"sameAs":["https:\/\/www.facebook.com\/itxnorge","https:\/\/www.linkedin.com\/company\/itx-norge-as\/"]}]}},"_links":{"self":[{"href":"https:\/\/itx.no\/en\/wp-json\/wp\/v2\/pages\/4514","targetHints":{"allow":["GET"]}}],"collection":[{"href":"https:\/\/itx.no\/en\/wp-json\/wp\/v2\/pages"}],"about":[{"href":"https:\/\/itx.no\/en\/wp-json\/wp\/v2\/types\/page"}],"author":[{"embeddable":true,"href":"https:\/\/itx.no\/en\/wp-json\/wp\/v2\/users\/3"}],"replies":[{"embeddable":true,"href":"https:\/\/itx.no\/en\/wp-json\/wp\/v2\/comments?post=4514"}],"version-history":[{"count":52,"href":"https:\/\/itx.no\/en\/wp-json\/wp\/v2\/pages\/4514\/revisions"}],"predecessor-version":[{"id":11755,"href":"https:\/\/itx.no\/en\/wp-json\/wp\/v2\/pages\/4514\/revisions\/11755"}],"wp:attachment":[{"href":"https:\/\/itx.no\/en\/wp-json\/wp\/v2\/media?parent=4514"}],"curies":[{"name":"wp","href":"https:\/\/api.w.org\/{rel}","templated":true}]}}