{"id":4239,"date":"2023-02-21T17:24:23","date_gmt":"2023-02-21T16:24:23","guid":{"rendered":"https:\/\/itx.no\/?page_id=4239"},"modified":"2023-02-22T18:17:26","modified_gmt":"2023-02-22T17:17:26","slug":"en-mer-musikalsk-verden-er-en-lykkeligere-verden","status":"publish","type":"page","link":"https:\/\/itx.no\/en\/en-mer-musikalsk-verden-er-en-lykkeligere-verden\/","title":{"rendered":"<strong>En mer musikalsk verden, er en lykkeligere verden!<\/strong>"},"content":{"rendered":"\t\t<div data-elementor-type=\"wp-page\" data-elementor-id=\"4239\" class=\"elementor elementor-4239\" data-elementor-post-type=\"page\">\n\t\t\t\t\t\t<section class=\"elementor-section elementor-top-section elementor-element elementor-element-7853b25 elementor-section-boxed elementor-section-height-default elementor-section-height-default\" data-id=\"7853b25\" data-element_type=\"section\" data-e-type=\"section\">\n\t\t\t\t\t\t<div class=\"elementor-container elementor-column-gap-default\">\n\t\t\t\t\t<div class=\"elementor-column elementor-col-100 elementor-top-column elementor-element elementor-element-7bd1520\" data-id=\"7bd1520\" data-element_type=\"column\" data-e-type=\"column\">\n\t\t\t<div class=\"elementor-widget-wrap elementor-element-populated\">\n\t\t\t\t\t\t<div class=\"elementor-element elementor-element-58cf0c1 elementor-widget elementor-widget-heading\" data-id=\"58cf0c1\" data-element_type=\"widget\" data-e-type=\"widget\" data-widget_type=\"heading.default\">\n\t\t\t\t<div class=\"elementor-widget-container\">\n\t\t\t\t\t<h1 class=\"elementor-heading-title elementor-size-large\"><i>\u201cEn mer musikalsk verden, er en lykkeligere verden!\"<\/i><\/h1>\t\t\t\t<\/div>\n\t\t\t\t<\/div>\n\t\t\t\t<section class=\"elementor-section elementor-inner-section elementor-element elementor-element-d2f2c9e elementor-hidden-mobile elementor-section-boxed elementor-section-height-default elementor-section-height-default\" data-id=\"d2f2c9e\" data-element_type=\"section\" data-e-type=\"section\">\n\t\t\t\t\t\t<div class=\"elementor-container elementor-column-gap-default\">\n\t\t\t\t\t<div class=\"elementor-column elementor-col-33 elementor-inner-column elementor-element elementor-element-9ab2ce2\" data-id=\"9ab2ce2\" data-element_type=\"column\" data-e-type=\"column\">\n\t\t\t<div class=\"elementor-widget-wrap elementor-element-populated\">\n\t\t\t\t\t\t<div class=\"elementor-element elementor-element-8b82038 elementor-widget elementor-widget-spacer\" data-id=\"8b82038\" data-element_type=\"widget\" data-e-type=\"widget\" data-widget_type=\"spacer.default\">\n\t\t\t\t<div class=\"elementor-widget-container\">\n\t\t\t\t\t\t\t<div class=\"elementor-spacer\">\n\t\t\t<div class=\"elementor-spacer-inner\"><\/div>\n\t\t<\/div>\n\t\t\t\t\t\t<\/div>\n\t\t\t\t<\/div>\n\t\t\t\t\t<\/div>\n\t\t<\/div>\n\t\t\t\t<div class=\"elementor-column elementor-col-33 elementor-inner-column elementor-element elementor-element-78886cd\" data-id=\"78886cd\" data-element_type=\"column\" data-e-type=\"column\">\n\t\t\t<div class=\"elementor-widget-wrap elementor-element-populated\">\n\t\t\t\t\t\t<div class=\"elementor-element elementor-element-811927b elementor-widget elementor-widget-image\" data-id=\"811927b\" data-element_type=\"widget\" data-e-type=\"widget\" data-widget_type=\"image.default\">\n\t\t\t\t<div class=\"elementor-widget-container\">\n\t\t\t\t\t\t\t\t\t\t\t\t\t\t\t<img decoding=\"async\" width=\"200\" height=\"149\" src=\"https:\/\/itx.no\/wp-content\/uploads\/2023\/02\/musikk.png\" class=\"attachment-large size-large wp-image-4245\" alt=\"\" \/>\t\t\t\t\t\t\t\t\t\t\t\t\t\t\t<\/div>\n\t\t\t\t<\/div>\n\t\t\t\t\t<\/div>\n\t\t<\/div>\n\t\t\t\t<div class=\"elementor-column elementor-col-33 elementor-inner-column elementor-element elementor-element-9538db1\" data-id=\"9538db1\" data-element_type=\"column\" data-e-type=\"column\">\n\t\t\t<div class=\"elementor-widget-wrap elementor-element-populated\">\n\t\t\t\t\t\t<div class=\"elementor-element elementor-element-7000950 elementor-widget elementor-widget-spacer\" data-id=\"7000950\" data-element_type=\"widget\" data-e-type=\"widget\" data-widget_type=\"spacer.default\">\n\t\t\t\t<div class=\"elementor-widget-container\">\n\t\t\t\t\t\t\t<div class=\"elementor-spacer\">\n\t\t\t<div class=\"elementor-spacer-inner\"><\/div>\n\t\t<\/div>\n\t\t\t\t\t\t<\/div>\n\t\t\t\t<\/div>\n\t\t\t\t\t<\/div>\n\t\t<\/div>\n\t\t\t\t\t<\/div>\n\t\t<\/section>\n\t\t\t\t\t<\/div>\n\t\t<\/div>\n\t\t\t\t\t<\/div>\n\t\t<\/section>\n\t\t\t\t<section class=\"elementor-section elementor-top-section elementor-element elementor-element-d406e5a elementor-section-boxed elementor-section-height-default elementor-section-height-default\" data-id=\"d406e5a\" data-element_type=\"section\" data-e-type=\"section\">\n\t\t\t\t\t\t<div class=\"elementor-container elementor-column-gap-default\">\n\t\t\t\t\t<div class=\"elementor-column elementor-col-100 elementor-top-column elementor-element elementor-element-fc9bdbe\" data-id=\"fc9bdbe\" data-element_type=\"column\" data-e-type=\"column\">\n\t\t\t<div class=\"elementor-widget-wrap elementor-element-populated\">\n\t\t\t\t\t\t<div class=\"elementor-element elementor-element-dc9124d elementor-widget elementor-widget-text-editor\" data-id=\"dc9124d\" data-element_type=\"widget\" data-e-type=\"widget\" data-widget_type=\"text-editor.default\">\n\t\t\t\t<div class=\"elementor-widget-container\">\n\t\t\t\t\t\t\t\t\t<p><span style=\"font-weight: 400;\">Musikkundervisningen Norge AS &#8211; Muno er til for \u00e5 hjelpe s\u00e5 mange som mulig med \u00e5 utvikle trygghet og glede for musisering. For \u00e5 n\u00e5 ut til flest mulig potensielle musikalske sjeler og f\u00f8lge opp elever over det ganske land har samarbeidet med ITX v\u00e6rt sentralt.\u00a0\u00a0<\/span><\/p>\t\t\t\t\t\t\t\t<\/div>\n\t\t\t\t<\/div>\n\t\t\t\t\t<\/div>\n\t\t<\/div>\n\t\t\t\t\t<\/div>\n\t\t<\/section>\n\t\t\t\t<section class=\"elementor-section elementor-top-section elementor-element elementor-element-6a4427c elementor-section-content-middle elementor-section-stretched elementor-section-boxed elementor-section-height-default elementor-section-height-default\" data-id=\"6a4427c\" data-element_type=\"section\" data-e-type=\"section\" data-settings=\"{&quot;stretch_section&quot;:&quot;section-stretched&quot;,&quot;background_background&quot;:&quot;classic&quot;}\">\n\t\t\t\t\t\t<div class=\"elementor-container elementor-column-gap-no\">\n\t\t\t\t\t<div class=\"elementor-column elementor-col-33 elementor-top-column elementor-element elementor-element-09adf86\" data-id=\"09adf86\" data-element_type=\"column\" data-e-type=\"column\">\n\t\t\t<div class=\"elementor-widget-wrap elementor-element-populated\">\n\t\t\t\t\t\t<div class=\"elementor-element elementor-element-824f87c elementor-widget elementor-widget-image\" data-id=\"824f87c\" data-element_type=\"widget\" data-e-type=\"widget\" data-widget_type=\"image.default\">\n\t\t\t\t<div class=\"elementor-widget-container\">\n\t\t\t\t\t\t\t\t\t\t\t\t\t\t\t<img fetchpriority=\"high\" decoding=\"async\" width=\"200\" height=\"300\" src=\"https:\/\/itx.no\/wp-content\/uploads\/2023\/02\/ole.jpg\" class=\"attachment-full size-full wp-image-4243\" alt=\"\" \/>\t\t\t\t\t\t\t\t\t\t\t\t\t\t\t<\/div>\n\t\t\t\t<\/div>\n\t\t\t\t\t<\/div>\n\t\t<\/div>\n\t\t\t\t<div class=\"elementor-column elementor-col-66 elementor-top-column elementor-element elementor-element-1709fd3\" data-id=\"1709fd3\" data-element_type=\"column\" data-e-type=\"column\">\n\t\t\t<div class=\"elementor-widget-wrap elementor-element-populated\">\n\t\t\t\t\t\t<div class=\"elementor-element elementor-element-8c20763 elementor-view-default elementor-widget elementor-widget-icon\" data-id=\"8c20763\" data-element_type=\"widget\" data-e-type=\"widget\" data-widget_type=\"icon.default\">\n\t\t\t\t<div class=\"elementor-widget-container\">\n\t\t\t\t\t\t\t<div class=\"elementor-icon-wrapper\">\n\t\t\t<div class=\"elementor-icon\">\n\t\t\t\t\t\t\t<i class=\"fa fa-quote-left\" aria-hidden=\"true\"><\/i>\n\t\t\t\t\t\t<\/div>\n\t\t<\/div>\n\t\t\t\t\t\t<\/div>\n\t\t\t\t<\/div>\n\t\t\t\t<div class=\"elementor-element elementor-element-ade0e66 elementor-widget elementor-widget-text-editor\" data-id=\"ade0e66\" data-element_type=\"widget\" data-e-type=\"widget\" data-widget_type=\"text-editor.default\">\n\t\t\t\t<div class=\"elementor-widget-container\">\n\t\t\t\t\t\t\t\t\t<p>\u00ab<i>Det er utrolig tilfredsstillende \u00e5 jobbe med en leverand\u00f8r som er opptatt av \u00e5 finne l\u00f8sninger som fungerer for OSS<\/i>\u00bb<\/p>\t\t\t\t\t\t\t\t<\/div>\n\t\t\t\t<\/div>\n\t\t\t\t<div class=\"elementor-element elementor-element-de0adff elementor-widget elementor-widget-heading\" data-id=\"de0adff\" data-element_type=\"widget\" data-e-type=\"widget\" data-widget_type=\"heading.default\">\n\t\t\t\t<div class=\"elementor-widget-container\">\n\t\t\t\t\t<h2 class=\"elementor-heading-title elementor-size-default\">Ola H\u00e5kon Svendsen\n<\/h2>\t\t\t\t<\/div>\n\t\t\t\t<\/div>\n\t\t\t\t<div class=\"elementor-element elementor-element-6995703 elementor-widget elementor-widget-heading\" data-id=\"6995703\" data-element_type=\"widget\" data-e-type=\"widget\" data-widget_type=\"heading.default\">\n\t\t\t\t<div class=\"elementor-widget-container\">\n\t\t\t\t\t<h2 class=\"elementor-heading-title elementor-size-default\">Drifts- og logistikkansvarlig\n\n<\/h2>\t\t\t\t<\/div>\n\t\t\t\t<\/div>\n\t\t\t\t\t<\/div>\n\t\t<\/div>\n\t\t\t\t\t<\/div>\n\t\t<\/section>\n\t\t\t\t<section class=\"elementor-section elementor-top-section elementor-element elementor-element-08eeb42 elementor-section-boxed elementor-section-height-default elementor-section-height-default\" data-id=\"08eeb42\" data-element_type=\"section\" data-e-type=\"section\">\n\t\t\t\t\t\t<div class=\"elementor-container elementor-column-gap-default\">\n\t\t\t\t\t<div class=\"elementor-column elementor-col-100 elementor-top-column elementor-element elementor-element-27dea1d\" data-id=\"27dea1d\" data-element_type=\"column\" data-e-type=\"column\">\n\t\t\t<div class=\"elementor-widget-wrap elementor-element-populated\">\n\t\t\t\t\t\t<div class=\"elementor-element elementor-element-702da37 elementor-widget elementor-widget-text-editor\" data-id=\"702da37\" data-element_type=\"widget\" data-e-type=\"widget\" data-widget_type=\"text-editor.default\">\n\t\t\t\t<div class=\"elementor-widget-container\">\n\t\t\t\t\t\t\t\t\t<p><b>Effektivisering av utg\u00e5ende kundekontakt<\/b><\/p><p><span style=\"font-weight: 400;\">Musikkundervisningen hadde utviklet en god struktur for leadsgenerering og markedsaktiviteter i HubSpot, men hadde en stor utfordring rundt telefoni, f\u00e5 automatisert arbeidsstr\u00f8mmer for utg\u00e5ende kontakt og salg, og \u00f8nsket \u00e5 styrke l\u00f8sningen ogs\u00e5 for kundeserviceteamet.<\/span><\/p><p><span style=\"font-weight: 400;\">L\u00f8sningen ble \u00e5 bygge automatiserte prosesser og tett integrere ITX i Hubspot.<\/span><\/p><p><img decoding=\"async\" class=\"aligncenter wp-image-4253 size-full\" src=\"https:\/\/itx.no\/wp-content\/uploads\/2023\/02\/hubspot_itx_artikkel.png\" alt=\"\" width=\"1463\" height=\"881\" srcset=\"https:\/\/itx.no\/wp-content\/uploads\/2023\/02\/hubspot_itx_artikkel.png 1463w, https:\/\/itx.no\/wp-content\/uploads\/2023\/02\/hubspot_itx_artikkel-300x181.png 300w, https:\/\/itx.no\/wp-content\/uploads\/2023\/02\/hubspot_itx_artikkel-1024x617.png 1024w, https:\/\/itx.no\/wp-content\/uploads\/2023\/02\/hubspot_itx_artikkel-768x462.png 768w\" sizes=\"(max-width: 1463px) 100vw, 1463px\" \/><\/p>\t\t\t\t\t\t\t\t<\/div>\n\t\t\t\t<\/div>\n\t\t\t\t\t<\/div>\n\t\t<\/div>\n\t\t\t\t\t<\/div>\n\t\t<\/section>\n\t\t\t\t<section class=\"elementor-section elementor-top-section elementor-element elementor-element-3ed64ad elementor-section-boxed elementor-section-height-default elementor-section-height-default\" data-id=\"3ed64ad\" data-element_type=\"section\" data-e-type=\"section\">\n\t\t\t\t\t\t<div class=\"elementor-container elementor-column-gap-default\">\n\t\t\t\t\t<div class=\"elementor-column elementor-col-100 elementor-top-column elementor-element elementor-element-f0c67e4\" data-id=\"f0c67e4\" data-element_type=\"column\" data-e-type=\"column\">\n\t\t\t<div class=\"elementor-widget-wrap elementor-element-populated\">\n\t\t\t\t\t\t<div class=\"elementor-element elementor-element-a5b040a elementor-widget elementor-widget-text-editor\" data-id=\"a5b040a\" data-element_type=\"widget\" data-e-type=\"widget\" data-widget_type=\"text-editor.default\">\n\t\t\t\t<div class=\"elementor-widget-container\">\n\t\t\t\t\t\t\t\t\t<p><strong>Muno har beskrevet sitt samarbeid med ITX, les hele uttalelsen ufiltrert under;&nbsp;<\/strong><\/p>\n<p><i><span style=\"font-weight: 400;\">\u201cVi i Musikkundervisningen Norge AS har brukt ITX som ringesystem siden 2020. F\u00f8r det ringte vi kunder en og en, og det var en stor forbedring for v\u00e5r kundekontakt n\u00e5r b\u00e5de salg- og kundeserviceteamet v\u00e5rt kunne bruke et felles ringesystem som dette.<\/span><\/i><\/p>\n<p><i><span style=\"font-weight: 400;\">Sommeren 2021 endret vi ogs\u00e5 v\u00e5rt CRMsystem til Hubspot \u2013 og vi har sammen med ITX ila h\u00f8sten 2022 gjort endringer i denne riggen som virkelig har revolusjonert hvordan vi har kunnet jobbe mot v\u00e5re potensielle og eksisterende kunder. Tidligere brukte salgsteamet mye tid p\u00e5 manuelle prosesser og daglige importer av excellister og slike ting. Fra \u00e5 bruke outlook og epostmottak som v\u00e5r prim\u00e6re kanal for leadsh\u00e5ndtering, har vi n\u00e5 skjemaer og annonser som gj\u00f8r at potensielle kunder som melder interesse, automatisk blir registrert i CRM-systemet v\u00e5rt. I CRM systemet har vi satt opp lister som fanger opp disse prospektene og automatisk synkroniserer potensielle kunder inn til ringeoppdrag i ITX, slik at salgsteamet ikke trenger \u00e5 finne frem prospekter og leads p\u00e5 samme m\u00e5te som f\u00f8r \u2013 de ligger allerede klare og oppdatert til enhver tid i ITX.<\/span><\/i><\/p>\n<p><i><span style=\"font-weight: 400;\">Kundeserviceteamet v\u00e5rt har hatt utfordringer knyttet til l\u00f8pende h\u00e5ndtering av SMS, men ITX har v\u00e6rt lydh\u00f8r for dette, og laget et system som gj\u00f8r at alle smser mottas som tickets i det nye CRMsystemet, og dermed kan knyttes til riktig kunde med en gang for best mulig oversikt.<\/span><\/i><\/p>\n<p><i><span style=\"font-weight: 400;\">&nbsp;<\/span><\/i><i><span style=\"font-weight: 400;\">Integrasjonen ITX har laget mot v\u00e5rt nye CRM har v\u00e6rt kjempeviktig for \u00e5 kunne forbedre arbeidsflyten og s\u00f8rge for at vi kan hjelpe b\u00e5de gamle og nye kunder s\u00e5 fort som mulig.<\/span><\/i><\/p>\n<p><i><span style=\"font-weight: 400;\">Det har v\u00e6rt en veldig spennende og givende prosess \u00e5 kunne samarbeide med ITX om \u00e5 sette opp denne l\u00f8sningen. De har v\u00e6rt lyttende overfor v\u00e5re behov og v\u00e5rt user case, og v\u00e6rt raske p\u00e5 \u00e5 kunne gi support og gj\u00f8re evt justeringer basert p\u00e5 v\u00e5re behov.<\/span><\/i><\/p>\n<p><i><span style=\"font-weight: 400;\">Det er utrolig tilfredsstillende \u00e5 jobbe med en leverand\u00f8r som er opptatt av \u00e5 finne l\u00f8sninger som fungerer for OSS, og som ikke har en un\u00f8dvendig lang kommunikasjonsvei fra oss som har behovet \u2013 til de som faktisk jobber med \u00e5 finne en l\u00f8sning p\u00e5 dette behovet.\u201d<\/span><\/i><\/p><p><span style=\"background-color: var(--nv-site-bg); color: var(--nv-text-color); font-family: Poppins, var(--nv-fallback-ff); letter-spacing: 0px;\"><i>&#8211;&nbsp;<\/i>Ole H\u00e5kon Svendsen, Musikkundervisningen Norge AS<\/span><\/p>\t\t\t\t\t\t\t\t<\/div>\n\t\t\t\t<\/div>\n\t\t\t\t\t<\/div>\n\t\t<\/div>\n\t\t\t\t\t<\/div>\n\t\t<\/section>\n\t\t\t\t<\/div>\n\t\t","protected":false},"excerpt":{"rendered":"<p>\u201cEn mer musikalsk verden, er en lykkeligere verden!&#8221; Musikkundervisningen Norge AS &#8211; Muno er til for \u00e5 hjelpe s\u00e5 mange som mulig med \u00e5 utvikle trygghet og glede for musisering. For \u00e5 n\u00e5 ut til flest mulig potensielle musikalske sjeler og f\u00f8lge opp elever over det ganske land har samarbeidet med ITX v\u00e6rt sentralt.\u00a0\u00a0 \u00abDet&hellip;&nbsp;<a href=\"https:\/\/itx.no\/en\/en-mer-musikalsk-verden-er-en-lykkeligere-verden\/\" rel=\"bookmark\">Read More &raquo;<span class=\"screen-reader-text\"><strong>En mer musikalsk verden, er en lykkeligere verden!<\/strong><\/span><\/a><\/p>\n","protected":false},"author":3,"featured_media":0,"parent":0,"menu_order":0,"comment_status":"closed","ping_status":"closed","template":"page-templates\/template-pagebuilder-full-width.php","meta":{"_eb_attr":"","_monsterinsights_skip_tracking":false,"_monsterinsights_sitenote_active":false,"_monsterinsights_sitenote_note":"","_monsterinsights_sitenote_category":0,"neve_meta_sidebar":"full-width","neve_meta_container":"","neve_meta_enable_content_width":"on","neve_meta_content_width":100,"neve_meta_title_alignment":"","neve_meta_author_avatar":"","neve_post_elements_order":"","neve_meta_disable_header":"","neve_meta_disable_footer":"","neve_meta_disable_title":"","footnotes":""},"class_list":["post-4239","page","type-page","status-publish","hentry"],"yoast_head":"<!-- This site is optimized with the Yoast SEO Premium plugin v27.4 (Yoast SEO v27.5) - https:\/\/yoast.com\/product\/yoast-seo-premium-wordpress\/ -->\n<title>En mer musikalsk verden, er en lykkeligere verden! - ITX - Leverand\u00f8r av skybasert kontaktsenterl\u00f8sning<\/title>\n<meta name=\"robots\" content=\"index, follow, max-snippet:-1, max-image-preview:large, max-video-preview:-1\" \/>\n<link rel=\"canonical\" href=\"https:\/\/itx.no\/en-mer-musikalsk-verden-er-en-lykkeligere-verden\/\" \/>\n<meta property=\"og:locale\" content=\"en_US\" \/>\n<meta property=\"og:type\" content=\"article\" \/>\n<meta property=\"og:title\" content=\"En mer musikalsk verden, er en lykkeligere verden!\" \/>\n<meta property=\"og:description\" content=\"\u201cEn mer musikalsk verden, er en lykkeligere verden!&#8221; Musikkundervisningen Norge AS &#8211; Muno er til for \u00e5 hjelpe s\u00e5 mange som mulig med \u00e5 utvikle trygghet og glede for musisering. For \u00e5 n\u00e5 ut til flest mulig potensielle musikalske sjeler og f\u00f8lge opp elever over det ganske land har samarbeidet med ITX v\u00e6rt sentralt.\u00a0\u00a0 \u00abDet&hellip;&nbsp;Read More &raquo;En mer musikalsk verden, er en lykkeligere verden!\" \/>\n<meta property=\"og:url\" content=\"https:\/\/itx.no\/en-mer-musikalsk-verden-er-en-lykkeligere-verden\/\" \/>\n<meta property=\"og:site_name\" content=\"ITX - Leverand\u00f8r av skybasert kontaktsenterl\u00f8sning\" \/>\n<meta property=\"article:publisher\" content=\"https:\/\/www.facebook.com\/itxnorge\" \/>\n<meta property=\"article:modified_time\" content=\"2023-02-22T17:17:26+00:00\" \/>\n<meta property=\"og:image\" content=\"https:\/\/itx.no\/wp-content\/uploads\/2023\/02\/musikk.png\" \/>\n<meta name=\"twitter:card\" content=\"summary_large_image\" \/>\n<meta name=\"twitter:label1\" content=\"Est. reading time\" \/>\n\t<meta name=\"twitter:data1\" content=\"4 minutes\" \/>\n<script type=\"application\/ld+json\" class=\"yoast-schema-graph\">{\"@context\":\"https:\\\/\\\/schema.org\",\"@graph\":[{\"@type\":\"WebPage\",\"@id\":\"https:\\\/\\\/itx.no\\\/en-mer-musikalsk-verden-er-en-lykkeligere-verden\\\/\",\"url\":\"https:\\\/\\\/itx.no\\\/en-mer-musikalsk-verden-er-en-lykkeligere-verden\\\/\",\"name\":\"En mer musikalsk verden, er en lykkeligere verden! - ITX - Leverand\u00f8r av skybasert kontaktsenterl\u00f8sning\",\"isPartOf\":{\"@id\":\"https:\\\/\\\/itx.no\\\/#website\"},\"primaryImageOfPage\":{\"@id\":\"https:\\\/\\\/itx.no\\\/en-mer-musikalsk-verden-er-en-lykkeligere-verden\\\/#primaryimage\"},\"image\":{\"@id\":\"https:\\\/\\\/itx.no\\\/en-mer-musikalsk-verden-er-en-lykkeligere-verden\\\/#primaryimage\"},\"thumbnailUrl\":\"https:\\\/\\\/itx.no\\\/wp-content\\\/uploads\\\/2023\\\/02\\\/musikk.png\",\"datePublished\":\"2023-02-21T16:24:23+00:00\",\"dateModified\":\"2023-02-22T17:17:26+00:00\",\"breadcrumb\":{\"@id\":\"https:\\\/\\\/itx.no\\\/en-mer-musikalsk-verden-er-en-lykkeligere-verden\\\/#breadcrumb\"},\"inLanguage\":\"en-US\",\"potentialAction\":[{\"@type\":\"ReadAction\",\"target\":[\"https:\\\/\\\/itx.no\\\/en-mer-musikalsk-verden-er-en-lykkeligere-verden\\\/\"]}]},{\"@type\":\"ImageObject\",\"inLanguage\":\"en-US\",\"@id\":\"https:\\\/\\\/itx.no\\\/en-mer-musikalsk-verden-er-en-lykkeligere-verden\\\/#primaryimage\",\"url\":\"https:\\\/\\\/itx.no\\\/wp-content\\\/uploads\\\/2023\\\/02\\\/musikk.png\",\"contentUrl\":\"https:\\\/\\\/itx.no\\\/wp-content\\\/uploads\\\/2023\\\/02\\\/musikk.png\"},{\"@type\":\"BreadcrumbList\",\"@id\":\"https:\\\/\\\/itx.no\\\/en-mer-musikalsk-verden-er-en-lykkeligere-verden\\\/#breadcrumb\",\"itemListElement\":[{\"@type\":\"ListItem\",\"position\":1,\"name\":\"Hjem\",\"item\":\"https:\\\/\\\/itx.no\\\/\"},{\"@type\":\"ListItem\",\"position\":2,\"name\":\"En mer musikalsk verden, er en lykkeligere verden!\"}]},{\"@type\":\"WebSite\",\"@id\":\"https:\\\/\\\/itx.no\\\/#website\",\"url\":\"https:\\\/\\\/itx.no\\\/\",\"name\":\"ITX - Leverand\u00f8r av skybasert kontaktsenterl\u00f8sning\",\"description\":\"Gj\u00f8r kommunikasjon enkelt\",\"publisher\":{\"@id\":\"https:\\\/\\\/itx.no\\\/#organization\"},\"potentialAction\":[{\"@type\":\"SearchAction\",\"target\":{\"@type\":\"EntryPoint\",\"urlTemplate\":\"https:\\\/\\\/itx.no\\\/?s={search_term_string}\"},\"query-input\":{\"@type\":\"PropertyValueSpecification\",\"valueRequired\":true,\"valueName\":\"search_term_string\"}}],\"inLanguage\":\"en-US\"},{\"@type\":\"Organization\",\"@id\":\"https:\\\/\\\/itx.no\\\/#organization\",\"name\":\"ITX - Leverand\u00f8r av skybasert kontaktsenterl\u00f8sning\",\"url\":\"https:\\\/\\\/itx.no\\\/\",\"logo\":{\"@type\":\"ImageObject\",\"inLanguage\":\"en-US\",\"@id\":\"https:\\\/\\\/itx.no\\\/#\\\/schema\\\/logo\\\/image\\\/\",\"url\":\"https:\\\/\\\/itx.no\\\/wp-content\\\/uploads\\\/2021\\\/04\\\/ITX_Positive_RGB_900_smal.png\",\"contentUrl\":\"https:\\\/\\\/itx.no\\\/wp-content\\\/uploads\\\/2021\\\/04\\\/ITX_Positive_RGB_900_smal.png\",\"width\":899,\"height\":362,\"caption\":\"ITX - Leverand\u00f8r av skybasert kontaktsenterl\u00f8sning\"},\"image\":{\"@id\":\"https:\\\/\\\/itx.no\\\/#\\\/schema\\\/logo\\\/image\\\/\"},\"sameAs\":[\"https:\\\/\\\/www.facebook.com\\\/itxnorge\",\"https:\\\/\\\/www.linkedin.com\\\/company\\\/itx-norge-as\\\/\"]}]}<\/script>\n<!-- \/ Yoast SEO Premium plugin. -->","yoast_head_json":{"title":"En mer musikalsk verden, er en lykkeligere verden! - ITX - Leverand\u00f8r av skybasert kontaktsenterl\u00f8sning","robots":{"index":"index","follow":"follow","max-snippet":"max-snippet:-1","max-image-preview":"max-image-preview:large","max-video-preview":"max-video-preview:-1"},"canonical":"https:\/\/itx.no\/en-mer-musikalsk-verden-er-en-lykkeligere-verden\/","og_locale":"en_US","og_type":"article","og_title":"En mer musikalsk verden, er en lykkeligere verden!","og_description":"\u201cEn mer musikalsk verden, er en lykkeligere verden!&#8221; Musikkundervisningen Norge AS &#8211; Muno er til for \u00e5 hjelpe s\u00e5 mange som mulig med \u00e5 utvikle trygghet og glede for musisering. For \u00e5 n\u00e5 ut til flest mulig potensielle musikalske sjeler og f\u00f8lge opp elever over det ganske land har samarbeidet med ITX v\u00e6rt sentralt.\u00a0\u00a0 \u00abDet&hellip;&nbsp;Read More &raquo;En mer musikalsk verden, er en lykkeligere verden!","og_url":"https:\/\/itx.no\/en-mer-musikalsk-verden-er-en-lykkeligere-verden\/","og_site_name":"ITX - Leverand\u00f8r av skybasert kontaktsenterl\u00f8sning","article_publisher":"https:\/\/www.facebook.com\/itxnorge","article_modified_time":"2023-02-22T17:17:26+00:00","og_image":[{"url":"https:\/\/itx.no\/wp-content\/uploads\/2023\/02\/musikk.png","type":"","width":"","height":""}],"twitter_card":"summary_large_image","twitter_misc":{"Est. reading time":"4 minutes"},"schema":{"@context":"https:\/\/schema.org","@graph":[{"@type":"WebPage","@id":"https:\/\/itx.no\/en-mer-musikalsk-verden-er-en-lykkeligere-verden\/","url":"https:\/\/itx.no\/en-mer-musikalsk-verden-er-en-lykkeligere-verden\/","name":"En mer musikalsk verden, er en lykkeligere verden! - ITX - Leverand\u00f8r av skybasert kontaktsenterl\u00f8sning","isPartOf":{"@id":"https:\/\/itx.no\/#website"},"primaryImageOfPage":{"@id":"https:\/\/itx.no\/en-mer-musikalsk-verden-er-en-lykkeligere-verden\/#primaryimage"},"image":{"@id":"https:\/\/itx.no\/en-mer-musikalsk-verden-er-en-lykkeligere-verden\/#primaryimage"},"thumbnailUrl":"https:\/\/itx.no\/wp-content\/uploads\/2023\/02\/musikk.png","datePublished":"2023-02-21T16:24:23+00:00","dateModified":"2023-02-22T17:17:26+00:00","breadcrumb":{"@id":"https:\/\/itx.no\/en-mer-musikalsk-verden-er-en-lykkeligere-verden\/#breadcrumb"},"inLanguage":"en-US","potentialAction":[{"@type":"ReadAction","target":["https:\/\/itx.no\/en-mer-musikalsk-verden-er-en-lykkeligere-verden\/"]}]},{"@type":"ImageObject","inLanguage":"en-US","@id":"https:\/\/itx.no\/en-mer-musikalsk-verden-er-en-lykkeligere-verden\/#primaryimage","url":"https:\/\/itx.no\/wp-content\/uploads\/2023\/02\/musikk.png","contentUrl":"https:\/\/itx.no\/wp-content\/uploads\/2023\/02\/musikk.png"},{"@type":"BreadcrumbList","@id":"https:\/\/itx.no\/en-mer-musikalsk-verden-er-en-lykkeligere-verden\/#breadcrumb","itemListElement":[{"@type":"ListItem","position":1,"name":"Hjem","item":"https:\/\/itx.no\/"},{"@type":"ListItem","position":2,"name":"En mer musikalsk verden, er en lykkeligere verden!"}]},{"@type":"WebSite","@id":"https:\/\/itx.no\/#website","url":"https:\/\/itx.no\/","name":"ITX - Leverand\u00f8r av skybasert kontaktsenterl\u00f8sning","description":"Gj\u00f8r kommunikasjon enkelt","publisher":{"@id":"https:\/\/itx.no\/#organization"},"potentialAction":[{"@type":"SearchAction","target":{"@type":"EntryPoint","urlTemplate":"https:\/\/itx.no\/?s={search_term_string}"},"query-input":{"@type":"PropertyValueSpecification","valueRequired":true,"valueName":"search_term_string"}}],"inLanguage":"en-US"},{"@type":"Organization","@id":"https:\/\/itx.no\/#organization","name":"ITX - Leverand\u00f8r av skybasert kontaktsenterl\u00f8sning","url":"https:\/\/itx.no\/","logo":{"@type":"ImageObject","inLanguage":"en-US","@id":"https:\/\/itx.no\/#\/schema\/logo\/image\/","url":"https:\/\/itx.no\/wp-content\/uploads\/2021\/04\/ITX_Positive_RGB_900_smal.png","contentUrl":"https:\/\/itx.no\/wp-content\/uploads\/2021\/04\/ITX_Positive_RGB_900_smal.png","width":899,"height":362,"caption":"ITX - Leverand\u00f8r av skybasert kontaktsenterl\u00f8sning"},"image":{"@id":"https:\/\/itx.no\/#\/schema\/logo\/image\/"},"sameAs":["https:\/\/www.facebook.com\/itxnorge","https:\/\/www.linkedin.com\/company\/itx-norge-as\/"]}]}},"_links":{"self":[{"href":"https:\/\/itx.no\/en\/wp-json\/wp\/v2\/pages\/4239","targetHints":{"allow":["GET"]}}],"collection":[{"href":"https:\/\/itx.no\/en\/wp-json\/wp\/v2\/pages"}],"about":[{"href":"https:\/\/itx.no\/en\/wp-json\/wp\/v2\/types\/page"}],"author":[{"embeddable":true,"href":"https:\/\/itx.no\/en\/wp-json\/wp\/v2\/users\/3"}],"replies":[{"embeddable":true,"href":"https:\/\/itx.no\/en\/wp-json\/wp\/v2\/comments?post=4239"}],"version-history":[{"count":23,"href":"https:\/\/itx.no\/en\/wp-json\/wp\/v2\/pages\/4239\/revisions"}],"predecessor-version":[{"id":4281,"href":"https:\/\/itx.no\/en\/wp-json\/wp\/v2\/pages\/4239\/revisions\/4281"}],"wp:attachment":[{"href":"https:\/\/itx.no\/en\/wp-json\/wp\/v2\/media?parent=4239"}],"curies":[{"name":"wp","href":"https:\/\/api.w.org\/{rel}","templated":true}]}}