{"id":1394,"date":"2021-07-15T10:55:51","date_gmt":"2021-07-15T08:55:51","guid":{"rendered":"http:\/\/benedicte2.itx.no\/?page_id=1394"},"modified":"2021-07-20T10:18:12","modified_gmt":"2021-07-20T08:18:12","slug":"evenstad-musikk","status":"publish","type":"page","link":"https:\/\/itx.no\/en\/evenstad-musikk\/","title":{"rendered":"Evenstad Musikk"},"content":{"rendered":"\t\t<div data-elementor-type=\"wp-page\" data-elementor-id=\"1394\" class=\"elementor elementor-1394\" data-elementor-post-type=\"page\">\n\t\t\t\t\t\t<section class=\"elementor-section elementor-top-section elementor-element elementor-element-40ad1fd0 elementor-section-boxed elementor-section-height-default elementor-section-height-default\" data-id=\"40ad1fd0\" data-element_type=\"section\" data-e-type=\"section\">\n\t\t\t\t\t\t<div class=\"elementor-container elementor-column-gap-default\">\n\t\t\t\t\t<div class=\"elementor-column elementor-col-100 elementor-top-column elementor-element elementor-element-338b89c3\" data-id=\"338b89c3\" data-element_type=\"column\" data-e-type=\"column\">\n\t\t\t<div class=\"elementor-widget-wrap elementor-element-populated\">\n\t\t\t\t\t\t<div class=\"elementor-element elementor-element-36a78828 elementor-widget elementor-widget-heading\" data-id=\"36a78828\" data-element_type=\"widget\" data-e-type=\"widget\" data-widget_type=\"heading.default\">\n\t\t\t\t<div class=\"elementor-widget-container\">\n\t\t\t\t\t<h2 class=\"elementor-heading-title elementor-size-default\">Evenstad Musikk om ITX Contact Center integrert med Multicase<\/h2>\t\t\t\t<\/div>\n\t\t\t\t<\/div>\n\t\t\t\t<section class=\"elementor-section elementor-inner-section elementor-element elementor-element-235379f elementor-section-boxed elementor-section-height-default elementor-section-height-default\" data-id=\"235379f\" data-element_type=\"section\" data-e-type=\"section\">\n\t\t\t\t\t\t<div class=\"elementor-container elementor-column-gap-default\">\n\t\t\t\t\t<div class=\"elementor-column elementor-col-33 elementor-inner-column elementor-element elementor-element-b6c31ba\" data-id=\"b6c31ba\" data-element_type=\"column\" data-e-type=\"column\">\n\t\t\t<div class=\"elementor-widget-wrap elementor-element-populated\">\n\t\t\t\t\t\t<div class=\"elementor-element elementor-element-1d195ebc elementor-widget elementor-widget-spacer\" data-id=\"1d195ebc\" data-element_type=\"widget\" data-e-type=\"widget\" data-widget_type=\"spacer.default\">\n\t\t\t\t<div class=\"elementor-widget-container\">\n\t\t\t\t\t\t\t<div class=\"elementor-spacer\">\n\t\t\t<div class=\"elementor-spacer-inner\"><\/div>\n\t\t<\/div>\n\t\t\t\t\t\t<\/div>\n\t\t\t\t<\/div>\n\t\t\t\t\t<\/div>\n\t\t<\/div>\n\t\t\t\t<div class=\"elementor-column elementor-col-33 elementor-inner-column elementor-element elementor-element-5f56dba2\" data-id=\"5f56dba2\" data-element_type=\"column\" data-e-type=\"column\">\n\t\t\t<div class=\"elementor-widget-wrap elementor-element-populated\">\n\t\t\t\t\t\t<div class=\"elementor-element elementor-element-d3bdd65 elementor-widget elementor-widget-image\" data-id=\"d3bdd65\" data-element_type=\"widget\" data-e-type=\"widget\" data-widget_type=\"image.default\">\n\t\t\t\t<div class=\"elementor-widget-container\">\n\t\t\t\t\t\t\t\t\t\t\t\t\t\t\t<img fetchpriority=\"high\" decoding=\"async\" width=\"275\" height=\"200\" src=\"https:\/\/itx.no\/wp-content\/uploads\/2021\/07\/evenstad_musikk.png\" class=\"attachment-large size-large wp-image-1123\" alt=\"\" \/>\t\t\t\t\t\t\t\t\t\t\t\t\t\t\t<\/div>\n\t\t\t\t<\/div>\n\t\t\t\t\t<\/div>\n\t\t<\/div>\n\t\t\t\t<div class=\"elementor-column elementor-col-33 elementor-inner-column elementor-element elementor-element-51e3d259\" data-id=\"51e3d259\" data-element_type=\"column\" data-e-type=\"column\">\n\t\t\t<div class=\"elementor-widget-wrap elementor-element-populated\">\n\t\t\t\t\t\t<div class=\"elementor-element elementor-element-747fdad2 elementor-widget elementor-widget-spacer\" data-id=\"747fdad2\" data-element_type=\"widget\" data-e-type=\"widget\" data-widget_type=\"spacer.default\">\n\t\t\t\t<div class=\"elementor-widget-container\">\n\t\t\t\t\t\t\t<div class=\"elementor-spacer\">\n\t\t\t<div class=\"elementor-spacer-inner\"><\/div>\n\t\t<\/div>\n\t\t\t\t\t\t<\/div>\n\t\t\t\t<\/div>\n\t\t\t\t\t<\/div>\n\t\t<\/div>\n\t\t\t\t\t<\/div>\n\t\t<\/section>\n\t\t\t\t\t<\/div>\n\t\t<\/div>\n\t\t\t\t\t<\/div>\n\t\t<\/section>\n\t\t\t\t<section class=\"elementor-section elementor-top-section elementor-element elementor-element-2de9cd7 elementor-section-stretched elementor-section-boxed elementor-section-height-default elementor-section-height-default\" data-id=\"2de9cd7\" data-element_type=\"section\" data-e-type=\"section\" data-settings=\"{&quot;stretch_section&quot;:&quot;section-stretched&quot;,&quot;background_background&quot;:&quot;classic&quot;}\">\n\t\t\t\t\t\t<div class=\"elementor-container elementor-column-gap-default\">\n\t\t\t\t\t<div class=\"elementor-column elementor-col-100 elementor-top-column elementor-element elementor-element-e8eb101\" data-id=\"e8eb101\" data-element_type=\"column\" data-e-type=\"column\">\n\t\t\t<div class=\"elementor-widget-wrap elementor-element-populated\">\n\t\t\t\t\t\t<div class=\"elementor-element elementor-element-b1059d8 elementor-widget elementor-widget-video\" data-id=\"b1059d8\" data-element_type=\"widget\" data-e-type=\"widget\" data-settings=\"{&quot;youtube_url&quot;:&quot;https:\\\/\\\/youtu.be\\\/XI8JoPENROE&quot;,&quot;video_type&quot;:&quot;youtube&quot;,&quot;controls&quot;:&quot;yes&quot;}\" data-widget_type=\"video.default\">\n\t\t\t\t<div class=\"elementor-widget-container\">\n\t\t\t\t\t\t\t<div class=\"elementor-wrapper elementor-open-inline\">\n\t\t\t<div class=\"elementor-video\"><\/div>\t\t<\/div>\n\t\t\t\t\t\t<\/div>\n\t\t\t\t<\/div>\n\t\t\t\t\t<\/div>\n\t\t<\/div>\n\t\t\t\t\t<\/div>\n\t\t<\/section>\n\t\t\t\t<section class=\"elementor-section elementor-top-section elementor-element elementor-element-163207ae elementor-section-stretched elementor-section-boxed elementor-section-height-default elementor-section-height-default\" data-id=\"163207ae\" data-element_type=\"section\" data-e-type=\"section\" data-settings=\"{&quot;background_background&quot;:&quot;classic&quot;,&quot;stretch_section&quot;:&quot;section-stretched&quot;}\">\n\t\t\t\t\t\t<div class=\"elementor-container elementor-column-gap-default\">\n\t\t\t\t\t<div class=\"elementor-column elementor-col-100 elementor-top-column elementor-element elementor-element-482df471\" data-id=\"482df471\" data-element_type=\"column\" data-e-type=\"column\">\n\t\t\t<div class=\"elementor-widget-wrap elementor-element-populated\">\n\t\t\t\t\t\t<div class=\"elementor-element elementor-element-591dc4f8 elementor-widget elementor-widget-text-editor\" data-id=\"591dc4f8\" data-element_type=\"widget\" data-e-type=\"widget\" data-widget_type=\"text-editor.default\">\n\t\t\t\t<div class=\"elementor-widget-container\">\n\t\t\t\t\t\t\t\t\t<p>Evenstad Musikk tilbyr Norges st\u00f8rste utvalg av musikkutstyr gjennom sinn nettbutikk, evenstadmusikk.no, nettbutikk levert av Multicase. Stort utvalg og ellevill vekst f\u00f8rte til at Evenstad Musikk \u00f8nsket \u00e5 profesjonalisere og effektivisere kundesupport.<\/p>\t\t\t\t\t\t\t\t<\/div>\n\t\t\t\t<\/div>\n\t\t\t\t<div class=\"elementor-element elementor-element-40326948 elementor-widget elementor-widget-text-editor\" data-id=\"40326948\" data-element_type=\"widget\" data-e-type=\"widget\" data-widget_type=\"text-editor.default\">\n\t\t\t\t<div class=\"elementor-widget-container\">\n\t\t\t\t\t\t\t\t\t<p>Veien til mer effektiv kundeservice<\/p>\t\t\t\t\t\t\t\t<\/div>\n\t\t\t\t<\/div>\n\t\t\t\t<div class=\"elementor-element elementor-element-4076fcda elementor-widget elementor-widget-text-editor\" data-id=\"4076fcda\" data-element_type=\"widget\" data-e-type=\"widget\" data-widget_type=\"text-editor.default\">\n\t\t\t\t<div class=\"elementor-widget-container\">\n\t\t\t\t\t\t\t\t\t<p>Listen er lang n\u00e5r Geir Magnus Evenstad, daglig leder i Evenstad Musikk forteller om hva som var viktig n\u00e5r de skulle profesjonalisere og effektivisere kundesupport.<\/p>\t\t\t\t\t\t\t\t<\/div>\n\t\t\t\t<\/div>\n\t\t\t\t<div class=\"elementor-element elementor-element-c74009d elementor-icon-list--layout-traditional elementor-list-item-link-full_width elementor-widget elementor-widget-icon-list\" data-id=\"c74009d\" data-element_type=\"widget\" data-e-type=\"widget\" data-widget_type=\"icon-list.default\">\n\t\t\t\t<div class=\"elementor-widget-container\">\n\t\t\t\t\t\t\t<ul class=\"elementor-icon-list-items\">\n\t\t\t\t\t\t\t<li class=\"elementor-icon-list-item\">\n\t\t\t\t\t\t\t\t\t\t\t<span class=\"elementor-icon-list-icon\">\n\t\t\t\t\t\t\t<i aria-hidden=\"true\" class=\"fas fa-chevron-right\"><\/i>\t\t\t\t\t\t<\/span>\n\t\t\t\t\t\t\t\t\t\t<span class=\"elementor-icon-list-text\">Skulle v\u00e6re en helhetlig l\u00f8sning for telefoni, e-post, chat, sosiale medier og SMS<\/span>\n\t\t\t\t\t\t\t\t\t<\/li>\n\t\t\t\t\t\t\t\t<li class=\"elementor-icon-list-item\">\n\t\t\t\t\t\t\t\t\t\t\t<span class=\"elementor-icon-list-icon\">\n\t\t\t\t\t\t\t<i aria-hidden=\"true\" class=\"fas fa-chevron-right\"><\/i>\t\t\t\t\t\t<\/span>\n\t\t\t\t\t\t\t\t\t\t<span class=\"elementor-icon-list-text\">Kommunikasjon skulle lagres p\u00e5 kunden<\/span>\n\t\t\t\t\t\t\t\t\t<\/li>\n\t\t\t\t\t\t\t\t<li class=\"elementor-icon-list-item\">\n\t\t\t\t\t\t\t\t\t\t\t<span class=\"elementor-icon-list-icon\">\n\t\t\t\t\t\t\t<i aria-hidden=\"true\" class=\"fas fa-chevron-right\"><\/i>\t\t\t\t\t\t<\/span>\n\t\t\t\t\t\t\t\t\t\t<span class=\"elementor-icon-list-text\">N\u00e5r kunden tok kontakt, skulle kundebehandler se relevant informasjon fra Multicase, som hva kunden hadde kj\u00f8pt, plukkstatus, spore pakke, se hvem som snakket med kunden sist og \u00e5pne saker<\/span>\n\t\t\t\t\t\t\t\t\t<\/li>\n\t\t\t\t\t\t\t\t<li class=\"elementor-icon-list-item\">\n\t\t\t\t\t\t\t\t\t\t\t<span class=\"elementor-icon-list-icon\">\n\t\t\t\t\t\t\t<i aria-hidden=\"true\" class=\"fas fa-chevron-right\"><\/i>\t\t\t\t\t\t<\/span>\n\t\t\t\t\t\t\t\t\t\t<span class=\"elementor-icon-list-text\">Mulighet til \u00e5 ta med kunden rundt i nettbutikken, p\u00e5 samme m\u00e5te som i en vanlig butikk<\/span>\n\t\t\t\t\t\t\t\t\t<\/li>\n\t\t\t\t\t\t\t\t<li class=\"elementor-icon-list-item\">\n\t\t\t\t\t\t\t\t\t\t\t<span class=\"elementor-icon-list-icon\">\n\t\t\t\t\t\t\t<i aria-hidden=\"true\" class=\"fas fa-chevron-right\"><\/i>\t\t\t\t\t\t<\/span>\n\t\t\t\t\t\t\t\t\t\t<span class=\"elementor-icon-list-text\"> Kundene skulle f\u00e5 personlig service<\/span>\n\t\t\t\t\t\t\t\t\t<\/li>\n\t\t\t\t\t\t\t\t<li class=\"elementor-icon-list-item\">\n\t\t\t\t\t\t\t\t\t\t\t<span class=\"elementor-icon-list-icon\">\n\t\t\t\t\t\t\t<i aria-hidden=\"true\" class=\"fas fa-chevron-right\"><\/i>\t\t\t\t\t\t<\/span>\n\t\t\t\t\t\t\t\t\t\t<span class=\"elementor-icon-list-text\">Skulle kunne m\u00e5le kundetilfredshet<\/span>\n\t\t\t\t\t\t\t\t\t<\/li>\n\t\t\t\t\t\t\t\t<li class=\"elementor-icon-list-item\">\n\t\t\t\t\t\t\t\t\t\t\t<span class=\"elementor-icon-list-icon\">\n\t\t\t\t\t\t\t<i aria-hidden=\"true\" class=\"fas fa-chevron-right\"><\/i>\t\t\t\t\t\t<\/span>\n\t\t\t\t\t\t\t\t\t\t<span class=\"elementor-icon-list-text\">L\u00f8sningen skulle v\u00e6re skybasert og ikke kreve noen installasjon<\/span>\n\t\t\t\t\t\t\t\t\t<\/li>\n\t\t\t\t\t\t<\/ul>\n\t\t\t\t\t\t<\/div>\n\t\t\t\t<\/div>\n\t\t\t\t<div class=\"elementor-element elementor-element-151a5cf8 elementor-widget elementor-widget-text-editor\" data-id=\"151a5cf8\" data-element_type=\"widget\" data-e-type=\"widget\" data-widget_type=\"text-editor.default\">\n\t\t\t\t<div class=\"elementor-widget-container\">\n\t\t\t\t\t\t\t\t\t<p>Evenstad Musikk er n\u00e5 mer tilgjengelig for sine kunder og sparer tid p\u00e5 effektiv kundeservice. Dette er vinn-vinn, b\u00e5de for oss og kunden, sier Geir Magnus Evenstad, daglig leder i Evenstad Musikk.<\/p>\t\t\t\t\t\t\t\t<\/div>\n\t\t\t\t<\/div>\n\t\t\t\t\t<\/div>\n\t\t<\/div>\n\t\t\t\t\t<\/div>\n\t\t<\/section>\n\t\t\t\t<\/div>\n\t\t","protected":false},"excerpt":{"rendered":"<p>Evenstad Musikk om ITX Contact Center integrert med Multicase https:\/\/youtu.be\/XI8JoPENROE Evenstad Musikk tilbyr Norges st\u00f8rste utvalg av musikkutstyr gjennom sinn nettbutikk, evenstadmusikk.no, nettbutikk levert av Multicase. Stort utvalg og ellevill vekst f\u00f8rte til at Evenstad Musikk \u00f8nsket \u00e5 profesjonalisere og effektivisere kundesupport. Veien til mer effektiv kundeservice Listen er lang n\u00e5r Geir Magnus Evenstad, daglig&hellip;&nbsp;<a href=\"https:\/\/itx.no\/en\/evenstad-musikk\/\" rel=\"bookmark\">Read More &raquo;<span class=\"screen-reader-text\">Evenstad Musikk<\/span><\/a><\/p>\n","protected":false},"author":4,"featured_media":0,"parent":0,"menu_order":0,"comment_status":"closed","ping_status":"closed","template":"","meta":{"_eb_attr":"","_monsterinsights_skip_tracking":false,"_monsterinsights_sitenote_active":false,"_monsterinsights_sitenote_note":"","_monsterinsights_sitenote_category":0,"neve_meta_sidebar":"full-width","neve_meta_container":"","neve_meta_enable_content_width":"on","neve_meta_content_width":100,"neve_meta_title_alignment":"","neve_meta_author_avatar":"","neve_post_elements_order":"","neve_meta_disable_header":"","neve_meta_disable_footer":"","neve_meta_disable_title":"on","footnotes":""},"class_list":["post-1394","page","type-page","status-publish","hentry"],"yoast_head":"<!-- This site is optimized with the Yoast SEO Premium plugin v27.3 (Yoast SEO v27.3) - https:\/\/yoast.com\/product\/yoast-seo-premium-wordpress\/ -->\n<title>Evenstad Musikk - ITX - Leverand\u00f8r av skybasert kontaktsenterl\u00f8sning<\/title>\n<meta name=\"robots\" content=\"index, follow, max-snippet:-1, max-image-preview:large, max-video-preview:-1\" \/>\n<link rel=\"canonical\" href=\"https:\/\/itx.no\/evenstad-musikk\/\" \/>\n<meta property=\"og:locale\" content=\"en_US\" \/>\n<meta property=\"og:type\" content=\"article\" \/>\n<meta property=\"og:title\" content=\"Evenstad Musikk\" \/>\n<meta property=\"og:description\" content=\"Evenstad Musikk om ITX Contact Center integrert med Multicase https:\/\/youtu.be\/XI8JoPENROE Evenstad Musikk tilbyr Norges st\u00f8rste utvalg av musikkutstyr gjennom sinn nettbutikk, evenstadmusikk.no, nettbutikk levert av Multicase. Stort utvalg og ellevill vekst f\u00f8rte til at Evenstad Musikk \u00f8nsket \u00e5 profesjonalisere og effektivisere kundesupport. Veien til mer effektiv kundeservice Listen er lang n\u00e5r Geir Magnus Evenstad, daglig&hellip;&nbsp;Read More &raquo;Evenstad Musikk\" \/>\n<meta property=\"og:url\" content=\"https:\/\/itx.no\/evenstad-musikk\/\" \/>\n<meta property=\"og:site_name\" content=\"ITX - Leverand\u00f8r av skybasert kontaktsenterl\u00f8sning\" \/>\n<meta property=\"article:publisher\" content=\"https:\/\/www.facebook.com\/itxnorge\" \/>\n<meta property=\"article:modified_time\" content=\"2021-07-20T08:18:12+00:00\" \/>\n<meta property=\"og:image\" content=\"http:\/\/benedicte2.itx.no\/wp-content\/uploads\/2021\/07\/evenstad_musikk.png\" \/>\n<meta name=\"twitter:card\" content=\"summary_large_image\" \/>\n<meta name=\"twitter:label1\" content=\"Est. reading time\" \/>\n\t<meta name=\"twitter:data1\" content=\"1 minute\" \/>\n<script type=\"application\/ld+json\" class=\"yoast-schema-graph\">{\"@context\":\"https:\\\/\\\/schema.org\",\"@graph\":[{\"@type\":\"WebPage\",\"@id\":\"https:\\\/\\\/itx.no\\\/evenstad-musikk\\\/\",\"url\":\"https:\\\/\\\/itx.no\\\/evenstad-musikk\\\/\",\"name\":\"Evenstad Musikk - ITX - Leverand\u00f8r av skybasert kontaktsenterl\u00f8sning\",\"isPartOf\":{\"@id\":\"https:\\\/\\\/itx.no\\\/#website\"},\"primaryImageOfPage\":{\"@id\":\"https:\\\/\\\/itx.no\\\/evenstad-musikk\\\/#primaryimage\"},\"image\":{\"@id\":\"https:\\\/\\\/itx.no\\\/evenstad-musikk\\\/#primaryimage\"},\"thumbnailUrl\":\"http:\\\/\\\/benedicte2.itx.no\\\/wp-content\\\/uploads\\\/2021\\\/07\\\/evenstad_musikk.png\",\"datePublished\":\"2021-07-15T08:55:51+00:00\",\"dateModified\":\"2021-07-20T08:18:12+00:00\",\"breadcrumb\":{\"@id\":\"https:\\\/\\\/itx.no\\\/evenstad-musikk\\\/#breadcrumb\"},\"inLanguage\":\"en-US\",\"potentialAction\":[{\"@type\":\"ReadAction\",\"target\":[\"https:\\\/\\\/itx.no\\\/evenstad-musikk\\\/\"]}]},{\"@type\":\"ImageObject\",\"inLanguage\":\"en-US\",\"@id\":\"https:\\\/\\\/itx.no\\\/evenstad-musikk\\\/#primaryimage\",\"url\":\"http:\\\/\\\/benedicte2.itx.no\\\/wp-content\\\/uploads\\\/2021\\\/07\\\/evenstad_musikk.png\",\"contentUrl\":\"http:\\\/\\\/benedicte2.itx.no\\\/wp-content\\\/uploads\\\/2021\\\/07\\\/evenstad_musikk.png\"},{\"@type\":\"BreadcrumbList\",\"@id\":\"https:\\\/\\\/itx.no\\\/evenstad-musikk\\\/#breadcrumb\",\"itemListElement\":[{\"@type\":\"ListItem\",\"position\":1,\"name\":\"Hjem\",\"item\":\"https:\\\/\\\/itx.no\\\/\"},{\"@type\":\"ListItem\",\"position\":2,\"name\":\"Evenstad Musikk\"}]},{\"@type\":\"WebSite\",\"@id\":\"https:\\\/\\\/itx.no\\\/#website\",\"url\":\"https:\\\/\\\/itx.no\\\/\",\"name\":\"ITX - Leverand\u00f8r av skybasert kontaktsenterl\u00f8sning\",\"description\":\"Gj\u00f8r kommunikasjon enkelt\",\"publisher\":{\"@id\":\"https:\\\/\\\/itx.no\\\/#organization\"},\"potentialAction\":[{\"@type\":\"SearchAction\",\"target\":{\"@type\":\"EntryPoint\",\"urlTemplate\":\"https:\\\/\\\/itx.no\\\/?s={search_term_string}\"},\"query-input\":{\"@type\":\"PropertyValueSpecification\",\"valueRequired\":true,\"valueName\":\"search_term_string\"}}],\"inLanguage\":\"en-US\"},{\"@type\":\"Organization\",\"@id\":\"https:\\\/\\\/itx.no\\\/#organization\",\"name\":\"ITX - Leverand\u00f8r av skybasert kontaktsenterl\u00f8sning\",\"url\":\"https:\\\/\\\/itx.no\\\/\",\"logo\":{\"@type\":\"ImageObject\",\"inLanguage\":\"en-US\",\"@id\":\"https:\\\/\\\/itx.no\\\/#\\\/schema\\\/logo\\\/image\\\/\",\"url\":\"https:\\\/\\\/itx.no\\\/wp-content\\\/uploads\\\/2021\\\/04\\\/ITX_Positive_RGB_900_smal.png\",\"contentUrl\":\"https:\\\/\\\/itx.no\\\/wp-content\\\/uploads\\\/2021\\\/04\\\/ITX_Positive_RGB_900_smal.png\",\"width\":899,\"height\":362,\"caption\":\"ITX - Leverand\u00f8r av skybasert kontaktsenterl\u00f8sning\"},\"image\":{\"@id\":\"https:\\\/\\\/itx.no\\\/#\\\/schema\\\/logo\\\/image\\\/\"},\"sameAs\":[\"https:\\\/\\\/www.facebook.com\\\/itxnorge\",\"https:\\\/\\\/www.linkedin.com\\\/company\\\/itx-norge-as\\\/\"]}]}<\/script>\n<!-- \/ Yoast SEO Premium plugin. -->","yoast_head_json":{"title":"Evenstad Musikk - ITX - Leverand\u00f8r av skybasert kontaktsenterl\u00f8sning","robots":{"index":"index","follow":"follow","max-snippet":"max-snippet:-1","max-image-preview":"max-image-preview:large","max-video-preview":"max-video-preview:-1"},"canonical":"https:\/\/itx.no\/evenstad-musikk\/","og_locale":"en_US","og_type":"article","og_title":"Evenstad Musikk","og_description":"Evenstad Musikk om ITX Contact Center integrert med Multicase https:\/\/youtu.be\/XI8JoPENROE Evenstad Musikk tilbyr Norges st\u00f8rste utvalg av musikkutstyr gjennom sinn nettbutikk, evenstadmusikk.no, nettbutikk levert av Multicase. Stort utvalg og ellevill vekst f\u00f8rte til at Evenstad Musikk \u00f8nsket \u00e5 profesjonalisere og effektivisere kundesupport. Veien til mer effektiv kundeservice Listen er lang n\u00e5r Geir Magnus Evenstad, daglig&hellip;&nbsp;Read More &raquo;Evenstad Musikk","og_url":"https:\/\/itx.no\/evenstad-musikk\/","og_site_name":"ITX - Leverand\u00f8r av skybasert kontaktsenterl\u00f8sning","article_publisher":"https:\/\/www.facebook.com\/itxnorge","article_modified_time":"2021-07-20T08:18:12+00:00","og_image":[{"url":"http:\/\/benedicte2.itx.no\/wp-content\/uploads\/2021\/07\/evenstad_musikk.png","type":"","width":"","height":""}],"twitter_card":"summary_large_image","twitter_misc":{"Est. reading time":"1 minute"},"schema":{"@context":"https:\/\/schema.org","@graph":[{"@type":"WebPage","@id":"https:\/\/itx.no\/evenstad-musikk\/","url":"https:\/\/itx.no\/evenstad-musikk\/","name":"Evenstad Musikk - ITX - Leverand\u00f8r av skybasert kontaktsenterl\u00f8sning","isPartOf":{"@id":"https:\/\/itx.no\/#website"},"primaryImageOfPage":{"@id":"https:\/\/itx.no\/evenstad-musikk\/#primaryimage"},"image":{"@id":"https:\/\/itx.no\/evenstad-musikk\/#primaryimage"},"thumbnailUrl":"http:\/\/benedicte2.itx.no\/wp-content\/uploads\/2021\/07\/evenstad_musikk.png","datePublished":"2021-07-15T08:55:51+00:00","dateModified":"2021-07-20T08:18:12+00:00","breadcrumb":{"@id":"https:\/\/itx.no\/evenstad-musikk\/#breadcrumb"},"inLanguage":"en-US","potentialAction":[{"@type":"ReadAction","target":["https:\/\/itx.no\/evenstad-musikk\/"]}]},{"@type":"ImageObject","inLanguage":"en-US","@id":"https:\/\/itx.no\/evenstad-musikk\/#primaryimage","url":"http:\/\/benedicte2.itx.no\/wp-content\/uploads\/2021\/07\/evenstad_musikk.png","contentUrl":"http:\/\/benedicte2.itx.no\/wp-content\/uploads\/2021\/07\/evenstad_musikk.png"},{"@type":"BreadcrumbList","@id":"https:\/\/itx.no\/evenstad-musikk\/#breadcrumb","itemListElement":[{"@type":"ListItem","position":1,"name":"Hjem","item":"https:\/\/itx.no\/"},{"@type":"ListItem","position":2,"name":"Evenstad Musikk"}]},{"@type":"WebSite","@id":"https:\/\/itx.no\/#website","url":"https:\/\/itx.no\/","name":"ITX - Leverand\u00f8r av skybasert kontaktsenterl\u00f8sning","description":"Gj\u00f8r kommunikasjon enkelt","publisher":{"@id":"https:\/\/itx.no\/#organization"},"potentialAction":[{"@type":"SearchAction","target":{"@type":"EntryPoint","urlTemplate":"https:\/\/itx.no\/?s={search_term_string}"},"query-input":{"@type":"PropertyValueSpecification","valueRequired":true,"valueName":"search_term_string"}}],"inLanguage":"en-US"},{"@type":"Organization","@id":"https:\/\/itx.no\/#organization","name":"ITX - Leverand\u00f8r av skybasert kontaktsenterl\u00f8sning","url":"https:\/\/itx.no\/","logo":{"@type":"ImageObject","inLanguage":"en-US","@id":"https:\/\/itx.no\/#\/schema\/logo\/image\/","url":"https:\/\/itx.no\/wp-content\/uploads\/2021\/04\/ITX_Positive_RGB_900_smal.png","contentUrl":"https:\/\/itx.no\/wp-content\/uploads\/2021\/04\/ITX_Positive_RGB_900_smal.png","width":899,"height":362,"caption":"ITX - Leverand\u00f8r av skybasert kontaktsenterl\u00f8sning"},"image":{"@id":"https:\/\/itx.no\/#\/schema\/logo\/image\/"},"sameAs":["https:\/\/www.facebook.com\/itxnorge","https:\/\/www.linkedin.com\/company\/itx-norge-as\/"]}]}},"_links":{"self":[{"href":"https:\/\/itx.no\/en\/wp-json\/wp\/v2\/pages\/1394","targetHints":{"allow":["GET"]}}],"collection":[{"href":"https:\/\/itx.no\/en\/wp-json\/wp\/v2\/pages"}],"about":[{"href":"https:\/\/itx.no\/en\/wp-json\/wp\/v2\/types\/page"}],"author":[{"embeddable":true,"href":"https:\/\/itx.no\/en\/wp-json\/wp\/v2\/users\/4"}],"replies":[{"embeddable":true,"href":"https:\/\/itx.no\/en\/wp-json\/wp\/v2\/comments?post=1394"}],"version-history":[{"count":7,"href":"https:\/\/itx.no\/en\/wp-json\/wp\/v2\/pages\/1394\/revisions"}],"predecessor-version":[{"id":2143,"href":"https:\/\/itx.no\/en\/wp-json\/wp\/v2\/pages\/1394\/revisions\/2143"}],"wp:attachment":[{"href":"https:\/\/itx.no\/en\/wp-json\/wp\/v2\/media?parent=1394"}],"curies":[{"name":"wp","href":"https:\/\/api.w.org\/{rel}","templated":true}]}}